{"id":1313,"date":"2023-12-02T21:35:20","date_gmt":"2023-12-02T15:35:20","guid":{"rendered":"https:\/\/utla.edu.sv\/?page_id=1313"},"modified":"2023-12-02T21:36:02","modified_gmt":"2023-12-02T15:36:02","slug":"director-ingenieria-en-sistemas","status":"publish","type":"page","link":"https:\/\/utla.edu.sv\/?page_id=1313","title":{"rendered":"director ingenieria en sistemas"},"content":{"rendered":"\n<p><\/p>\n\n\n\n<div class=\"wp-block-columns is-layout-flex wp-container-core-columns-is-layout-9d6595d7 wp-block-columns-is-layout-flex\">\n<div class=\"wp-block-column is-layout-flow wp-block-column-is-layout-flow\" style=\"flex-basis:33.33%\"><div class=\"wp-block-image\">\n<figure class=\"aligncenter size-full is-resized\"><img fetchpriority=\"high\" decoding=\"async\" width=\"566\" height=\"576\" src=\"http:\/\/utla.edu.sv\/wp-content\/uploads\/2023\/12\/mi-foto-de-perfil-2.png\" alt=\"\" class=\"wp-image-1314\" style=\"width:268px;height:auto\" srcset=\"https:\/\/utla.edu.sv\/wp-content\/uploads\/2023\/12\/mi-foto-de-perfil-2.png 566w, https:\/\/utla.edu.sv\/wp-content\/uploads\/2023\/12\/mi-foto-de-perfil-2-295x300.png 295w\" sizes=\"(max-width: 566px) 100vw, 566px\" \/><\/figure>\n<\/div><\/div>\n\n\n\n<div class=\"wp-block-column is-layout-flow wp-block-column-is-layout-flow\" style=\"flex-basis:66.66%\">\n<h3 class=\"wp-block-heading has-text-align-center\">Ingenier\u00eda en Sistemas y Tecnolog\u00eda de Informaci\u00f3n<\/h3>\n\n\n\n<p>La era actual se caracteriza por el revolucionario desarrollo de las tecnolog\u00edas de la informaci\u00f3n y las comunicaciones y esto ha dado lugar a un nuevo escenario de din\u00e1mica social, denominado \u201csociedad de la informaci\u00f3n y del conocimiento\u201d, que plantea a las Instituciones de Educaci\u00f3n Superior un gran reto: preparar profesionales con liderazgo estrat\u00e9gico, capaces de interrelacionar conocimiento, cultura y tecnolog\u00eda, para ser art\u00edfices proactivos en la soluci\u00f3n de problemas.<br>Es de reconocer que la carrera de Ingenier\u00eda en Sistemas y Tecnolog\u00edas de Informaci\u00f3n es una herramienta imprescindible para el desarrollo de todos los sectores del pa\u00eds, como: agricultura, educaci\u00f3n, salud, comercio, medio ambiente, telecomunicaciones, tecnolog\u00eda de la informaci\u00f3n, entretenimiento, entre otros.<br>Uno de los par\u00e1metros para tener en cuenta cuando se est\u00e1 midiendo el grado de desarrollo de un pa\u00eds, a la luz de los conceptos modernos es su potencialidad y alcances en el \u00e1rea Inform\u00e1tica, lo cual incluye entre otros aspectos: recurso humano, el nivel de sus desarrollos y aplicaciones, capacidad de producir software altamente calificado y recursos en hardware.<\/p>\n\n\n\n<p class=\"has-text-align-center\"><strong>Contacto:   alberto.reyes@utla.edu.sv<\/strong><\/p>\n<\/div>\n<\/div>\n","protected":false},"excerpt":{"rendered":"<p>Ingenier\u00eda en Sistemas y Tecnolog\u00eda de Informaci\u00f3n La era actual se caracteriza por el revolucionario desarrollo de las tecnolog\u00edas de la informaci\u00f3n y las comunicaciones y esto ha dado lugar a un nuevo escenario de din\u00e1mica social, denominado \u201csociedad de la informaci\u00f3n y del conocimiento\u201d, que plantea a las Instituciones de Educaci\u00f3n Superior un gran reto: preparar profesionales con liderazgo estrat\u00e9gico, capaces de interrelacionar conocimiento, cultura y tecnolog\u00eda, para ser art\u00edfices proactivos en la soluci\u00f3n de problemas.Es de reconocer que la carrera de Ingenier\u00eda en Sistemas y Tecnolog\u00edas de Informaci\u00f3n es una herramienta imprescindible para el desarrollo de todos los sectores del pa\u00eds, como: agricultura, educaci\u00f3n, salud, comercio, medio ambiente, telecomunicaciones, tecnolog\u00eda de la informaci\u00f3n, entretenimiento, entre otros.Uno de los par\u00e1metros para tener en cuenta cuando se est\u00e1 midiendo el grado de desarrollo de un pa\u00eds, a la luz de los conceptos modernos es su potencialidad y alcances en el \u00e1rea Inform\u00e1tica, lo cual incluye entre otros aspectos: recurso humano, el nivel de sus desarrollos y aplicaciones, capacidad de producir software altamente calificado y recursos en hardware. Contacto: alberto.reyes@utla.edu.sv<\/p>\n","protected":false},"author":2,"featured_media":0,"parent":0,"menu_order":0,"comment_status":"closed","ping_status":"closed","template":"","meta":{"_monsterinsights_skip_tracking":false,"_monsterinsights_sitenote_active":false,"_monsterinsights_sitenote_note":"","_monsterinsights_sitenote_category":0,"neve_meta_sidebar":"","neve_meta_container":"","neve_meta_enable_content_width":"","neve_meta_content_width":0,"neve_meta_title_alignment":"","neve_meta_author_avatar":"","neve_post_elements_order":"","neve_meta_disable_header":"","neve_meta_disable_footer":"","neve_meta_disable_title":"on","footnotes":""},"class_list":["post-1313","page","type-page","status-publish","hentry"],"_links":{"self":[{"href":"https:\/\/utla.edu.sv\/index.php?rest_route=\/wp\/v2\/pages\/1313","targetHints":{"allow":["GET"]}}],"collection":[{"href":"https:\/\/utla.edu.sv\/index.php?rest_route=\/wp\/v2\/pages"}],"about":[{"href":"https:\/\/utla.edu.sv\/index.php?rest_route=\/wp\/v2\/types\/page"}],"author":[{"embeddable":true,"href":"https:\/\/utla.edu.sv\/index.php?rest_route=\/wp\/v2\/users\/2"}],"replies":[{"embeddable":true,"href":"https:\/\/utla.edu.sv\/index.php?rest_route=%2Fwp%2Fv2%2Fcomments&post=1313"}],"version-history":[{"count":2,"href":"https:\/\/utla.edu.sv\/index.php?rest_route=\/wp\/v2\/pages\/1313\/revisions"}],"predecessor-version":[{"id":1316,"href":"https:\/\/utla.edu.sv\/index.php?rest_route=\/wp\/v2\/pages\/1313\/revisions\/1316"}],"wp:attachment":[{"href":"https:\/\/utla.edu.sv\/index.php?rest_route=%2Fwp%2Fv2%2Fmedia&parent=1313"}],"curies":[{"name":"wp","href":"https:\/\/api.w.org\/{rel}","templated":true}]}}