{"id":146,"date":"2023-05-13T16:18:29","date_gmt":"2023-05-13T16:18:29","guid":{"rendered":"https:\/\/utla.edu.sv\/?page_id=146"},"modified":"2023-05-17T01:13:13","modified_gmt":"2023-05-17T01:13:13","slug":"datos-historicos","status":"publish","type":"page","link":"https:\/\/utla.edu.sv\/?page_id=146","title":{"rendered":"Datos Hist\u00f3ricos"},"content":{"rendered":"\n<figure class=\"wp-block-pullquote\"><blockquote><p>Universidad T\u00e9cnica Latinoamericana<\/p><\/blockquote><\/figure>\n\n\n\n<div class=\"wp-block-columns is-layout-flex wp-container-core-columns-is-layout-9d6595d7 wp-block-columns-is-layout-flex\">\n<div class=\"wp-block-column is-layout-flow wp-block-column-is-layout-flow\">\n<figure class=\"wp-block-image size-large\"><img fetchpriority=\"high\" decoding=\"async\" width=\"1024\" height=\"1024\" src=\"https:\/\/utla.edu.sv\/wp-content\/uploads\/2023\/05\/historia1-1024x1024.jpg\" alt=\"\" class=\"wp-image-148\" srcset=\"https:\/\/utla.edu.sv\/wp-content\/uploads\/2023\/05\/historia1-1024x1024.jpg 1024w, https:\/\/utla.edu.sv\/wp-content\/uploads\/2023\/05\/historia1-300x300.jpg 300w, https:\/\/utla.edu.sv\/wp-content\/uploads\/2023\/05\/historia1-150x150.jpg 150w, https:\/\/utla.edu.sv\/wp-content\/uploads\/2023\/05\/historia1-768x768.jpg 768w, https:\/\/utla.edu.sv\/wp-content\/uploads\/2023\/05\/historia1-1536x1536.jpg 1536w, https:\/\/utla.edu.sv\/wp-content\/uploads\/2023\/05\/historia1-2048x2048.jpg 2048w\" sizes=\"(max-width: 1024px) 100vw, 1024px\" \/><\/figure>\n<\/div>\n\n\n\n<div class=\"wp-block-column is-layout-flow wp-block-column-is-layout-flow\">\n<p>La Universidad fue fundad el primero de mayo de 1981; obtuvo su personer\u00eda jur\u00eddica el 18 de agosto del mismo a\u00f1o, seg\u00fan acuerdo Ejecutivo No. 15-2156, en el Ramo de Educaci\u00f3n.<\/p>\n\n\n\n<p>Se establece en la Ciudad de Santa Tecla, en el Departamento de la Libertad.  Bajo la visi\u00f3n de expresar excelencia acad\u00e9mica y cient\u00edfica, con alto compromiso en la formaci\u00f3n integral de sus estudiantes con 41 a\u00f1os de funcionamiento, se han graduado 1984 estudiantes.  La universidad cuenta con laboratorios especializados de: Qu\u00edmica, Entomolog\u00eda; Mec\u00e1nica, Soldadura, El\u00e9ctrica, Electr\u00f3nica, Mec\u00e1nica de Suelos y Microbiolog\u00eda en el cual se hacen laboratorios multidisciplinarios de Biolog\u00eda, todas las Qu\u00edmicas, F\u00edsicas, Fisiolog\u00eda y otras afines; como tambi\u00e9n se realizan las pr\u00e1cticas de las asignaturas del \u00e1rea de Potencia y del \u00e1rea de Electr\u00f3nica.<\/p>\n<\/div>\n<\/div>\n","protected":false},"excerpt":{"rendered":"<p>Universidad T\u00e9cnica Latinoamericana La Universidad fue fundad el primero de mayo de 1981; obtuvo su personer\u00eda jur\u00eddica el 18 de agosto del mismo a\u00f1o, seg\u00fan acuerdo Ejecutivo No. 15-2156, en el Ramo de Educaci\u00f3n. Se establece en la Ciudad de Santa Tecla, en el Departamento de la Libertad. Bajo la visi\u00f3n de expresar excelencia acad\u00e9mica y cient\u00edfica, con alto compromiso en la formaci\u00f3n integral de sus estudiantes con 41 a\u00f1os de funcionamiento, se han graduado 1984 estudiantes. La universidad cuenta con laboratorios especializados de: Qu\u00edmica, Entomolog\u00eda; Mec\u00e1nica, Soldadura, El\u00e9ctrica, Electr\u00f3nica, Mec\u00e1nica de Suelos y Microbiolog\u00eda en el cual se hacen laboratorios multidisciplinarios de Biolog\u00eda, todas las Qu\u00edmicas, F\u00edsicas, Fisiolog\u00eda y otras afines; como tambi\u00e9n se realizan las pr\u00e1cticas de las asignaturas del \u00e1rea de Potencia y del \u00e1rea de Electr\u00f3nica.<\/p>\n","protected":false},"author":2,"featured_media":0,"parent":0,"menu_order":0,"comment_status":"closed","ping_status":"closed","template":"","meta":{"_monsterinsights_skip_tracking":false,"_monsterinsights_sitenote_active":false,"_monsterinsights_sitenote_note":"","_monsterinsights_sitenote_category":0,"neve_meta_sidebar":"","neve_meta_container":"","neve_meta_enable_content_width":"","neve_meta_content_width":0,"neve_meta_title_alignment":"","neve_meta_author_avatar":"","neve_post_elements_order":"","neve_meta_disable_header":"","neve_meta_disable_footer":"","neve_meta_disable_title":"on","footnotes":""},"class_list":["post-146","page","type-page","status-publish","hentry"],"_links":{"self":[{"href":"https:\/\/utla.edu.sv\/index.php?rest_route=\/wp\/v2\/pages\/146","targetHints":{"allow":["GET"]}}],"collection":[{"href":"https:\/\/utla.edu.sv\/index.php?rest_route=\/wp\/v2\/pages"}],"about":[{"href":"https:\/\/utla.edu.sv\/index.php?rest_route=\/wp\/v2\/types\/page"}],"author":[{"embeddable":true,"href":"https:\/\/utla.edu.sv\/index.php?rest_route=\/wp\/v2\/users\/2"}],"replies":[{"embeddable":true,"href":"https:\/\/utla.edu.sv\/index.php?rest_route=%2Fwp%2Fv2%2Fcomments&post=146"}],"version-history":[{"count":4,"href":"https:\/\/utla.edu.sv\/index.php?rest_route=\/wp\/v2\/pages\/146\/revisions"}],"predecessor-version":[{"id":160,"href":"https:\/\/utla.edu.sv\/index.php?rest_route=\/wp\/v2\/pages\/146\/revisions\/160"}],"wp:attachment":[{"href":"https:\/\/utla.edu.sv\/index.php?rest_route=%2Fwp%2Fv2%2Fmedia&parent=146"}],"curies":[{"name":"wp","href":"https:\/\/api.w.org\/{rel}","templated":true}]}}