{"id":1543,"date":"2024-03-07T06:30:45","date_gmt":"2024-03-07T00:30:45","guid":{"rendered":"https:\/\/utla.edu.sv\/?page_id=1543"},"modified":"2024-03-07T06:34:39","modified_gmt":"2024-03-07T00:34:39","slug":"convenio-2023","status":"publish","type":"page","link":"https:\/\/utla.edu.sv\/?page_id=1543","title":{"rendered":"Convenio 2023"},"content":{"rendered":"\t\t<div data-elementor-type=\"wp-page\" data-elementor-id=\"1543\" class=\"elementor elementor-1543\">\n\t\t\t\t\t\t<section class=\"elementor-section elementor-top-section elementor-element elementor-element-190c214f elementor-section-boxed elementor-section-height-default elementor-section-height-default wpr-particle-no wpr-jarallax-no wpr-parallax-no wpr-sticky-section-no\" data-id=\"190c214f\" data-element_type=\"section\">\n\t\t\t\t\t\t<div class=\"elementor-container elementor-column-gap-default\">\n\t\t\t\t\t<div class=\"elementor-column elementor-col-100 elementor-top-column elementor-element elementor-element-6f31e098\" data-id=\"6f31e098\" data-element_type=\"column\">\n\t\t\t<div class=\"elementor-widget-wrap elementor-element-populated\">\n\t\t\t\t\t\t<div class=\"elementor-element elementor-element-7d10a2b elementor-widget elementor-widget-text-editor\" data-id=\"7d10a2b\" data-element_type=\"widget\" data-widget_type=\"text-editor.default\">\n\t\t\t\t<div class=\"elementor-widget-container\">\n\t\t\t\t\t\t\t\t\t<p><\/p>\n<figure class=\"wp-block-pullquote alignwide has-large-font-size\">\n<blockquote>\n<p><strong>Convenios<\/strong><\/p>\n<\/blockquote>\n<\/figure>\n<p><\/p>\n<p><\/p>\n<div class=\"wp-block-buttons is-layout-flex wp-block-buttons-is-layout-flex\">\n<p><\/p>\n<div class=\"wp-block-button is-style-primary\"><a class=\"wp-block-button__link has-nv-text-dark-bg-color has-text-color has-background has-link-color wp-element-button\" style=\"background-color: #d1020a;\" href=\"https:\/\/utla.edu.sv\/?page_id=1517\">Ir al 2024<\/a><\/div>\n<p><\/p>\n<\/div>\n<p><\/p>\n<p><\/p>\n<h2 class=\"wp-block-heading has-medium-font-size\"><strong>Buscamos potenciar nuestra instituci\u00f3n para que permita una apertura a mayores oportunidades, reconocimientos, mejores relaciones y convenios con otros pa\u00edses, favoreciendo a nuestra comunidad educativa.<\/strong><\/h2>\n<p><\/p>\n<p><\/p>\n<hr class=\"wp-block-separator has-alpha-channel-opacity\" \/>\n<p><\/p>\n<p><\/p>\n<h2 class=\"wp-block-heading\">2023<\/h2>\n<p><\/p>\n<p><\/p>\n<hr class=\"wp-block-separator has-alpha-channel-opacity\" \/>\n<p><\/p>\n<p><\/p>\n<h2 class=\"wp-block-heading has-large-font-size\">Convenio con Red ICALC<\/h2>\n<p><\/p>\n<p><\/p>\n<p>Se firm\u00f3 un importante convenio con la Red de Investigadores de Am\u00e9rica Latina y El Caribe, en el que tuvimos la visita del vicepresidente: el Dr. Andr\u00e9s Ultreras. Se busca fortalecer nuestra Unidad de Investigaci\u00f3n e Innovaci\u00f3n, con diferentes actividades como charlas, capacitaciones con perspectivas internacionales; as\u00ed como tambi\u00e9n, autores y revisores que ayuden al progreso de la Revista Cient\u00edfica Institucional. Creando as\u00ed, relaciones acad\u00e9micas con diferentes profesionales o Instituciones de otros pa\u00edses.<\/p>\n<p><\/p>\n<p><\/p>\n<div class=\"wp-block-columns is-layout-flex wp-container-core-columns-is-layout-9d6595d7 wp-block-columns-is-layout-flex\">\n<p><\/p>\n<div class=\"wp-block-column is-layout-flow wp-block-column-is-layout-flow\">\n<p><\/p>\n<figure class=\"wp-block-image size-large\"><img fetchpriority=\"high\" decoding=\"async\" width=\"1024\" height=\"683\" class=\"wp-image-1104\" src=\"https:\/\/utla.edu.sv\/wp-content\/uploads\/2023\/08\/DSC04724-1024x683.jpg\" alt=\"\" srcset=\"https:\/\/utla.edu.sv\/wp-content\/uploads\/2023\/08\/DSC04724-1024x683.jpg 1024w, https:\/\/utla.edu.sv\/wp-content\/uploads\/2023\/08\/DSC04724-300x200.jpg 300w, https:\/\/utla.edu.sv\/wp-content\/uploads\/2023\/08\/DSC04724-768x512.jpg 768w, https:\/\/utla.edu.sv\/wp-content\/uploads\/2023\/08\/DSC04724-1536x1024.jpg 1536w, https:\/\/utla.edu.sv\/wp-content\/uploads\/2023\/08\/DSC04724-2048x1365.jpg 2048w, https:\/\/utla.edu.sv\/wp-content\/uploads\/2023\/08\/DSC04724-930x620.jpg 930w\" sizes=\"(max-width: 1024px) 100vw, 1024px\" \/><\/figure>\n<p><\/p>\n<\/div>\n<p><\/p>\n<p><\/p>\n<div class=\"wp-block-column is-layout-flow wp-block-column-is-layout-flow\">\n<p><\/p>\n<figure class=\"wp-block-image size-large\"><img decoding=\"async\" width=\"1024\" height=\"683\" class=\"wp-image-1105\" src=\"https:\/\/utla.edu.sv\/wp-content\/uploads\/2023\/08\/DSC04740-1024x683.jpg\" alt=\"\" srcset=\"https:\/\/utla.edu.sv\/wp-content\/uploads\/2023\/08\/DSC04740-1024x683.jpg 1024w, https:\/\/utla.edu.sv\/wp-content\/uploads\/2023\/08\/DSC04740-300x200.jpg 300w, https:\/\/utla.edu.sv\/wp-content\/uploads\/2023\/08\/DSC04740-768x512.jpg 768w, https:\/\/utla.edu.sv\/wp-content\/uploads\/2023\/08\/DSC04740-1536x1024.jpg 1536w, https:\/\/utla.edu.sv\/wp-content\/uploads\/2023\/08\/DSC04740-2048x1365.jpg 2048w, https:\/\/utla.edu.sv\/wp-content\/uploads\/2023\/08\/DSC04740-930x620.jpg 930w\" sizes=\"(max-width: 1024px) 100vw, 1024px\" \/><\/figure>\n<p><\/p>\n<\/div>\n<p><\/p>\n<\/div>\n<p><\/p>\n<p><\/p>\n<div class=\"wp-block-columns is-layout-flex wp-container-core-columns-is-layout-9d6595d7 wp-block-columns-is-layout-flex\">\n<p><\/p>\n<div class=\"wp-block-column is-layout-flow wp-block-column-is-layout-flow\">\n<p><\/p>\n<figure class=\"wp-block-image size-large\"><img decoding=\"async\" width=\"1024\" height=\"683\" class=\"wp-image-1106\" src=\"https:\/\/utla.edu.sv\/wp-content\/uploads\/2023\/08\/DSC04802-1024x683.jpg\" alt=\"\" srcset=\"https:\/\/utla.edu.sv\/wp-content\/uploads\/2023\/08\/DSC04802-1024x683.jpg 1024w, https:\/\/utla.edu.sv\/wp-content\/uploads\/2023\/08\/DSC04802-300x200.jpg 300w, https:\/\/utla.edu.sv\/wp-content\/uploads\/2023\/08\/DSC04802-768x512.jpg 768w, https:\/\/utla.edu.sv\/wp-content\/uploads\/2023\/08\/DSC04802-1536x1024.jpg 1536w, https:\/\/utla.edu.sv\/wp-content\/uploads\/2023\/08\/DSC04802-2048x1365.jpg 2048w, https:\/\/utla.edu.sv\/wp-content\/uploads\/2023\/08\/DSC04802-930x620.jpg 930w\" sizes=\"(max-width: 1024px) 100vw, 1024px\" \/><\/figure>\n<p><\/p>\n<\/div>\n<p><\/p>\n<p><\/p>\n<div class=\"wp-block-column is-layout-flow wp-block-column-is-layout-flow\">\n<p><\/p>\n<figure class=\"wp-block-image size-large\"><img loading=\"lazy\" decoding=\"async\" width=\"1024\" height=\"683\" class=\"wp-image-1107\" src=\"https:\/\/utla.edu.sv\/wp-content\/uploads\/2023\/08\/DSC04870-1024x683.jpg\" alt=\"\" srcset=\"https:\/\/utla.edu.sv\/wp-content\/uploads\/2023\/08\/DSC04870-1024x683.jpg 1024w, https:\/\/utla.edu.sv\/wp-content\/uploads\/2023\/08\/DSC04870-300x200.jpg 300w, https:\/\/utla.edu.sv\/wp-content\/uploads\/2023\/08\/DSC04870-768x512.jpg 768w, https:\/\/utla.edu.sv\/wp-content\/uploads\/2023\/08\/DSC04870-1536x1024.jpg 1536w, https:\/\/utla.edu.sv\/wp-content\/uploads\/2023\/08\/DSC04870-2048x1365.jpg 2048w, https:\/\/utla.edu.sv\/wp-content\/uploads\/2023\/08\/DSC04870-930x620.jpg 930w\" sizes=\"(max-width: 1024px) 100vw, 1024px\" \/><\/figure>\n<p><\/p>\n<\/div>\n<p><\/p>\n<\/div>\n<p><\/p>\n<p><\/p>\n<hr class=\"wp-block-separator has-alpha-channel-opacity\" \/>\n<p><\/p>\n<p><\/p>\n<h2 class=\"wp-block-heading\"><br \/><br \/><br \/><br \/><\/h2>\n<div class=\"wp-block-columns\">\n<div class=\"wp-block-column\"><br \/>\n<p><\/p>\n<\/div>\n<p><!-- \/wp:column --><\/p>\n<\/div>\n<p><!-- \/wp:columns --><\/p>\t\t\t\t\t\t\t\t<\/div>\n\t\t\t\t<\/div>\n\t\t\t\t\t<\/div>\n\t\t<\/div>\n\t\t\t\t\t<\/div>\n\t\t<\/section>\n\t\t\t\t<\/div>\n\t\t","protected":false},"excerpt":{"rendered":"<p>Convenios Buscamos potenciar nuestra instituci\u00f3n para que permita una apertura a mayores oportunidades, reconocimientos, mejores relaciones y convenios con otros pa\u00edses, favoreciendo a nuestra comunidad educativa. 2023 Convenio con Red ICALC Se firm\u00f3 un importante convenio con la Red de Investigadores de Am\u00e9rica Latina y El Caribe, en el que tuvimos la visita del vicepresidente: el Dr. Andr\u00e9s Ultreras. Se busca fortalecer nuestra Unidad de Investigaci\u00f3n e Innovaci\u00f3n, con diferentes actividades como charlas, capacitaciones con perspectivas internacionales; as\u00ed como tambi\u00e9n, autores y revisores que ayuden al progreso de la Revista Cient\u00edfica Institucional. Creando as\u00ed, relaciones acad\u00e9micas con diferentes profesionales o Instituciones de otros pa\u00edses.<\/p>\n","protected":false},"author":2,"featured_media":0,"parent":0,"menu_order":0,"comment_status":"closed","ping_status":"closed","template":"","meta":{"_monsterinsights_skip_tracking":false,"_monsterinsights_sitenote_active":false,"_monsterinsights_sitenote_note":"","_monsterinsights_sitenote_category":0,"neve_meta_sidebar":"","neve_meta_container":"","neve_meta_enable_content_width":"","neve_meta_content_width":0,"neve_meta_title_alignment":"","neve_meta_author_avatar":"","neve_post_elements_order":"","neve_meta_disable_header":"","neve_meta_disable_footer":"","neve_meta_disable_title":"on","footnotes":""},"class_list":["post-1543","page","type-page","status-publish","hentry"],"_links":{"self":[{"href":"https:\/\/utla.edu.sv\/index.php?rest_route=\/wp\/v2\/pages\/1543","targetHints":{"allow":["GET"]}}],"collection":[{"href":"https:\/\/utla.edu.sv\/index.php?rest_route=\/wp\/v2\/pages"}],"about":[{"href":"https:\/\/utla.edu.sv\/index.php?rest_route=\/wp\/v2\/types\/page"}],"author":[{"embeddable":true,"href":"https:\/\/utla.edu.sv\/index.php?rest_route=\/wp\/v2\/users\/2"}],"replies":[{"embeddable":true,"href":"https:\/\/utla.edu.sv\/index.php?rest_route=%2Fwp%2Fv2%2Fcomments&post=1543"}],"version-history":[{"count":4,"href":"https:\/\/utla.edu.sv\/index.php?rest_route=\/wp\/v2\/pages\/1543\/revisions"}],"predecessor-version":[{"id":1547,"href":"https:\/\/utla.edu.sv\/index.php?rest_route=\/wp\/v2\/pages\/1543\/revisions\/1547"}],"wp:attachment":[{"href":"https:\/\/utla.edu.sv\/index.php?rest_route=%2Fwp%2Fv2%2Fmedia&parent=1543"}],"curies":[{"name":"wp","href":"https:\/\/api.w.org\/{rel}","templated":true}]}}