{"id":181,"date":"2023-05-13T21:38:51","date_gmt":"2023-05-13T21:38:51","guid":{"rendered":"https:\/\/utla.edu.sv\/?page_id=181"},"modified":"2023-05-23T05:25:03","modified_gmt":"2023-05-22T23:25:03","slug":"mision-y-vision","status":"publish","type":"page","link":"https:\/\/utla.edu.sv\/?page_id=181","title":{"rendered":"mision y vision"},"content":{"rendered":"\n<figure class=\"wp-block-pullquote\"><blockquote><p>Misi\u00f3n y Visi\u00f3n de la Universidad<\/p><\/blockquote><\/figure>\n\n\n\n<div class=\"wp-block-columns is-layout-flex wp-container-core-columns-is-layout-9d6595d7 wp-block-columns-is-layout-flex\">\n<div class=\"wp-block-column is-layout-flow wp-block-column-is-layout-flow\" style=\"flex-basis:33.33%\"><div class=\"wp-block-image\">\n<figure class=\"aligncenter size-large\"><img fetchpriority=\"high\" decoding=\"async\" width=\"1024\" height=\"881\" src=\"https:\/\/utla.edu.sv\/wp-content\/uploads\/2023\/05\/MISION-1024x881.jpg\" alt=\"\" class=\"wp-image-434\" srcset=\"https:\/\/utla.edu.sv\/wp-content\/uploads\/2023\/05\/MISION-1024x881.jpg 1024w, https:\/\/utla.edu.sv\/wp-content\/uploads\/2023\/05\/MISION-300x258.jpg 300w, https:\/\/utla.edu.sv\/wp-content\/uploads\/2023\/05\/MISION-768x661.jpg 768w, https:\/\/utla.edu.sv\/wp-content\/uploads\/2023\/05\/MISION-1536x1322.jpg 1536w, https:\/\/utla.edu.sv\/wp-content\/uploads\/2023\/05\/MISION-2048x1763.jpg 2048w\" sizes=\"(max-width: 1024px) 100vw, 1024px\" \/><\/figure>\n<\/div><\/div>\n\n\n\n<div class=\"wp-block-column is-layout-flow wp-block-column-is-layout-flow\" style=\"flex-basis:66.66%\">\n<h2 class=\"wp-block-heading has-text-align-center\"><mark style=\"background-color:rgba(0, 0, 0, 0);color:#342a9d\" class=\"has-inline-color\">MISI\u00d3N<\/mark><\/h2>\n\n\n\n<h3 class=\"wp-block-heading has-text-align-center\"><mark style=\"background-color:rgba(0, 0, 0, 0);color:#342a9d\" class=\"has-inline-color\">Formar profesionales capaces de leer la realidad desde diferentes perspectivas, para transformarla de acuerdo con los requerimientos sociales; con actitudes de liderazgo generador y visionario e impulsadores de valores y principios, orientados\u00a0\u00a0 al\u00a0\u00a0 desarrollo\u00a0\u00a0 social\u00a0\u00a0 y\u00a0\u00a0 econ\u00f3mico, al fortalecimiento y conservaci\u00f3n del Medio Ambiente; mediante la implementaci\u00f3n de procesos cient\u00edficos y transferencia tecnol\u00f3gica en la entrega del conocimiento<\/mark><\/h3>\n<\/div>\n<\/div>\n\n\n\n<div class=\"wp-block-columns is-layout-flex wp-container-core-columns-is-layout-9d6595d7 wp-block-columns-is-layout-flex\">\n<div class=\"wp-block-column is-layout-flow wp-block-column-is-layout-flow\" style=\"flex-basis:66.66%\">\n<h2 class=\"wp-block-heading has-text-align-center\"><mark style=\"background-color:rgba(0, 0, 0, 0);color:#342a9d\" class=\"has-inline-color\">VISI\u00d3N<\/mark><\/h2>\n\n\n\n<h3 class=\"wp-block-heading has-text-align-center\"><mark style=\"background-color:rgba(0, 0, 0, 0);color:#342a9d\" class=\"has-inline-color\">La Universidad T\u00e9cnica Latinoamericana, es una instituci\u00f3n de Educaci\u00f3n Superior proyectada a la formaci\u00f3n integral de sus estudiantes, fortaleciendo\u00a0\u00a0\u00a0 en ellos la autoestima, la creatividad, los valores humanos y el liderazgo; con excelencia cient\u00edfica y acad\u00e9mica, en un \u00e1mbito sano, seguro y adecuado. Fomentar la conservaci\u00f3n y protecci\u00f3n del medio ambiente contribuyendo al desarrollo econ\u00f3mico, social, cultural y humano del pa\u00eds, conforme a sus principios democr\u00e1ticos.<\/mark><\/h3>\n<\/div>\n\n\n\n<div class=\"wp-block-column is-layout-flow wp-block-column-is-layout-flow\" style=\"flex-basis:33.33%\"><div class=\"wp-block-image\">\n<figure class=\"aligncenter size-large\"><img decoding=\"async\" width=\"1024\" height=\"829\" src=\"https:\/\/utla.edu.sv\/wp-content\/uploads\/2023\/05\/VISION-1024x829.jpg\" alt=\"\" class=\"wp-image-435\" srcset=\"https:\/\/utla.edu.sv\/wp-content\/uploads\/2023\/05\/VISION-1024x829.jpg 1024w, https:\/\/utla.edu.sv\/wp-content\/uploads\/2023\/05\/VISION-300x243.jpg 300w, https:\/\/utla.edu.sv\/wp-content\/uploads\/2023\/05\/VISION-768x622.jpg 768w, https:\/\/utla.edu.sv\/wp-content\/uploads\/2023\/05\/VISION-1536x1243.jpg 1536w, https:\/\/utla.edu.sv\/wp-content\/uploads\/2023\/05\/VISION-2048x1658.jpg 2048w\" sizes=\"(max-width: 1024px) 100vw, 1024px\" \/><\/figure>\n<\/div><\/div>\n<\/div>\n","protected":false},"excerpt":{"rendered":"<p>Misi\u00f3n y Visi\u00f3n de la Universidad MISI\u00d3N Formar profesionales capaces de leer la realidad desde diferentes perspectivas, para transformarla de acuerdo con los requerimientos sociales; con actitudes de liderazgo generador y visionario e impulsadores de valores y principios, orientados\u00a0\u00a0 al\u00a0\u00a0 desarrollo\u00a0\u00a0 social\u00a0\u00a0 y\u00a0\u00a0 econ\u00f3mico, al fortalecimiento y conservaci\u00f3n del Medio Ambiente; mediante la implementaci\u00f3n de procesos cient\u00edficos y transferencia tecnol\u00f3gica en la entrega del conocimiento VISI\u00d3N La Universidad T\u00e9cnica Latinoamericana, es una instituci\u00f3n de Educaci\u00f3n Superior proyectada a la formaci\u00f3n integral de sus estudiantes, fortaleciendo\u00a0\u00a0\u00a0 en ellos la autoestima, la creatividad, los valores humanos y el liderazgo; con excelencia cient\u00edfica y acad\u00e9mica, en un \u00e1mbito sano, seguro y adecuado. Fomentar la conservaci\u00f3n y protecci\u00f3n del medio ambiente contribuyendo al desarrollo econ\u00f3mico, social, cultural y humano del pa\u00eds, conforme a sus principios democr\u00e1ticos.<\/p>\n","protected":false},"author":2,"featured_media":0,"parent":0,"menu_order":0,"comment_status":"closed","ping_status":"closed","template":"","meta":{"_monsterinsights_skip_tracking":false,"_monsterinsights_sitenote_active":false,"_monsterinsights_sitenote_note":"","_monsterinsights_sitenote_category":0,"neve_meta_sidebar":"","neve_meta_container":"","neve_meta_enable_content_width":"","neve_meta_content_width":0,"neve_meta_title_alignment":"","neve_meta_author_avatar":"","neve_post_elements_order":"","neve_meta_disable_header":"","neve_meta_disable_footer":"off","neve_meta_disable_title":"on","footnotes":""},"class_list":["post-181","page","type-page","status-publish","hentry"],"_links":{"self":[{"href":"https:\/\/utla.edu.sv\/index.php?rest_route=\/wp\/v2\/pages\/181","targetHints":{"allow":["GET"]}}],"collection":[{"href":"https:\/\/utla.edu.sv\/index.php?rest_route=\/wp\/v2\/pages"}],"about":[{"href":"https:\/\/utla.edu.sv\/index.php?rest_route=\/wp\/v2\/types\/page"}],"author":[{"embeddable":true,"href":"https:\/\/utla.edu.sv\/index.php?rest_route=\/wp\/v2\/users\/2"}],"replies":[{"embeddable":true,"href":"https:\/\/utla.edu.sv\/index.php?rest_route=%2Fwp%2Fv2%2Fcomments&post=181"}],"version-history":[{"count":6,"href":"https:\/\/utla.edu.sv\/index.php?rest_route=\/wp\/v2\/pages\/181\/revisions"}],"predecessor-version":[{"id":440,"href":"https:\/\/utla.edu.sv\/index.php?rest_route=\/wp\/v2\/pages\/181\/revisions\/440"}],"wp:attachment":[{"href":"https:\/\/utla.edu.sv\/index.php?rest_route=%2Fwp%2Fv2%2Fmedia&parent=181"}],"curies":[{"name":"wp","href":"https:\/\/api.w.org\/{rel}","templated":true}]}}