{"id":1883,"date":"2024-06-29T10:15:13","date_gmt":"2024-06-29T04:15:13","guid":{"rendered":"https:\/\/utla.edu.sv\/?page_id=1883"},"modified":"2024-07-05T06:26:37","modified_gmt":"2024-07-05T00:26:37","slug":"enlace-horarios-vigente-02-2024","status":"publish","type":"page","link":"https:\/\/utla.edu.sv\/?page_id=1883","title":{"rendered":"enlace horarios vigente 02-2024"},"content":{"rendered":"\t\t<div data-elementor-type=\"wp-page\" data-elementor-id=\"1883\" class=\"elementor elementor-1883\">\n\t\t\t\t\t\t<section class=\"elementor-section elementor-top-section elementor-element elementor-element-39e16e8 elementor-section-boxed elementor-section-height-default elementor-section-height-default wpr-particle-no wpr-jarallax-no wpr-parallax-no wpr-sticky-section-no\" data-id=\"39e16e8\" data-element_type=\"section\">\n\t\t\t\t\t\t<div class=\"elementor-container elementor-column-gap-default\">\n\t\t\t\t\t<div class=\"elementor-column elementor-col-100 elementor-top-column elementor-element elementor-element-267dda2\" data-id=\"267dda2\" data-element_type=\"column\">\n\t\t\t<div class=\"elementor-widget-wrap elementor-element-populated\">\n\t\t\t\t\t\t<div class=\"elementor-element elementor-element-c8817b0 elementor-widget-divider--view-line elementor-widget elementor-widget-divider\" data-id=\"c8817b0\" data-element_type=\"widget\" data-widget_type=\"divider.default\">\n\t\t\t\t<div class=\"elementor-widget-container\">\n\t\t\t\t\t\t\t<div class=\"elementor-divider\">\n\t\t\t<span class=\"elementor-divider-separator\">\n\t\t\t\t\t\t<\/span>\n\t\t<\/div>\n\t\t\t\t\t\t<\/div>\n\t\t\t\t<\/div>\n\t\t\t\t\t<\/div>\n\t\t<\/div>\n\t\t\t\t\t<\/div>\n\t\t<\/section>\n\t\t\t\t<section class=\"elementor-section elementor-top-section elementor-element elementor-element-5401fd6 elementor-section-boxed elementor-section-height-default elementor-section-height-default wpr-particle-no wpr-jarallax-no wpr-parallax-no wpr-sticky-section-no\" data-id=\"5401fd6\" data-element_type=\"section\">\n\t\t\t\t\t\t<div class=\"elementor-container elementor-column-gap-default\">\n\t\t\t\t\t<div class=\"elementor-column elementor-col-100 elementor-top-column elementor-element elementor-element-4ba2590\" data-id=\"4ba2590\" data-element_type=\"column\">\n\t\t\t<div class=\"elementor-widget-wrap elementor-element-populated\">\n\t\t\t\t\t\t<div class=\"elementor-element elementor-element-0e09d06 elementor-widget elementor-widget-heading\" data-id=\"0e09d06\" data-element_type=\"widget\" data-widget_type=\"heading.default\">\n\t\t\t\t<div class=\"elementor-widget-container\">\n\t\t\t\t\t<h2 class=\"elementor-heading-title elementor-size-default\">Horarios para el ciclo 02-2024<\/h2>\t\t\t\t<\/div>\n\t\t\t\t<\/div>\n\t\t\t\t\t<\/div>\n\t\t<\/div>\n\t\t\t\t\t<\/div>\n\t\t<\/section>\n\t\t\t\t<section class=\"elementor-section elementor-top-section elementor-element elementor-element-6b73ea0 elementor-section-boxed elementor-section-height-default elementor-section-height-default wpr-particle-no wpr-jarallax-no wpr-parallax-no wpr-sticky-section-no\" data-id=\"6b73ea0\" data-element_type=\"section\">\n\t\t\t\t\t\t<div class=\"elementor-container elementor-column-gap-default\">\n\t\t\t\t\t<div class=\"elementor-column elementor-col-100 elementor-top-column elementor-element elementor-element-fd17ec6\" data-id=\"fd17ec6\" data-element_type=\"column\">\n\t\t\t<div class=\"elementor-widget-wrap elementor-element-populated\">\n\t\t\t\t\t\t<div class=\"elementor-element elementor-element-b1e7526 elementor-widget-divider--view-line elementor-widget elementor-widget-divider\" data-id=\"b1e7526\" data-element_type=\"widget\" data-widget_type=\"divider.default\">\n\t\t\t\t<div class=\"elementor-widget-container\">\n\t\t\t\t\t\t\t<div class=\"elementor-divider\">\n\t\t\t<span class=\"elementor-divider-separator\">\n\t\t\t\t\t\t<\/span>\n\t\t<\/div>\n\t\t\t\t\t\t<\/div>\n\t\t\t\t<\/div>\n\t\t\t\t\t<\/div>\n\t\t<\/div>\n\t\t\t\t\t<\/div>\n\t\t<\/section>\n\t\t\t\t<section class=\"elementor-section elementor-top-section elementor-element elementor-element-b469d12 elementor-section-boxed elementor-section-height-default elementor-section-height-default wpr-particle-no wpr-jarallax-no wpr-parallax-no wpr-sticky-section-no\" data-id=\"b469d12\" data-element_type=\"section\">\n\t\t\t\t\t\t<div class=\"elementor-container elementor-column-gap-default\">\n\t\t\t\t\t<div class=\"elementor-column elementor-col-100 elementor-top-column elementor-element elementor-element-c5e6026\" data-id=\"c5e6026\" data-element_type=\"column\">\n\t\t\t<div class=\"elementor-widget-wrap elementor-element-populated\">\n\t\t\t\t\t\t<div class=\"elementor-element elementor-element-c56f873 elementor-widget elementor-widget-text-editor\" data-id=\"c56f873\" data-element_type=\"widget\" data-widget_type=\"text-editor.default\">\n\t\t\t\t<div class=\"elementor-widget-container\">\n\t\t\t\t\t\t\t\t\t<h3>Los horarios han quedado de acuerdo a la encuesta que ustedes los estudiantes llenaron, cualquier solicitud de apertura de un grupo enviar solicitud al correo admonacademica@utla.edu.sv\u00a0 \u00a0con los nombres y firmas de los solicitantes.<\/h3>\t\t\t\t\t\t\t\t<\/div>\n\t\t\t\t<\/div>\n\t\t\t\t\t<\/div>\n\t\t<\/div>\n\t\t\t\t\t<\/div>\n\t\t<\/section>\n\t\t\t\t<section class=\"elementor-section elementor-top-section elementor-element elementor-element-a8f774d elementor-section-boxed elementor-section-height-default elementor-section-height-default wpr-particle-no wpr-jarallax-no wpr-parallax-no wpr-sticky-section-no\" data-id=\"a8f774d\" data-element_type=\"section\">\n\t\t\t\t\t\t<div class=\"elementor-container elementor-column-gap-default\">\n\t\t\t\t\t<div class=\"elementor-column elementor-col-33 elementor-top-column elementor-element elementor-element-13c895b\" data-id=\"13c895b\" data-element_type=\"column\">\n\t\t\t<div class=\"elementor-widget-wrap elementor-element-populated\">\n\t\t\t\t\t\t<div class=\"elementor-element elementor-element-35fdfd5 elementor-position-top elementor-widget elementor-widget-image-box\" data-id=\"35fdfd5\" data-element_type=\"widget\" data-widget_type=\"image-box.default\">\n\t\t\t\t<div class=\"elementor-widget-container\">\n\t\t\t\t\t<div class=\"elementor-image-box-wrapper\"><figure class=\"elementor-image-box-img\"><a href=\"https:\/\/utlaedusv-my.sharepoint.com\/:b:\/g\/personal\/alberto_reyes_utla_edu_sv\/EU2ycTC_HFxDtwEHt3O3_9QBgmQ47B-F4gESuzImwUhjIA?e=vy2GUc\" target=\"_blank\" tabindex=\"-1\"><img decoding=\"async\" width=\"64\" height=\"64\" src=\"https:\/\/utla.edu.sv\/wp-content\/uploads\/2024\/05\/ing_industrial.png\" class=\"attachment-full size-full wp-image-1720\" alt=\"\" \/><\/a><\/figure><div class=\"elementor-image-box-content\"><h3 class=\"elementor-image-box-title\"><a href=\"https:\/\/utlaedusv-my.sharepoint.com\/:b:\/g\/personal\/alberto_reyes_utla_edu_sv\/EU2ycTC_HFxDtwEHt3O3_9QBgmQ47B-F4gESuzImwUhjIA?e=vy2GUc\" target=\"_blank\">Ingenier\u00eda Industrial<\/a><\/h3><\/div><\/div>\t\t\t\t<\/div>\n\t\t\t\t<\/div>\n\t\t\t\t\t<\/div>\n\t\t<\/div>\n\t\t\t\t<div class=\"elementor-column elementor-col-33 elementor-top-column elementor-element elementor-element-065da31\" data-id=\"065da31\" data-element_type=\"column\">\n\t\t\t<div class=\"elementor-widget-wrap elementor-element-populated\">\n\t\t\t\t\t\t<div class=\"elementor-element elementor-element-6f6b001 elementor-position-top elementor-widget elementor-widget-image-box\" data-id=\"6f6b001\" data-element_type=\"widget\" data-widget_type=\"image-box.default\">\n\t\t\t\t<div class=\"elementor-widget-container\">\n\t\t\t\t\t<div class=\"elementor-image-box-wrapper\"><figure class=\"elementor-image-box-img\"><a href=\"https:\/\/utlaedusv-my.sharepoint.com\/:b:\/g\/personal\/alberto_reyes_utla_edu_sv\/EXyt87-DMxZGivI6D3oLDesB3v5tg82TPG4iUucH7ELfWg?e=sAEm0w\" target=\"_blank\" tabindex=\"-1\"><img decoding=\"async\" width=\"64\" height=\"64\" src=\"https:\/\/utla.edu.sv\/wp-content\/uploads\/2024\/05\/ing_electrica.png\" class=\"attachment-full size-full wp-image-1725\" alt=\"\" \/><\/a><\/figure><div class=\"elementor-image-box-content\"><h3 class=\"elementor-image-box-title\"><a href=\"https:\/\/utlaedusv-my.sharepoint.com\/:b:\/g\/personal\/alberto_reyes_utla_edu_sv\/EXyt87-DMxZGivI6D3oLDesB3v5tg82TPG4iUucH7ELfWg?e=sAEm0w\" target=\"_blank\">Ingenier\u00eda El\u00e9ctrica<\/a><\/h3><\/div><\/div>\t\t\t\t<\/div>\n\t\t\t\t<\/div>\n\t\t\t\t\t<\/div>\n\t\t<\/div>\n\t\t\t\t<div class=\"elementor-column elementor-col-33 elementor-top-column elementor-element elementor-element-efee5ce\" data-id=\"efee5ce\" data-element_type=\"column\">\n\t\t\t<div class=\"elementor-widget-wrap elementor-element-populated\">\n\t\t\t\t\t\t<div class=\"elementor-element elementor-element-7cb0a3d elementor-position-top elementor-widget elementor-widget-image-box\" data-id=\"7cb0a3d\" data-element_type=\"widget\" data-widget_type=\"image-box.default\">\n\t\t\t\t<div class=\"elementor-widget-container\">\n\t\t\t\t\t<div class=\"elementor-image-box-wrapper\"><figure class=\"elementor-image-box-img\"><a href=\"https:\/\/utlaedusv-my.sharepoint.com\/:b:\/g\/personal\/alberto_reyes_utla_edu_sv\/ERU6iO2lyZ1Bj67zElQD-pIBUpCYH-ghoS_dMxWSqLM4kQ?e=fvnx3B\" target=\"_blank\" tabindex=\"-1\"><img decoding=\"async\" width=\"64\" height=\"64\" src=\"https:\/\/utla.edu.sv\/wp-content\/uploads\/2024\/05\/ing_mecanica.png\" class=\"attachment-full size-full wp-image-1726\" alt=\"\" \/><\/a><\/figure><div class=\"elementor-image-box-content\"><h3 class=\"elementor-image-box-title\"><a href=\"https:\/\/utlaedusv-my.sharepoint.com\/:b:\/g\/personal\/alberto_reyes_utla_edu_sv\/ERU6iO2lyZ1Bj67zElQD-pIBUpCYH-ghoS_dMxWSqLM4kQ?e=fvnx3B\" target=\"_blank\">Ingenier\u00eda Mec\u00e1nica<\/a><\/h3><\/div><\/div>\t\t\t\t<\/div>\n\t\t\t\t<\/div>\n\t\t\t\t\t<\/div>\n\t\t<\/div>\n\t\t\t\t\t<\/div>\n\t\t<\/section>\n\t\t\t\t<section class=\"elementor-section elementor-top-section elementor-element elementor-element-5513a28 elementor-section-boxed elementor-section-height-default elementor-section-height-default wpr-particle-no wpr-jarallax-no wpr-parallax-no wpr-sticky-section-no\" data-id=\"5513a28\" data-element_type=\"section\">\n\t\t\t\t\t\t<div class=\"elementor-container elementor-column-gap-default\">\n\t\t\t\t\t<div class=\"elementor-column elementor-col-33 elementor-top-column elementor-element elementor-element-f9fa027\" data-id=\"f9fa027\" data-element_type=\"column\">\n\t\t\t<div class=\"elementor-widget-wrap elementor-element-populated\">\n\t\t\t\t\t\t<div class=\"elementor-element elementor-element-eac2e8c elementor-position-top elementor-widget elementor-widget-image-box\" data-id=\"eac2e8c\" data-element_type=\"widget\" data-widget_type=\"image-box.default\">\n\t\t\t\t<div class=\"elementor-widget-container\">\n\t\t\t\t\t<div class=\"elementor-image-box-wrapper\"><figure class=\"elementor-image-box-img\"><a href=\"https:\/\/utlaedusv-my.sharepoint.com\/:b:\/g\/personal\/alberto_reyes_utla_edu_sv\/EUxfniWvRD9KktGBjP29kpoBXBmaY6WgznFbcQpXhbEE_A?e=t0hLtY\" target=\"_blank\" tabindex=\"-1\"><img loading=\"lazy\" decoding=\"async\" width=\"64\" height=\"64\" src=\"https:\/\/utla.edu.sv\/wp-content\/uploads\/2024\/05\/Ing_civil.png\" class=\"attachment-full size-full wp-image-1730\" alt=\"\" \/><\/a><\/figure><div class=\"elementor-image-box-content\"><h3 class=\"elementor-image-box-title\"><a href=\"https:\/\/utlaedusv-my.sharepoint.com\/:b:\/g\/personal\/alberto_reyes_utla_edu_sv\/EUxfniWvRD9KktGBjP29kpoBXBmaY6WgznFbcQpXhbEE_A?e=t0hLtY\" target=\"_blank\">Ingenier\u00eda C\u00edvil<\/a><\/h3><\/div><\/div>\t\t\t\t<\/div>\n\t\t\t\t<\/div>\n\t\t\t\t\t<\/div>\n\t\t<\/div>\n\t\t\t\t<div class=\"elementor-column elementor-col-33 elementor-top-column elementor-element elementor-element-4ef2950\" data-id=\"4ef2950\" data-element_type=\"column\">\n\t\t\t<div class=\"elementor-widget-wrap elementor-element-populated\">\n\t\t\t\t\t\t<div class=\"elementor-element elementor-element-268c244 elementor-position-top elementor-widget elementor-widget-image-box\" data-id=\"268c244\" data-element_type=\"widget\" data-widget_type=\"image-box.default\">\n\t\t\t\t<div class=\"elementor-widget-container\">\n\t\t\t\t\t<div class=\"elementor-image-box-wrapper\"><figure class=\"elementor-image-box-img\"><a href=\"https:\/\/utlaedusv-my.sharepoint.com\/:b:\/g\/personal\/alberto_reyes_utla_edu_sv\/EXB9u2SKdFJLouPBYOcNiwMBHGlKeckIyd-mKeC9Gz8sEQ?e=RjutMZ\" target=\"_blank\" tabindex=\"-1\"><img loading=\"lazy\" decoding=\"async\" width=\"64\" height=\"64\" src=\"https:\/\/utla.edu.sv\/wp-content\/uploads\/2024\/05\/Ing_agronomica.png\" class=\"attachment-full size-full wp-image-1734\" alt=\"\" \/><\/a><\/figure><div class=\"elementor-image-box-content\"><h3 class=\"elementor-image-box-title\"><a href=\"https:\/\/utlaedusv-my.sharepoint.com\/:b:\/g\/personal\/alberto_reyes_utla_edu_sv\/EXB9u2SKdFJLouPBYOcNiwMBHGlKeckIyd-mKeC9Gz8sEQ?e=RjutMZ\" target=\"_blank\">Ingenier\u00eda Agron\u00f3mica<\/a><\/h3><\/div><\/div>\t\t\t\t<\/div>\n\t\t\t\t<\/div>\n\t\t\t\t\t<\/div>\n\t\t<\/div>\n\t\t\t\t<div class=\"elementor-column elementor-col-33 elementor-top-column elementor-element elementor-element-cade55a\" data-id=\"cade55a\" data-element_type=\"column\">\n\t\t\t<div class=\"elementor-widget-wrap elementor-element-populated\">\n\t\t\t\t\t\t<div class=\"elementor-element elementor-element-3218867 elementor-position-top elementor-widget elementor-widget-image-box\" data-id=\"3218867\" data-element_type=\"widget\" data-widget_type=\"image-box.default\">\n\t\t\t\t<div class=\"elementor-widget-container\">\n\t\t\t\t\t<div class=\"elementor-image-box-wrapper\"><figure class=\"elementor-image-box-img\"><a href=\"https:\/\/utlaedusv-my.sharepoint.com\/:b:\/g\/personal\/alberto_reyes_utla_edu_sv\/EZK5wvgF3ypLvoYWA6nzRHIB-w7aJE6OY4Vapc5SK-JhQg?e=d5v5Do\" target=\"_blank\" tabindex=\"-1\"><img loading=\"lazy\" decoding=\"async\" width=\"64\" height=\"64\" src=\"https:\/\/utla.edu.sv\/wp-content\/uploads\/2024\/05\/ing_electronica.png\" class=\"attachment-full size-full wp-image-1739\" alt=\"\" \/><\/a><\/figure><div class=\"elementor-image-box-content\"><h3 class=\"elementor-image-box-title\"><a href=\"https:\/\/utlaedusv-my.sharepoint.com\/:b:\/g\/personal\/alberto_reyes_utla_edu_sv\/EZK5wvgF3ypLvoYWA6nzRHIB-w7aJE6OY4Vapc5SK-JhQg?e=d5v5Do\" target=\"_blank\">Ingenier\u00eda Electr\u00f3nica<\/a><\/h3><\/div><\/div>\t\t\t\t<\/div>\n\t\t\t\t<\/div>\n\t\t\t\t\t<\/div>\n\t\t<\/div>\n\t\t\t\t\t<\/div>\n\t\t<\/section>\n\t\t\t\t<section class=\"elementor-section elementor-top-section elementor-element elementor-element-beaa588 elementor-section-boxed elementor-section-height-default elementor-section-height-default wpr-particle-no wpr-jarallax-no wpr-parallax-no wpr-sticky-section-no\" data-id=\"beaa588\" data-element_type=\"section\">\n\t\t\t\t\t\t<div class=\"elementor-container elementor-column-gap-default\">\n\t\t\t\t\t<div class=\"elementor-column elementor-col-33 elementor-top-column elementor-element elementor-element-cf30764\" data-id=\"cf30764\" data-element_type=\"column\">\n\t\t\t<div class=\"elementor-widget-wrap elementor-element-populated\">\n\t\t\t\t\t\t<div class=\"elementor-element elementor-element-95c6599 elementor-position-top elementor-widget elementor-widget-image-box\" data-id=\"95c6599\" data-element_type=\"widget\" data-widget_type=\"image-box.default\">\n\t\t\t\t<div class=\"elementor-widget-container\">\n\t\t\t\t\t<div class=\"elementor-image-box-wrapper\"><figure class=\"elementor-image-box-img\"><a href=\"https:\/\/utlaedusv-my.sharepoint.com\/:b:\/g\/personal\/alberto_reyes_utla_edu_sv\/EVxNCjVPHOhHsAUZEKR4euwByz8ZOrob10A1ye7pi_pW4Q?e=8BG7gd\" target=\"_blank\" tabindex=\"-1\"><img loading=\"lazy\" decoding=\"async\" width=\"64\" height=\"64\" src=\"https:\/\/utla.edu.sv\/wp-content\/uploads\/2024\/05\/Ing_en-sistemas.png\" class=\"attachment-full size-full wp-image-1744\" alt=\"\" \/><\/a><\/figure><div class=\"elementor-image-box-content\"><h3 class=\"elementor-image-box-title\"><a href=\"https:\/\/utlaedusv-my.sharepoint.com\/:b:\/g\/personal\/alberto_reyes_utla_edu_sv\/EVxNCjVPHOhHsAUZEKR4euwByz8ZOrob10A1ye7pi_pW4Q?e=8BG7gd\" target=\"_blank\">Ingenier\u00eda en Sistemas y Tecnolog\u00eda de Informaci\u00f3n<\/a><\/h3><\/div><\/div>\t\t\t\t<\/div>\n\t\t\t\t<\/div>\n\t\t\t\t\t<\/div>\n\t\t<\/div>\n\t\t\t\t<div class=\"elementor-column elementor-col-33 elementor-top-column elementor-element elementor-element-0622511\" data-id=\"0622511\" data-element_type=\"column\">\n\t\t\t<div class=\"elementor-widget-wrap elementor-element-populated\">\n\t\t\t\t\t\t<div class=\"elementor-element elementor-element-f80417c elementor-position-top elementor-widget elementor-widget-image-box\" data-id=\"f80417c\" data-element_type=\"widget\" data-widget_type=\"image-box.default\">\n\t\t\t\t<div class=\"elementor-widget-container\">\n\t\t\t\t\t<div class=\"elementor-image-box-wrapper\"><figure class=\"elementor-image-box-img\"><a href=\"https:\/\/utlaedusv-my.sharepoint.com\/:b:\/g\/personal\/alberto_reyes_utla_edu_sv\/ESeWA6pJDX1GraFvjhvogRMBu8j4yVmNtOzsGdPB2e7_Vg?e=2BH8Cq\" target=\"_blank\" tabindex=\"-1\"><img loading=\"lazy\" decoding=\"async\" width=\"64\" height=\"64\" src=\"https:\/\/utla.edu.sv\/wp-content\/uploads\/2024\/05\/lic_admon.png\" class=\"attachment-full size-full wp-image-1749\" alt=\"\" \/><\/a><\/figure><div class=\"elementor-image-box-content\"><h3 class=\"elementor-image-box-title\"><a href=\"https:\/\/utlaedusv-my.sharepoint.com\/:b:\/g\/personal\/alberto_reyes_utla_edu_sv\/ESeWA6pJDX1GraFvjhvogRMBu8j4yVmNtOzsGdPB2e7_Vg?e=2BH8Cq\" target=\"_blank\">Licenciatura en Administraci\u00f3n de Empresas<\/a><\/h3><\/div><\/div>\t\t\t\t<\/div>\n\t\t\t\t<\/div>\n\t\t\t\t\t<\/div>\n\t\t<\/div>\n\t\t\t\t<div class=\"elementor-column elementor-col-33 elementor-top-column elementor-element elementor-element-6ec1eb7\" data-id=\"6ec1eb7\" data-element_type=\"column\">\n\t\t\t<div class=\"elementor-widget-wrap elementor-element-populated\">\n\t\t\t\t\t\t<div class=\"elementor-element elementor-element-3b0b3fa elementor-position-top elementor-widget elementor-widget-image-box\" data-id=\"3b0b3fa\" data-element_type=\"widget\" data-widget_type=\"image-box.default\">\n\t\t\t\t<div class=\"elementor-widget-container\">\n\t\t\t\t\t<div class=\"elementor-image-box-wrapper\"><figure class=\"elementor-image-box-img\"><a href=\"https:\/\/utlaedusv-my.sharepoint.com\/:b:\/g\/personal\/alberto_reyes_utla_edu_sv\/EScSh47LtTpAlb2mIfgqhDcBQsLRYJZXN5rWTIoMf73MTw?e=m7crcU\" target=\"_blank\" tabindex=\"-1\"><img loading=\"lazy\" decoding=\"async\" width=\"64\" height=\"64\" src=\"https:\/\/utla.edu.sv\/wp-content\/uploads\/2024\/05\/lic_contaduria.png\" class=\"attachment-full size-full wp-image-1754\" alt=\"\" \/><\/a><\/figure><div class=\"elementor-image-box-content\"><h3 class=\"elementor-image-box-title\"><a href=\"https:\/\/utlaedusv-my.sharepoint.com\/:b:\/g\/personal\/alberto_reyes_utla_edu_sv\/EScSh47LtTpAlb2mIfgqhDcBQsLRYJZXN5rWTIoMf73MTw?e=m7crcU\" target=\"_blank\">Licenciatura en Contadur\u00eda P\u00fablica<\/a><\/h3><\/div><\/div>\t\t\t\t<\/div>\n\t\t\t\t<\/div>\n\t\t\t\t\t<\/div>\n\t\t<\/div>\n\t\t\t\t\t<\/div>\n\t\t<\/section>\n\t\t\t\t<\/div>\n\t\t","protected":false},"excerpt":{"rendered":"<p>Horarios para el ciclo 02-2024 Los horarios han quedado de acuerdo a la encuesta que ustedes los estudiantes llenaron, cualquier solicitud de apertura de un grupo enviar solicitud al correo admonacademica@utla.edu.sv\u00a0 \u00a0con los nombres y firmas de los solicitantes. Ingenier\u00eda Industrial Ingenier\u00eda El\u00e9ctrica Ingenier\u00eda Mec\u00e1nica Ingenier\u00eda C\u00edvil Ingenier\u00eda Agron\u00f3mica Ingenier\u00eda Electr\u00f3nica Ingenier\u00eda en Sistemas y Tecnolog\u00eda de Informaci\u00f3n Licenciatura en Administraci\u00f3n de Empresas Licenciatura en Contadur\u00eda P\u00fablica<\/p>\n","protected":false},"author":2,"featured_media":0,"parent":0,"menu_order":0,"comment_status":"closed","ping_status":"closed","template":"page-templates\/template-pagebuilder-full-width.php","meta":{"_monsterinsights_skip_tracking":false,"_monsterinsights_sitenote_active":false,"_monsterinsights_sitenote_note":"","_monsterinsights_sitenote_category":0,"neve_meta_sidebar":"","neve_meta_container":"","neve_meta_enable_content_width":"","neve_meta_content_width":0,"neve_meta_title_alignment":"","neve_meta_author_avatar":"","neve_post_elements_order":"","neve_meta_disable_header":"","neve_meta_disable_footer":"","neve_meta_disable_title":"on","footnotes":""},"class_list":["post-1883","page","type-page","status-publish","hentry"],"_links":{"self":[{"href":"https:\/\/utla.edu.sv\/index.php?rest_route=\/wp\/v2\/pages\/1883","targetHints":{"allow":["GET"]}}],"collection":[{"href":"https:\/\/utla.edu.sv\/index.php?rest_route=\/wp\/v2\/pages"}],"about":[{"href":"https:\/\/utla.edu.sv\/index.php?rest_route=\/wp\/v2\/types\/page"}],"author":[{"embeddable":true,"href":"https:\/\/utla.edu.sv\/index.php?rest_route=\/wp\/v2\/users\/2"}],"replies":[{"embeddable":true,"href":"https:\/\/utla.edu.sv\/index.php?rest_route=%2Fwp%2Fv2%2Fcomments&post=1883"}],"version-history":[{"count":52,"href":"https:\/\/utla.edu.sv\/index.php?rest_route=\/wp\/v2\/pages\/1883\/revisions"}],"predecessor-version":[{"id":1944,"href":"https:\/\/utla.edu.sv\/index.php?rest_route=\/wp\/v2\/pages\/1883\/revisions\/1944"}],"wp:attachment":[{"href":"https:\/\/utla.edu.sv\/index.php?rest_route=%2Fwp%2Fv2%2Fmedia&parent=1883"}],"curies":[{"name":"wp","href":"https:\/\/api.w.org\/{rel}","templated":true}]}}