{"id":2644,"date":"2025-06-08T03:57:46","date_gmt":"2025-06-07T21:57:46","guid":{"rendered":"https:\/\/utla.edu.sv\/?page_id=2644"},"modified":"2025-06-08T03:59:24","modified_gmt":"2025-06-07T21:59:24","slug":"cultura2025-1","status":"publish","type":"page","link":"https:\/\/utla.edu.sv\/?page_id=2644","title":{"rendered":"Cultura2025-1"},"content":{"rendered":"\t\t<div data-elementor-type=\"wp-page\" data-elementor-id=\"2644\" class=\"elementor elementor-2644\">\n\t\t\t\t\t\t<section class=\"elementor-section elementor-top-section elementor-element elementor-element-fca4224 elementor-section-boxed elementor-section-height-default elementor-section-height-default wpr-particle-no wpr-jarallax-no wpr-parallax-no wpr-sticky-section-no\" data-id=\"fca4224\" data-element_type=\"section\">\n\t\t\t\t\t\t<div class=\"elementor-container elementor-column-gap-default\">\n\t\t\t\t\t<div class=\"elementor-column elementor-col-100 elementor-top-column elementor-element elementor-element-1516a03\" data-id=\"1516a03\" data-element_type=\"column\">\n\t\t\t<div class=\"elementor-widget-wrap elementor-element-populated\">\n\t\t\t\t\t\t<div class=\"elementor-element elementor-element-bc8052c elementor-widget elementor-widget-heading\" data-id=\"bc8052c\" data-element_type=\"widget\" data-widget_type=\"heading.default\">\n\t\t\t\t<div class=\"elementor-widget-container\">\n\t\t\t\t\t<h2 class=\"elementor-heading-title elementor-size-default\">D\u00eda mundial del Teatro - 27 de marzo<\/h2>\t\t\t\t<\/div>\n\t\t\t\t<\/div>\n\t\t\t\t\t<\/div>\n\t\t<\/div>\n\t\t\t\t\t<\/div>\n\t\t<\/section>\n\t\t\t\t<section class=\"elementor-section elementor-top-section elementor-element elementor-element-0c56c4f elementor-section-boxed elementor-section-height-default elementor-section-height-default wpr-particle-no wpr-jarallax-no wpr-parallax-no wpr-sticky-section-no\" data-id=\"0c56c4f\" data-element_type=\"section\">\n\t\t\t\t\t\t<div class=\"elementor-container elementor-column-gap-default\">\n\t\t\t\t\t<div class=\"elementor-column elementor-col-50 elementor-top-column elementor-element elementor-element-827d706\" data-id=\"827d706\" data-element_type=\"column\">\n\t\t\t<div class=\"elementor-widget-wrap elementor-element-populated\">\n\t\t\t\t\t\t<div class=\"elementor-element elementor-element-5dbeba8 elementor-widget elementor-widget-text-editor\" data-id=\"5dbeba8\" data-element_type=\"widget\" data-widget_type=\"text-editor.default\">\n\t\t\t\t<div class=\"elementor-widget-container\">\n\t\t\t\t\t\t\t\t\t<p><span data-olk-copy-source=\"MessageBody\">El pasado 27 de marzo, la UTLA a trav\u00e9s de la Unidad de Bienestar y Desarrollo estudiantil, tuvo una destacada participaci\u00f3n con motivo de la celebraci\u00f3n del D\u00eda Mundial del Teatro.<\/span><\/p><p>Este evento, organizado por el Comit\u00e9 Nacional Universitario de Teatro, del cual la UTLA es miembro activo, incluy\u00f3 una serie de actividades que resultaron ser de gran inter\u00e9s y enriquecimiento cultural. Entre ellas, se llev\u00f3 a cabo un rally, un conversatorio con importantes referentes del teatro nacional, as\u00ed como un emotivo homenaje a la maestra Dinora Ca\u00f1enguez, destacada actriz de teatro salvadore\u00f1a con una vasta trayectoria. Adicionalmente, se dio lectura al mensaje mundial del teatro, el cual es emitido cada a\u00f1o por referentes del teatro internacionales, el cual este a\u00f1o estuvo a cargo por el director de teatro griego Theodoros Terzopoulos.<\/p>\t\t\t\t\t\t\t\t<\/div>\n\t\t\t\t<\/div>\n\t\t\t\t\t<\/div>\n\t\t<\/div>\n\t\t\t\t<div class=\"elementor-column elementor-col-50 elementor-top-column elementor-element elementor-element-1f90afc\" data-id=\"1f90afc\" data-element_type=\"column\">\n\t\t\t<div class=\"elementor-widget-wrap elementor-element-populated\">\n\t\t\t\t\t\t<div class=\"elementor-element elementor-element-bffd0fc elementor-widget elementor-widget-image\" data-id=\"bffd0fc\" data-element_type=\"widget\" data-widget_type=\"image.default\">\n\t\t\t\t<div class=\"elementor-widget-container\">\n\t\t\t\t\t\t\t\t\t\t\t\t\t\t\t<img fetchpriority=\"high\" decoding=\"async\" width=\"1024\" height=\"684\" src=\"https:\/\/utla.edu.sv\/wp-content\/uploads\/2025\/04\/IMG-20250327-WA0226-1024x684.jpg\" class=\"attachment-large size-large wp-image-2486\" alt=\"\" srcset=\"https:\/\/utla.edu.sv\/wp-content\/uploads\/2025\/04\/IMG-20250327-WA0226-1024x684.jpg 1024w, https:\/\/utla.edu.sv\/wp-content\/uploads\/2025\/04\/IMG-20250327-WA0226-300x200.jpg 300w, https:\/\/utla.edu.sv\/wp-content\/uploads\/2025\/04\/IMG-20250327-WA0226-768x513.jpg 768w, https:\/\/utla.edu.sv\/wp-content\/uploads\/2025\/04\/IMG-20250327-WA0226-1536x1026.jpg 1536w, https:\/\/utla.edu.sv\/wp-content\/uploads\/2025\/04\/IMG-20250327-WA0226-930x620.jpg 930w, https:\/\/utla.edu.sv\/wp-content\/uploads\/2025\/04\/IMG-20250327-WA0226.jpg 1600w\" sizes=\"(max-width: 1024px) 100vw, 1024px\" \/>\t\t\t\t\t\t\t\t\t\t\t\t\t\t\t<\/div>\n\t\t\t\t<\/div>\n\t\t\t\t\t<\/div>\n\t\t<\/div>\n\t\t\t\t\t<\/div>\n\t\t<\/section>\n\t\t\t\t<section class=\"elementor-section elementor-top-section elementor-element elementor-element-9559cf5 elementor-section-boxed elementor-section-height-default elementor-section-height-default wpr-particle-no wpr-jarallax-no wpr-parallax-no wpr-sticky-section-no\" data-id=\"9559cf5\" data-element_type=\"section\">\n\t\t\t\t\t\t<div class=\"elementor-container elementor-column-gap-default\">\n\t\t\t\t\t<div class=\"elementor-column elementor-col-33 elementor-top-column elementor-element elementor-element-17b0b66\" data-id=\"17b0b66\" data-element_type=\"column\">\n\t\t\t<div class=\"elementor-widget-wrap elementor-element-populated\">\n\t\t\t\t\t\t<div class=\"elementor-element elementor-element-ba453f8 elementor-widget elementor-widget-text-editor\" data-id=\"ba453f8\" data-element_type=\"widget\" data-widget_type=\"text-editor.default\">\n\t\t\t\t<div class=\"elementor-widget-container\">\n\t\t\t\t\t\t\t\t\t<h4 style=\"text-align: center;\"><span data-olk-copy-source=\"MessageBody\">Para culminar la jornada, los asistentes, entre ellos nuestros estudiantes de la UTLA, participaron con entusiasmo en una puesta en escena que fue altamente apreciada y disfrutada por todos los presentes.<\/span><\/h4>\t\t\t\t\t\t\t\t<\/div>\n\t\t\t\t<\/div>\n\t\t\t\t\t<\/div>\n\t\t<\/div>\n\t\t\t\t<div class=\"elementor-column elementor-col-33 elementor-top-column elementor-element elementor-element-0a3c28d\" data-id=\"0a3c28d\" data-element_type=\"column\">\n\t\t\t<div class=\"elementor-widget-wrap elementor-element-populated\">\n\t\t\t\t\t\t<div class=\"elementor-element elementor-element-1ee4f90 elementor-widget elementor-widget-image\" data-id=\"1ee4f90\" data-element_type=\"widget\" data-widget_type=\"image.default\">\n\t\t\t\t<div class=\"elementor-widget-container\">\n\t\t\t\t\t\t\t\t\t\t\t\t\t\t\t<img decoding=\"async\" width=\"1024\" height=\"768\" src=\"https:\/\/utla.edu.sv\/wp-content\/uploads\/2025\/04\/IMG-20250327-WA0320-1024x768.jpg\" class=\"attachment-large size-large wp-image-2487\" alt=\"\" srcset=\"https:\/\/utla.edu.sv\/wp-content\/uploads\/2025\/04\/IMG-20250327-WA0320-1024x768.jpg 1024w, https:\/\/utla.edu.sv\/wp-content\/uploads\/2025\/04\/IMG-20250327-WA0320-300x225.jpg 300w, https:\/\/utla.edu.sv\/wp-content\/uploads\/2025\/04\/IMG-20250327-WA0320-768x576.jpg 768w, https:\/\/utla.edu.sv\/wp-content\/uploads\/2025\/04\/IMG-20250327-WA0320-1536x1152.jpg 1536w, https:\/\/utla.edu.sv\/wp-content\/uploads\/2025\/04\/IMG-20250327-WA0320-2048x1536.jpg 2048w\" sizes=\"(max-width: 1024px) 100vw, 1024px\" \/>\t\t\t\t\t\t\t\t\t\t\t\t\t\t\t<\/div>\n\t\t\t\t<\/div>\n\t\t\t\t\t<\/div>\n\t\t<\/div>\n\t\t\t\t<div class=\"elementor-column elementor-col-33 elementor-top-column elementor-element elementor-element-a34c494\" data-id=\"a34c494\" data-element_type=\"column\">\n\t\t\t<div class=\"elementor-widget-wrap elementor-element-populated\">\n\t\t\t\t\t\t<div class=\"elementor-element elementor-element-19118dc elementor-widget elementor-widget-image\" data-id=\"19118dc\" data-element_type=\"widget\" data-widget_type=\"image.default\">\n\t\t\t\t<div class=\"elementor-widget-container\">\n\t\t\t\t\t\t\t\t\t\t\t\t\t\t\t<img decoding=\"async\" width=\"1024\" height=\"684\" src=\"https:\/\/utla.edu.sv\/wp-content\/uploads\/2025\/04\/IMG-20250327-WA0228-1024x684.jpg\" class=\"attachment-large size-large wp-image-2488\" alt=\"\" srcset=\"https:\/\/utla.edu.sv\/wp-content\/uploads\/2025\/04\/IMG-20250327-WA0228-1024x684.jpg 1024w, https:\/\/utla.edu.sv\/wp-content\/uploads\/2025\/04\/IMG-20250327-WA0228-300x200.jpg 300w, https:\/\/utla.edu.sv\/wp-content\/uploads\/2025\/04\/IMG-20250327-WA0228-768x513.jpg 768w, https:\/\/utla.edu.sv\/wp-content\/uploads\/2025\/04\/IMG-20250327-WA0228-1536x1026.jpg 1536w, https:\/\/utla.edu.sv\/wp-content\/uploads\/2025\/04\/IMG-20250327-WA0228-930x620.jpg 930w, https:\/\/utla.edu.sv\/wp-content\/uploads\/2025\/04\/IMG-20250327-WA0228.jpg 1600w\" sizes=\"(max-width: 1024px) 100vw, 1024px\" \/>\t\t\t\t\t\t\t\t\t\t\t\t\t\t\t<\/div>\n\t\t\t\t<\/div>\n\t\t\t\t\t<\/div>\n\t\t<\/div>\n\t\t\t\t\t<\/div>\n\t\t<\/section>\n\t\t\t\t<section class=\"elementor-section elementor-top-section elementor-element elementor-element-95a258f elementor-section-boxed elementor-section-height-default elementor-section-height-default wpr-particle-no wpr-jarallax-no wpr-parallax-no wpr-sticky-section-no\" data-id=\"95a258f\" data-element_type=\"section\">\n\t\t\t\t\t\t<div class=\"elementor-container elementor-column-gap-default\">\n\t\t\t\t\t<div class=\"elementor-column elementor-col-33 elementor-top-column elementor-element elementor-element-da83d0e\" data-id=\"da83d0e\" data-element_type=\"column\">\n\t\t\t<div class=\"elementor-widget-wrap elementor-element-populated\">\n\t\t\t\t\t\t<div class=\"elementor-element elementor-element-f61390b elementor-widget elementor-widget-image\" data-id=\"f61390b\" data-element_type=\"widget\" data-widget_type=\"image.default\">\n\t\t\t\t<div class=\"elementor-widget-container\">\n\t\t\t\t\t\t\t\t\t\t\t\t\t\t\t<img loading=\"lazy\" decoding=\"async\" width=\"1024\" height=\"684\" src=\"https:\/\/utla.edu.sv\/wp-content\/uploads\/2025\/04\/IMG-20250327-WA0225-1024x684.jpg\" class=\"attachment-large size-large wp-image-2489\" alt=\"\" srcset=\"https:\/\/utla.edu.sv\/wp-content\/uploads\/2025\/04\/IMG-20250327-WA0225-1024x684.jpg 1024w, https:\/\/utla.edu.sv\/wp-content\/uploads\/2025\/04\/IMG-20250327-WA0225-300x200.jpg 300w, https:\/\/utla.edu.sv\/wp-content\/uploads\/2025\/04\/IMG-20250327-WA0225-768x513.jpg 768w, https:\/\/utla.edu.sv\/wp-content\/uploads\/2025\/04\/IMG-20250327-WA0225-1536x1026.jpg 1536w, https:\/\/utla.edu.sv\/wp-content\/uploads\/2025\/04\/IMG-20250327-WA0225-930x620.jpg 930w, https:\/\/utla.edu.sv\/wp-content\/uploads\/2025\/04\/IMG-20250327-WA0225.jpg 1600w\" sizes=\"(max-width: 1024px) 100vw, 1024px\" \/>\t\t\t\t\t\t\t\t\t\t\t\t\t\t\t<\/div>\n\t\t\t\t<\/div>\n\t\t\t\t\t<\/div>\n\t\t<\/div>\n\t\t\t\t<div class=\"elementor-column elementor-col-33 elementor-top-column elementor-element elementor-element-d517f20\" data-id=\"d517f20\" data-element_type=\"column\">\n\t\t\t<div class=\"elementor-widget-wrap elementor-element-populated\">\n\t\t\t\t\t\t<div class=\"elementor-element elementor-element-8e50c60 elementor-widget elementor-widget-image\" data-id=\"8e50c60\" data-element_type=\"widget\" data-widget_type=\"image.default\">\n\t\t\t\t<div class=\"elementor-widget-container\">\n\t\t\t\t\t\t\t\t\t\t\t\t\t\t\t<img loading=\"lazy\" decoding=\"async\" width=\"576\" height=\"492\" src=\"https:\/\/utla.edu.sv\/wp-content\/uploads\/2025\/04\/IMG-20250327-WA0363-3.jpg\" class=\"attachment-large size-large wp-image-2490\" alt=\"\" srcset=\"https:\/\/utla.edu.sv\/wp-content\/uploads\/2025\/04\/IMG-20250327-WA0363-3.jpg 576w, https:\/\/utla.edu.sv\/wp-content\/uploads\/2025\/04\/IMG-20250327-WA0363-3-300x256.jpg 300w\" sizes=\"(max-width: 576px) 100vw, 576px\" \/>\t\t\t\t\t\t\t\t\t\t\t\t\t\t\t<\/div>\n\t\t\t\t<\/div>\n\t\t\t\t\t<\/div>\n\t\t<\/div>\n\t\t\t\t<div class=\"elementor-column elementor-col-33 elementor-top-column elementor-element elementor-element-960dd59\" data-id=\"960dd59\" data-element_type=\"column\">\n\t\t\t<div class=\"elementor-widget-wrap elementor-element-populated\">\n\t\t\t\t\t\t<div class=\"elementor-element elementor-element-be4eab8 elementor-widget elementor-widget-image\" data-id=\"be4eab8\" data-element_type=\"widget\" data-widget_type=\"image.default\">\n\t\t\t\t<div class=\"elementor-widget-container\">\n\t\t\t\t\t\t\t\t\t\t\t\t\t\t\t<img loading=\"lazy\" decoding=\"async\" width=\"1024\" height=\"768\" src=\"https:\/\/utla.edu.sv\/wp-content\/uploads\/2025\/04\/IMG-20250327-WA0339-1024x768.jpg\" class=\"attachment-large size-large wp-image-2491\" alt=\"\" srcset=\"https:\/\/utla.edu.sv\/wp-content\/uploads\/2025\/04\/IMG-20250327-WA0339-1024x768.jpg 1024w, https:\/\/utla.edu.sv\/wp-content\/uploads\/2025\/04\/IMG-20250327-WA0339-300x225.jpg 300w, https:\/\/utla.edu.sv\/wp-content\/uploads\/2025\/04\/IMG-20250327-WA0339-768x576.jpg 768w, https:\/\/utla.edu.sv\/wp-content\/uploads\/2025\/04\/IMG-20250327-WA0339-1536x1152.jpg 1536w, https:\/\/utla.edu.sv\/wp-content\/uploads\/2025\/04\/IMG-20250327-WA0339-2048x1536.jpg 2048w\" sizes=\"(max-width: 1024px) 100vw, 1024px\" \/>\t\t\t\t\t\t\t\t\t\t\t\t\t\t\t<\/div>\n\t\t\t\t<\/div>\n\t\t\t\t\t<\/div>\n\t\t<\/div>\n\t\t\t\t\t<\/div>\n\t\t<\/section>\n\t\t\t\t<\/div>\n\t\t","protected":false},"excerpt":{"rendered":"<p>D\u00eda mundial del Teatro &#8211; 27 de marzo El pasado 27 de marzo, la UTLA a trav\u00e9s de la Unidad de Bienestar y Desarrollo estudiantil, tuvo una destacada participaci\u00f3n con motivo de la celebraci\u00f3n del D\u00eda Mundial del Teatro. Este evento, organizado por el Comit\u00e9 Nacional Universitario de Teatro, del cual la UTLA es miembro activo, incluy\u00f3 una serie de actividades que resultaron ser de gran inter\u00e9s y enriquecimiento cultural. Entre ellas, se llev\u00f3 a cabo un rally, un conversatorio con importantes referentes del teatro nacional, as\u00ed como un emotivo homenaje a la maestra Dinora Ca\u00f1enguez, destacada actriz de teatro salvadore\u00f1a con una vasta trayectoria. Adicionalmente, se dio lectura al mensaje mundial del teatro, el cual es emitido cada a\u00f1o por referentes del teatro internacionales, el cual este a\u00f1o estuvo a cargo por el director de teatro griego Theodoros Terzopoulos. Para culminar la jornada, los asistentes, entre ellos nuestros estudiantes de la UTLA, participaron con entusiasmo en una puesta en escena que fue altamente apreciada y disfrutada por todos los presentes.<\/p>\n","protected":false},"author":2,"featured_media":0,"parent":0,"menu_order":0,"comment_status":"closed","ping_status":"closed","template":"page-templates\/template-pagebuilder-full-width.php","meta":{"_monsterinsights_skip_tracking":false,"_monsterinsights_sitenote_active":false,"_monsterinsights_sitenote_note":"","_monsterinsights_sitenote_category":0,"neve_meta_sidebar":"","neve_meta_container":"","neve_meta_enable_content_width":"","neve_meta_content_width":0,"neve_meta_title_alignment":"","neve_meta_author_avatar":"","neve_post_elements_order":"","neve_meta_disable_header":"","neve_meta_disable_footer":"","neve_meta_disable_title":"on","footnotes":""},"class_list":["post-2644","page","type-page","status-publish","hentry"],"_links":{"self":[{"href":"https:\/\/utla.edu.sv\/index.php?rest_route=\/wp\/v2\/pages\/2644","targetHints":{"allow":["GET"]}}],"collection":[{"href":"https:\/\/utla.edu.sv\/index.php?rest_route=\/wp\/v2\/pages"}],"about":[{"href":"https:\/\/utla.edu.sv\/index.php?rest_route=\/wp\/v2\/types\/page"}],"author":[{"embeddable":true,"href":"https:\/\/utla.edu.sv\/index.php?rest_route=\/wp\/v2\/users\/2"}],"replies":[{"embeddable":true,"href":"https:\/\/utla.edu.sv\/index.php?rest_route=%2Fwp%2Fv2%2Fcomments&post=2644"}],"version-history":[{"count":4,"href":"https:\/\/utla.edu.sv\/index.php?rest_route=\/wp\/v2\/pages\/2644\/revisions"}],"predecessor-version":[{"id":2648,"href":"https:\/\/utla.edu.sv\/index.php?rest_route=\/wp\/v2\/pages\/2644\/revisions\/2648"}],"wp:attachment":[{"href":"https:\/\/utla.edu.sv\/index.php?rest_route=%2Fwp%2Fv2%2Fmedia&parent=2644"}],"curies":[{"name":"wp","href":"https:\/\/api.w.org\/{rel}","templated":true}]}}