{"id":2652,"date":"2025-06-08T04:04:52","date_gmt":"2025-06-07T22:04:52","guid":{"rendered":"https:\/\/utla.edu.sv\/?page_id=2652"},"modified":"2025-06-08T04:06:04","modified_gmt":"2025-06-07T22:06:04","slug":"cultura2025-2","status":"publish","type":"page","link":"https:\/\/utla.edu.sv\/?page_id=2652","title":{"rendered":"Cultura2025-2"},"content":{"rendered":"\t\t<div data-elementor-type=\"wp-page\" data-elementor-id=\"2652\" class=\"elementor elementor-2652\">\n\t\t\t\t\t\t<section class=\"elementor-section elementor-top-section elementor-element elementor-element-9ec71ff elementor-section-boxed elementor-section-height-default elementor-section-height-default wpr-particle-no wpr-jarallax-no wpr-parallax-no wpr-sticky-section-no\" data-id=\"9ec71ff\" data-element_type=\"section\">\n\t\t\t\t\t\t<div class=\"elementor-container elementor-column-gap-default\">\n\t\t\t\t\t<div class=\"elementor-column elementor-col-100 elementor-top-column elementor-element elementor-element-bcd2196\" data-id=\"bcd2196\" data-element_type=\"column\">\n\t\t\t<div class=\"elementor-widget-wrap elementor-element-populated\">\n\t\t\t\t\t\t<div class=\"elementor-element elementor-element-9c5f43c elementor-widget elementor-widget-heading\" data-id=\"9c5f43c\" data-element_type=\"widget\" data-widget_type=\"heading.default\">\n\t\t\t\t<div class=\"elementor-widget-container\">\n\t\t\t\t\t<h2 class=\"elementor-heading-title elementor-size-default\">Foro sobre Educaci\u00f3n V\u00edal<\/h2>\t\t\t\t<\/div>\n\t\t\t\t<\/div>\n\t\t\t\t\t<\/div>\n\t\t<\/div>\n\t\t\t\t\t<\/div>\n\t\t<\/section>\n\t\t\t\t<section class=\"elementor-section elementor-top-section elementor-element elementor-element-f165375 elementor-section-boxed elementor-section-height-default elementor-section-height-default wpr-particle-no wpr-jarallax-no wpr-parallax-no wpr-sticky-section-no\" data-id=\"f165375\" data-element_type=\"section\">\n\t\t\t\t\t\t<div class=\"elementor-container elementor-column-gap-default\">\n\t\t\t\t\t<div class=\"elementor-column elementor-col-33 elementor-top-column elementor-element elementor-element-72f9943\" data-id=\"72f9943\" data-element_type=\"column\">\n\t\t\t<div class=\"elementor-widget-wrap elementor-element-populated\">\n\t\t\t\t\t\t<div class=\"elementor-element elementor-element-46f870c elementor-widget elementor-widget-text-editor\" data-id=\"46f870c\" data-element_type=\"widget\" data-widget_type=\"text-editor.default\">\n\t\t\t\t<div class=\"elementor-widget-container\">\n\t\t\t\t\t\t\t\t\t<div class=\"x_elementToProof\" data-olk-copy-source=\"MessageBody\">Este d\u00eda, el auditorio de la Universidad T\u00e9cnica Latinoamericana\u00a0 fue el escenario de un importante foro sobre Educaci\u00f3n para la Educaci\u00f3n Vial, organizado por CODESEVI.y la UTLA a\u00a0 trav\u00e9s de la Unidad de Bienestar y Desarrollo Estudientil .<\/div><div class=\"x_elementToProof\">Durante la actividad se abordaron tem\u00e1ticas clave como la Ley FONAT\u00a0y el Manejo a la Defensiva, con el objetivo de fortalecer la cultura vial en nuestra sociedad.<\/div>\t\t\t\t\t\t\t\t<\/div>\n\t\t\t\t<\/div>\n\t\t\t\t\t<\/div>\n\t\t<\/div>\n\t\t\t\t<div class=\"elementor-column elementor-col-33 elementor-top-column elementor-element elementor-element-051ef54\" data-id=\"051ef54\" data-element_type=\"column\">\n\t\t\t<div class=\"elementor-widget-wrap elementor-element-populated\">\n\t\t\t\t\t\t<div class=\"elementor-element elementor-element-45e9432 elementor-widget elementor-widget-image\" data-id=\"45e9432\" data-element_type=\"widget\" data-widget_type=\"image.default\">\n\t\t\t\t<div class=\"elementor-widget-container\">\n\t\t\t\t\t\t\t\t\t\t\t\t\t\t\t<img fetchpriority=\"high\" decoding=\"async\" width=\"1024\" height=\"768\" src=\"https:\/\/utla.edu.sv\/wp-content\/uploads\/2025\/04\/IMG-20250410-WA0097-1024x768.jpg\" class=\"attachment-large size-large wp-image-2509\" alt=\"\" srcset=\"https:\/\/utla.edu.sv\/wp-content\/uploads\/2025\/04\/IMG-20250410-WA0097-1024x768.jpg 1024w, https:\/\/utla.edu.sv\/wp-content\/uploads\/2025\/04\/IMG-20250410-WA0097-300x225.jpg 300w, https:\/\/utla.edu.sv\/wp-content\/uploads\/2025\/04\/IMG-20250410-WA0097-768x576.jpg 768w, https:\/\/utla.edu.sv\/wp-content\/uploads\/2025\/04\/IMG-20250410-WA0097-1536x1152.jpg 1536w, https:\/\/utla.edu.sv\/wp-content\/uploads\/2025\/04\/IMG-20250410-WA0097-2048x1536.jpg 2048w\" sizes=\"(max-width: 1024px) 100vw, 1024px\" \/>\t\t\t\t\t\t\t\t\t\t\t\t\t\t\t<\/div>\n\t\t\t\t<\/div>\n\t\t\t\t\t<\/div>\n\t\t<\/div>\n\t\t\t\t<div class=\"elementor-column elementor-col-33 elementor-top-column elementor-element elementor-element-a63cd48\" data-id=\"a63cd48\" data-element_type=\"column\">\n\t\t\t<div class=\"elementor-widget-wrap elementor-element-populated\">\n\t\t\t\t\t\t<div class=\"elementor-element elementor-element-c0835dc elementor-widget elementor-widget-image\" data-id=\"c0835dc\" data-element_type=\"widget\" data-widget_type=\"image.default\">\n\t\t\t\t<div class=\"elementor-widget-container\">\n\t\t\t\t\t\t\t\t\t\t\t\t\t\t\t<img decoding=\"async\" width=\"1024\" height=\"655\" src=\"https:\/\/utla.edu.sv\/wp-content\/uploads\/2025\/04\/IMG-20250410-WA0149-1-1024x655.jpg\" class=\"attachment-large size-large wp-image-2510\" alt=\"\" srcset=\"https:\/\/utla.edu.sv\/wp-content\/uploads\/2025\/04\/IMG-20250410-WA0149-1-1024x655.jpg 1024w, https:\/\/utla.edu.sv\/wp-content\/uploads\/2025\/04\/IMG-20250410-WA0149-1-300x192.jpg 300w, https:\/\/utla.edu.sv\/wp-content\/uploads\/2025\/04\/IMG-20250410-WA0149-1-768x491.jpg 768w, https:\/\/utla.edu.sv\/wp-content\/uploads\/2025\/04\/IMG-20250410-WA0149-1-1536x982.jpg 1536w, https:\/\/utla.edu.sv\/wp-content\/uploads\/2025\/04\/IMG-20250410-WA0149-1-2048x1309.jpg 2048w\" sizes=\"(max-width: 1024px) 100vw, 1024px\" \/>\t\t\t\t\t\t\t\t\t\t\t\t\t\t\t<\/div>\n\t\t\t\t<\/div>\n\t\t\t\t\t<\/div>\n\t\t<\/div>\n\t\t\t\t\t<\/div>\n\t\t<\/section>\n\t\t\t\t<section class=\"elementor-section elementor-top-section elementor-element elementor-element-961605c elementor-section-boxed elementor-section-height-default elementor-section-height-default wpr-particle-no wpr-jarallax-no wpr-parallax-no wpr-sticky-section-no\" data-id=\"961605c\" data-element_type=\"section\">\n\t\t\t\t\t\t<div class=\"elementor-container elementor-column-gap-default\">\n\t\t\t\t\t<div class=\"elementor-column elementor-col-33 elementor-top-column elementor-element elementor-element-eb8ef07\" data-id=\"eb8ef07\" data-element_type=\"column\">\n\t\t\t<div class=\"elementor-widget-wrap elementor-element-populated\">\n\t\t\t\t\t\t<div class=\"elementor-element elementor-element-367b98e elementor-widget elementor-widget-text-editor\" data-id=\"367b98e\" data-element_type=\"widget\" data-widget_type=\"text-editor.default\">\n\t\t\t\t<div class=\"elementor-widget-container\">\n\t\t\t\t\t\t\t\t\t<div class=\"x_elementToProof\" data-olk-copy-source=\"MessageBody\">El evento fue un verdadero \u00e9xito, contando con la participaci\u00f3n de 95 personas, entre estudiantes, docentes y representantes de instituciones vinculadas a la seguridad vial, como:<\/div><div class=\"x_elementToProof\">\u2705 Gobernaci\u00f3n<br \/>\u2705 Cruz Roja Salvadore\u00f1a<br \/>\u2705 Polic\u00eda Nacional Civil<br \/>\u2705 FONAT<br \/>\u2705 Autoridades de la UTLA<\/div>\t\t\t\t\t\t\t\t<\/div>\n\t\t\t\t<\/div>\n\t\t\t\t\t<\/div>\n\t\t<\/div>\n\t\t\t\t<div class=\"elementor-column elementor-col-33 elementor-top-column elementor-element elementor-element-e9c7b5b\" data-id=\"e9c7b5b\" data-element_type=\"column\">\n\t\t\t<div class=\"elementor-widget-wrap elementor-element-populated\">\n\t\t\t\t\t\t<div class=\"elementor-element elementor-element-9db58ed elementor-widget elementor-widget-image\" data-id=\"9db58ed\" data-element_type=\"widget\" data-widget_type=\"image.default\">\n\t\t\t\t<div class=\"elementor-widget-container\">\n\t\t\t\t\t\t\t\t\t\t\t\t\t\t\t<img decoding=\"async\" width=\"768\" height=\"1024\" src=\"https:\/\/utla.edu.sv\/wp-content\/uploads\/2025\/04\/IMG-20250410-WA0092-768x1024.jpg\" class=\"attachment-large size-large wp-image-2512\" alt=\"\" srcset=\"https:\/\/utla.edu.sv\/wp-content\/uploads\/2025\/04\/IMG-20250410-WA0092-768x1024.jpg 768w, https:\/\/utla.edu.sv\/wp-content\/uploads\/2025\/04\/IMG-20250410-WA0092-225x300.jpg 225w, https:\/\/utla.edu.sv\/wp-content\/uploads\/2025\/04\/IMG-20250410-WA0092-1152x1536.jpg 1152w, https:\/\/utla.edu.sv\/wp-content\/uploads\/2025\/04\/IMG-20250410-WA0092-1536x2048.jpg 1536w, https:\/\/utla.edu.sv\/wp-content\/uploads\/2025\/04\/IMG-20250410-WA0092-scaled.jpg 1920w\" sizes=\"(max-width: 768px) 100vw, 768px\" \/>\t\t\t\t\t\t\t\t\t\t\t\t\t\t\t<\/div>\n\t\t\t\t<\/div>\n\t\t\t\t\t<\/div>\n\t\t<\/div>\n\t\t\t\t<div class=\"elementor-column elementor-col-33 elementor-top-column elementor-element elementor-element-b0feb6d\" data-id=\"b0feb6d\" data-element_type=\"column\">\n\t\t\t<div class=\"elementor-widget-wrap elementor-element-populated\">\n\t\t\t\t\t\t<div class=\"elementor-element elementor-element-0b603b8 elementor-widget elementor-widget-image\" data-id=\"0b603b8\" data-element_type=\"widget\" data-widget_type=\"image.default\">\n\t\t\t\t<div class=\"elementor-widget-container\">\n\t\t\t\t\t\t\t\t\t\t\t\t\t\t\t<img loading=\"lazy\" decoding=\"async\" width=\"768\" height=\"1024\" src=\"https:\/\/utla.edu.sv\/wp-content\/uploads\/2025\/04\/IMG-20250410-WA0138-768x1024.jpg\" class=\"attachment-large size-large wp-image-2524\" alt=\"\" srcset=\"https:\/\/utla.edu.sv\/wp-content\/uploads\/2025\/04\/IMG-20250410-WA0138-768x1024.jpg 768w, https:\/\/utla.edu.sv\/wp-content\/uploads\/2025\/04\/IMG-20250410-WA0138-225x300.jpg 225w, https:\/\/utla.edu.sv\/wp-content\/uploads\/2025\/04\/IMG-20250410-WA0138-1152x1536.jpg 1152w, https:\/\/utla.edu.sv\/wp-content\/uploads\/2025\/04\/IMG-20250410-WA0138-1536x2048.jpg 1536w, https:\/\/utla.edu.sv\/wp-content\/uploads\/2025\/04\/IMG-20250410-WA0138-scaled.jpg 1920w\" sizes=\"(max-width: 768px) 100vw, 768px\" \/>\t\t\t\t\t\t\t\t\t\t\t\t\t\t\t<\/div>\n\t\t\t\t<\/div>\n\t\t\t\t\t<\/div>\n\t\t<\/div>\n\t\t\t\t\t<\/div>\n\t\t<\/section>\n\t\t\t\t<\/div>\n\t\t","protected":false},"excerpt":{"rendered":"<p>Foro sobre Educaci\u00f3n V\u00edal Este d\u00eda, el auditorio de la Universidad T\u00e9cnica Latinoamericana\u00a0 fue el escenario de un importante foro sobre Educaci\u00f3n para la Educaci\u00f3n Vial, organizado por CODESEVI.y la UTLA a\u00a0 trav\u00e9s de la Unidad de Bienestar y Desarrollo Estudientil .Durante la actividad se abordaron tem\u00e1ticas clave como la Ley FONAT\u00a0y el Manejo a la Defensiva, con el objetivo de fortalecer la cultura vial en nuestra sociedad. El evento fue un verdadero \u00e9xito, contando con la participaci\u00f3n de 95 personas, entre estudiantes, docentes y representantes de instituciones vinculadas a la seguridad vial, como:\u2705 Gobernaci\u00f3n\u2705 Cruz Roja Salvadore\u00f1a\u2705 Polic\u00eda Nacional Civil\u2705 FONAT\u2705 Autoridades de la UTLA<\/p>\n","protected":false},"author":2,"featured_media":0,"parent":0,"menu_order":0,"comment_status":"closed","ping_status":"closed","template":"page-templates\/template-pagebuilder-full-width.php","meta":{"_monsterinsights_skip_tracking":false,"_monsterinsights_sitenote_active":false,"_monsterinsights_sitenote_note":"","_monsterinsights_sitenote_category":0,"neve_meta_sidebar":"","neve_meta_container":"","neve_meta_enable_content_width":"","neve_meta_content_width":0,"neve_meta_title_alignment":"","neve_meta_author_avatar":"","neve_post_elements_order":"","neve_meta_disable_header":"","neve_meta_disable_footer":"","neve_meta_disable_title":"on","footnotes":""},"class_list":["post-2652","page","type-page","status-publish","hentry"],"_links":{"self":[{"href":"https:\/\/utla.edu.sv\/index.php?rest_route=\/wp\/v2\/pages\/2652","targetHints":{"allow":["GET"]}}],"collection":[{"href":"https:\/\/utla.edu.sv\/index.php?rest_route=\/wp\/v2\/pages"}],"about":[{"href":"https:\/\/utla.edu.sv\/index.php?rest_route=\/wp\/v2\/types\/page"}],"author":[{"embeddable":true,"href":"https:\/\/utla.edu.sv\/index.php?rest_route=\/wp\/v2\/users\/2"}],"replies":[{"embeddable":true,"href":"https:\/\/utla.edu.sv\/index.php?rest_route=%2Fwp%2Fv2%2Fcomments&post=2652"}],"version-history":[{"count":4,"href":"https:\/\/utla.edu.sv\/index.php?rest_route=\/wp\/v2\/pages\/2652\/revisions"}],"predecessor-version":[{"id":2656,"href":"https:\/\/utla.edu.sv\/index.php?rest_route=\/wp\/v2\/pages\/2652\/revisions\/2656"}],"wp:attachment":[{"href":"https:\/\/utla.edu.sv\/index.php?rest_route=%2Fwp%2Fv2%2Fmedia&parent=2652"}],"curies":[{"name":"wp","href":"https:\/\/api.w.org\/{rel}","templated":true}]}}