{"id":2660,"date":"2025-06-08T04:12:16","date_gmt":"2025-06-07T22:12:16","guid":{"rendered":"https:\/\/utla.edu.sv\/?page_id=2660"},"modified":"2025-06-08T04:15:48","modified_gmt":"2025-06-07T22:15:48","slug":"cultura2025-3","status":"publish","type":"page","link":"https:\/\/utla.edu.sv\/?page_id=2660","title":{"rendered":"Cultura2025-3"},"content":{"rendered":"\t\t<div data-elementor-type=\"wp-page\" data-elementor-id=\"2660\" class=\"elementor elementor-2660\">\n\t\t\t\t\t\t<section class=\"elementor-section elementor-top-section elementor-element elementor-element-e2705d2 elementor-section-boxed elementor-section-height-default elementor-section-height-default wpr-particle-no wpr-jarallax-no wpr-parallax-no wpr-sticky-section-no\" data-id=\"e2705d2\" data-element_type=\"section\">\n\t\t\t\t\t\t<div class=\"elementor-container elementor-column-gap-default\">\n\t\t\t\t\t<div class=\"elementor-column elementor-col-33 elementor-top-column elementor-element elementor-element-d2d2894\" data-id=\"d2d2894\" data-element_type=\"column\">\n\t\t\t<div class=\"elementor-widget-wrap elementor-element-populated\">\n\t\t\t\t\t\t<div class=\"elementor-element elementor-element-df4dd7e elementor-widget elementor-widget-text-editor\" data-id=\"df4dd7e\" data-element_type=\"widget\" data-widget_type=\"text-editor.default\">\n\t\t\t\t<div class=\"elementor-widget-container\">\n\t\t\t\t\t\t\t\t\t<p><span data-olk-copy-source=\"MessageBody\">El 13 de marzo la Unidad de Bienestar y Desarrollo Estudiantil en coordinaci\u00f3n con la Asociaci\u00f3n de Mujeres Tecle\u00f1as, celebramos una actividad en conmemoraci\u00f3n del D\u00eda Internacional de los Derechos de las Mujeres. Realizamos un cinef\u00f3rum donde, a trav\u00e9s de un video, en el que se visibiliz\u00f3 la violencia que enfrentan las mujeres en su vida cotidiana.<\/span><\/p>\t\t\t\t\t\t\t\t<\/div>\n\t\t\t\t<\/div>\n\t\t\t\t\t<\/div>\n\t\t<\/div>\n\t\t\t\t<div class=\"elementor-column elementor-col-33 elementor-top-column elementor-element elementor-element-21af04c\" data-id=\"21af04c\" data-element_type=\"column\">\n\t\t\t<div class=\"elementor-widget-wrap elementor-element-populated\">\n\t\t\t\t\t\t<div class=\"elementor-element elementor-element-54f063b elementor-widget elementor-widget-image\" data-id=\"54f063b\" data-element_type=\"widget\" data-widget_type=\"image.default\">\n\t\t\t\t<div class=\"elementor-widget-container\">\n\t\t\t\t\t\t\t\t\t\t\t\t\t\t\t<img fetchpriority=\"high\" decoding=\"async\" width=\"1024\" height=\"576\" src=\"https:\/\/utla.edu.sv\/wp-content\/uploads\/2025\/06\/image-1024x576.png\" class=\"attachment-large size-large wp-image-2617\" alt=\"\" srcset=\"https:\/\/utla.edu.sv\/wp-content\/uploads\/2025\/06\/image-1024x576.png 1024w, https:\/\/utla.edu.sv\/wp-content\/uploads\/2025\/06\/image-300x169.png 300w, https:\/\/utla.edu.sv\/wp-content\/uploads\/2025\/06\/image-768x432.png 768w, https:\/\/utla.edu.sv\/wp-content\/uploads\/2025\/06\/image.png 1280w\" sizes=\"(max-width: 1024px) 100vw, 1024px\" \/>\t\t\t\t\t\t\t\t\t\t\t\t\t\t\t<\/div>\n\t\t\t\t<\/div>\n\t\t\t\t\t<\/div>\n\t\t<\/div>\n\t\t\t\t<div class=\"elementor-column elementor-col-33 elementor-top-column elementor-element elementor-element-69691c4\" data-id=\"69691c4\" data-element_type=\"column\">\n\t\t\t<div class=\"elementor-widget-wrap elementor-element-populated\">\n\t\t\t\t\t\t<div class=\"elementor-element elementor-element-fbce9ad elementor-widget elementor-widget-image\" data-id=\"fbce9ad\" data-element_type=\"widget\" data-widget_type=\"image.default\">\n\t\t\t\t<div class=\"elementor-widget-container\">\n\t\t\t\t\t\t\t\t\t\t\t\t\t\t\t<img decoding=\"async\" width=\"1024\" height=\"718\" src=\"https:\/\/utla.edu.sv\/wp-content\/uploads\/2025\/06\/image-1-1024x718.png\" class=\"attachment-large size-large wp-image-2616\" alt=\"\" srcset=\"https:\/\/utla.edu.sv\/wp-content\/uploads\/2025\/06\/image-1-1024x718.png 1024w, https:\/\/utla.edu.sv\/wp-content\/uploads\/2025\/06\/image-1-300x210.png 300w, https:\/\/utla.edu.sv\/wp-content\/uploads\/2025\/06\/image-1-768x539.png 768w, https:\/\/utla.edu.sv\/wp-content\/uploads\/2025\/06\/image-1.png 1421w\" sizes=\"(max-width: 1024px) 100vw, 1024px\" \/>\t\t\t\t\t\t\t\t\t\t\t\t\t\t\t<\/div>\n\t\t\t\t<\/div>\n\t\t\t\t\t<\/div>\n\t\t<\/div>\n\t\t\t\t\t<\/div>\n\t\t<\/section>\n\t\t\t\t<section class=\"elementor-section elementor-top-section elementor-element elementor-element-76056f3 elementor-section-boxed elementor-section-height-default elementor-section-height-default wpr-particle-no wpr-jarallax-no wpr-parallax-no wpr-sticky-section-no\" data-id=\"76056f3\" data-element_type=\"section\">\n\t\t\t\t\t\t<div class=\"elementor-container elementor-column-gap-default\">\n\t\t\t\t\t<div class=\"elementor-column elementor-col-50 elementor-top-column elementor-element elementor-element-222ad7e\" data-id=\"222ad7e\" data-element_type=\"column\">\n\t\t\t<div class=\"elementor-widget-wrap elementor-element-populated\">\n\t\t\t\t\t\t<div class=\"elementor-element elementor-element-739ddad elementor-widget elementor-widget-text-editor\" data-id=\"739ddad\" data-element_type=\"widget\" data-widget_type=\"text-editor.default\">\n\t\t\t\t<div class=\"elementor-widget-container\">\n\t\t\t\t\t\t\t\t\t<div data-olk-copy-source=\"MessageBody\">Despu\u00e9s de la proyecci\u00f3n, se generaron preguntas reflexivas, y finalizamos con una charla sobre los distintos tipos de violencia y las organizaciones que trabajan para proteger los derechos de las mujeres.\u00a0 \u00a0<\/div><div>El objetivo de la actividad fue el de crear espacios participativos en el tema de igualdad y erradicaci\u00f3n de violencia en el \u00e1mbito acad\u00e9mico y propiciar las oportunidades educativas en igualdad de condiciones.<\/div>\t\t\t\t\t\t\t\t<\/div>\n\t\t\t\t<\/div>\n\t\t\t\t\t<\/div>\n\t\t<\/div>\n\t\t\t\t<div class=\"elementor-column elementor-col-50 elementor-top-column elementor-element elementor-element-7844941\" data-id=\"7844941\" data-element_type=\"column\">\n\t\t\t<div class=\"elementor-widget-wrap elementor-element-populated\">\n\t\t\t\t\t\t<div class=\"elementor-element elementor-element-0a64dad elementor-widget elementor-widget-image\" data-id=\"0a64dad\" data-element_type=\"widget\" data-widget_type=\"image.default\">\n\t\t\t\t<div class=\"elementor-widget-container\">\n\t\t\t\t\t\t\t\t\t\t\t\t\t\t\t<img decoding=\"async\" width=\"1024\" height=\"576\" src=\"https:\/\/utla.edu.sv\/wp-content\/uploads\/2025\/06\/image-2-1024x576.png\" class=\"attachment-large size-large wp-image-2618\" alt=\"\" srcset=\"https:\/\/utla.edu.sv\/wp-content\/uploads\/2025\/06\/image-2-1024x576.png 1024w, https:\/\/utla.edu.sv\/wp-content\/uploads\/2025\/06\/image-2-300x169.png 300w, https:\/\/utla.edu.sv\/wp-content\/uploads\/2025\/06\/image-2-768x432.png 768w, https:\/\/utla.edu.sv\/wp-content\/uploads\/2025\/06\/image-2.png 1280w\" sizes=\"(max-width: 1024px) 100vw, 1024px\" \/>\t\t\t\t\t\t\t\t\t\t\t\t\t\t\t<\/div>\n\t\t\t\t<\/div>\n\t\t\t\t\t<\/div>\n\t\t<\/div>\n\t\t\t\t\t<\/div>\n\t\t<\/section>\n\t\t\t\t<\/div>\n\t\t","protected":false},"excerpt":{"rendered":"<p>El 13 de marzo la Unidad de Bienestar y Desarrollo Estudiantil en coordinaci\u00f3n con la Asociaci\u00f3n de Mujeres Tecle\u00f1as, celebramos una actividad en conmemoraci\u00f3n del D\u00eda Internacional de los Derechos de las Mujeres. Realizamos un cinef\u00f3rum donde, a trav\u00e9s de un video, en el que se visibiliz\u00f3 la violencia que enfrentan las mujeres en su vida cotidiana. Despu\u00e9s de la proyecci\u00f3n, se generaron preguntas reflexivas, y finalizamos con una charla sobre los distintos tipos de violencia y las organizaciones que trabajan para proteger los derechos de las mujeres.\u00a0 \u00a0El objetivo de la actividad fue el de crear espacios participativos en el tema de igualdad y erradicaci\u00f3n de violencia en el \u00e1mbito acad\u00e9mico y propiciar las oportunidades educativas en igualdad de condiciones.<\/p>\n","protected":false},"author":2,"featured_media":0,"parent":0,"menu_order":0,"comment_status":"closed","ping_status":"closed","template":"page-templates\/template-pagebuilder-full-width.php","meta":{"_monsterinsights_skip_tracking":false,"_monsterinsights_sitenote_active":false,"_monsterinsights_sitenote_note":"","_monsterinsights_sitenote_category":0,"neve_meta_sidebar":"","neve_meta_container":"","neve_meta_enable_content_width":"","neve_meta_content_width":0,"neve_meta_title_alignment":"","neve_meta_author_avatar":"","neve_post_elements_order":"","neve_meta_disable_header":"","neve_meta_disable_footer":"","neve_meta_disable_title":"on","footnotes":""},"class_list":["post-2660","page","type-page","status-publish","hentry"],"_links":{"self":[{"href":"https:\/\/utla.edu.sv\/index.php?rest_route=\/wp\/v2\/pages\/2660","targetHints":{"allow":["GET"]}}],"collection":[{"href":"https:\/\/utla.edu.sv\/index.php?rest_route=\/wp\/v2\/pages"}],"about":[{"href":"https:\/\/utla.edu.sv\/index.php?rest_route=\/wp\/v2\/types\/page"}],"author":[{"embeddable":true,"href":"https:\/\/utla.edu.sv\/index.php?rest_route=\/wp\/v2\/users\/2"}],"replies":[{"embeddable":true,"href":"https:\/\/utla.edu.sv\/index.php?rest_route=%2Fwp%2Fv2%2Fcomments&post=2660"}],"version-history":[{"count":4,"href":"https:\/\/utla.edu.sv\/index.php?rest_route=\/wp\/v2\/pages\/2660\/revisions"}],"predecessor-version":[{"id":2664,"href":"https:\/\/utla.edu.sv\/index.php?rest_route=\/wp\/v2\/pages\/2660\/revisions\/2664"}],"wp:attachment":[{"href":"https:\/\/utla.edu.sv\/index.php?rest_route=%2Fwp%2Fv2%2Fmedia&parent=2660"}],"curies":[{"name":"wp","href":"https:\/\/api.w.org\/{rel}","templated":true}]}}