{"id":2668,"date":"2025-06-08T04:26:03","date_gmt":"2025-06-07T22:26:03","guid":{"rendered":"https:\/\/utla.edu.sv\/?page_id=2668"},"modified":"2025-06-08T04:28:14","modified_gmt":"2025-06-07T22:28:14","slug":"cultura2025-4","status":"publish","type":"page","link":"https:\/\/utla.edu.sv\/?page_id=2668","title":{"rendered":"Cultura2025-4"},"content":{"rendered":"\t\t<div data-elementor-type=\"wp-page\" data-elementor-id=\"2668\" class=\"elementor elementor-2668\">\n\t\t\t\t\t\t<section class=\"elementor-section elementor-top-section elementor-element elementor-element-fca4224 elementor-section-boxed elementor-section-height-default elementor-section-height-default wpr-particle-no wpr-jarallax-no wpr-parallax-no wpr-sticky-section-no\" data-id=\"fca4224\" data-element_type=\"section\">\n\t\t\t\t\t\t<div class=\"elementor-container elementor-column-gap-default\">\n\t\t\t\t\t<div class=\"elementor-column elementor-col-100 elementor-top-column elementor-element elementor-element-1516a03\" data-id=\"1516a03\" data-element_type=\"column\">\n\t\t\t<div class=\"elementor-widget-wrap elementor-element-populated\">\n\t\t\t\t\t\t<div class=\"elementor-element elementor-element-bc8052c elementor-widget elementor-widget-heading\" data-id=\"bc8052c\" data-element_type=\"widget\" data-widget_type=\"heading.default\">\n\t\t\t\t<div class=\"elementor-widget-container\">\n\t\t\t\t\t<h2 class=\"elementor-heading-title elementor-size-default\">D\u00eda del Libro en la biblioteca UTLA<\/h2>\t\t\t\t<\/div>\n\t\t\t\t<\/div>\n\t\t\t\t\t<\/div>\n\t\t<\/div>\n\t\t\t\t\t<\/div>\n\t\t<\/section>\n\t\t\t\t<section class=\"elementor-section elementor-top-section elementor-element elementor-element-0c56c4f elementor-section-boxed elementor-section-height-default elementor-section-height-default wpr-particle-no wpr-jarallax-no wpr-parallax-no wpr-sticky-section-no\" data-id=\"0c56c4f\" data-element_type=\"section\">\n\t\t\t\t\t\t<div class=\"elementor-container elementor-column-gap-default\">\n\t\t\t\t\t<div class=\"elementor-column elementor-col-50 elementor-top-column elementor-element elementor-element-827d706\" data-id=\"827d706\" data-element_type=\"column\">\n\t\t\t<div class=\"elementor-widget-wrap elementor-element-populated\">\n\t\t\t\t\t\t<div class=\"elementor-element elementor-element-5dbeba8 elementor-widget elementor-widget-text-editor\" data-id=\"5dbeba8\" data-element_type=\"widget\" data-widget_type=\"text-editor.default\">\n\t\t\t\t<div class=\"elementor-widget-container\">\n\t\t\t\t\t\t\t\t\t<div data-olk-copy-source=\"MessageBody\">El pasado 26 de abril, conmemoramos el D\u00eda del Libro\u00a0en un evento especial realizado en la Biblioteca de la UTLA, donde se vivi\u00f3 una jornada dedicada a fomentar el amor por la lectura y el conocimiento.<\/div><div>La actividad, organizada por la Unidad de Bienestar y Desarrollo Estudiantil, cont\u00f3 con la entusiasta participaci\u00f3n de nuestros estudiantes, quienes formaron parte activa del evento a trav\u00e9s de diversas din\u00e1micas que hicieron la jornada entretenida y participativa.<\/div><div>Durante la celebraci\u00f3n, se promovi\u00f3 el uso de los espacios y servicios que ofrece la biblioteca, se incentiv\u00f3 la lectura como herramienta fundamental para el crecimiento acad\u00e9mico y personal, y se present\u00f3 la revista cient\u00edfica de la UTLA, destacando su importancia como medio de divulgaci\u00f3n del trabajo investigativo que se desarrolla en nuestra comunidad universitaria.<\/div><div>Agradecemos a todos los estudiantes, docentes y colaboradores que hicieron posible esta valiosa actividad.<\/div><div>\u00a1Sigamos construyendo juntos una universidad que valora el saber y promueve la lectura!\u00a0<\/div>\t\t\t\t\t\t\t\t<\/div>\n\t\t\t\t<\/div>\n\t\t\t\t\t<\/div>\n\t\t<\/div>\n\t\t\t\t<div class=\"elementor-column elementor-col-50 elementor-top-column elementor-element elementor-element-1f90afc\" data-id=\"1f90afc\" data-element_type=\"column\">\n\t\t\t<div class=\"elementor-widget-wrap elementor-element-populated\">\n\t\t\t\t\t\t<div class=\"elementor-element elementor-element-bffd0fc elementor-widget elementor-widget-image\" data-id=\"bffd0fc\" data-element_type=\"widget\" data-widget_type=\"image.default\">\n\t\t\t\t<div class=\"elementor-widget-container\">\n\t\t\t\t\t\t\t\t\t\t\t\t\t\t\t<img fetchpriority=\"high\" decoding=\"async\" width=\"768\" height=\"1024\" src=\"https:\/\/utla.edu.sv\/wp-content\/uploads\/2025\/06\/dia-del-libro2025-1-768x1024.jpg\" class=\"attachment-large size-large wp-image-2639\" alt=\"\" srcset=\"https:\/\/utla.edu.sv\/wp-content\/uploads\/2025\/06\/dia-del-libro2025-1-768x1024.jpg 768w, https:\/\/utla.edu.sv\/wp-content\/uploads\/2025\/06\/dia-del-libro2025-1-225x300.jpg 225w, https:\/\/utla.edu.sv\/wp-content\/uploads\/2025\/06\/dia-del-libro2025-1-1152x1536.jpg 1152w, https:\/\/utla.edu.sv\/wp-content\/uploads\/2025\/06\/dia-del-libro2025-1-1536x2048.jpg 1536w, https:\/\/utla.edu.sv\/wp-content\/uploads\/2025\/06\/dia-del-libro2025-1.jpg 1920w\" sizes=\"(max-width: 768px) 100vw, 768px\" \/>\t\t\t\t\t\t\t\t\t\t\t\t\t\t\t<\/div>\n\t\t\t\t<\/div>\n\t\t\t\t\t<\/div>\n\t\t<\/div>\n\t\t\t\t\t<\/div>\n\t\t<\/section>\n\t\t\t\t<section class=\"elementor-section elementor-top-section elementor-element elementor-element-9559cf5 elementor-section-boxed elementor-section-height-default elementor-section-height-default wpr-particle-no wpr-jarallax-no wpr-parallax-no wpr-sticky-section-no\" data-id=\"9559cf5\" data-element_type=\"section\">\n\t\t\t\t\t\t<div class=\"elementor-container elementor-column-gap-default\">\n\t\t\t\t\t<div class=\"elementor-column elementor-col-33 elementor-top-column elementor-element elementor-element-17b0b66\" data-id=\"17b0b66\" data-element_type=\"column\">\n\t\t\t<div class=\"elementor-widget-wrap elementor-element-populated\">\n\t\t\t\t\t\t<div class=\"elementor-element elementor-element-fee5a56 elementor-widget elementor-widget-image\" data-id=\"fee5a56\" data-element_type=\"widget\" data-widget_type=\"image.default\">\n\t\t\t\t<div class=\"elementor-widget-container\">\n\t\t\t\t\t\t\t\t\t\t\t\t\t\t\t<img decoding=\"async\" width=\"768\" height=\"1024\" src=\"https:\/\/utla.edu.sv\/wp-content\/uploads\/2025\/06\/thumbnail_IMG_20250426_092923-768x1024.jpg\" class=\"attachment-large size-large wp-image-2672\" alt=\"\" srcset=\"https:\/\/utla.edu.sv\/wp-content\/uploads\/2025\/06\/thumbnail_IMG_20250426_092923-768x1024.jpg 768w, https:\/\/utla.edu.sv\/wp-content\/uploads\/2025\/06\/thumbnail_IMG_20250426_092923-225x300.jpg 225w, https:\/\/utla.edu.sv\/wp-content\/uploads\/2025\/06\/thumbnail_IMG_20250426_092923-1152x1536.jpg 1152w, https:\/\/utla.edu.sv\/wp-content\/uploads\/2025\/06\/thumbnail_IMG_20250426_092923-1536x2048.jpg 1536w, https:\/\/utla.edu.sv\/wp-content\/uploads\/2025\/06\/thumbnail_IMG_20250426_092923.jpg 1920w\" sizes=\"(max-width: 768px) 100vw, 768px\" \/>\t\t\t\t\t\t\t\t\t\t\t\t\t\t\t<\/div>\n\t\t\t\t<\/div>\n\t\t\t\t\t<\/div>\n\t\t<\/div>\n\t\t\t\t<div class=\"elementor-column elementor-col-33 elementor-top-column elementor-element elementor-element-0a3c28d\" data-id=\"0a3c28d\" data-element_type=\"column\">\n\t\t\t<div class=\"elementor-widget-wrap elementor-element-populated\">\n\t\t\t\t\t\t<div class=\"elementor-element elementor-element-98db778 elementor-widget elementor-widget-image\" data-id=\"98db778\" data-element_type=\"widget\" data-widget_type=\"image.default\">\n\t\t\t\t<div class=\"elementor-widget-container\">\n\t\t\t\t\t\t\t\t\t\t\t\t\t\t\t<img decoding=\"async\" width=\"720\" height=\"540\" src=\"https:\/\/utla.edu.sv\/wp-content\/uploads\/2025\/06\/thumbnail_FB_IMG_1746293624607.jpg\" class=\"attachment-large size-large wp-image-2671\" alt=\"\" srcset=\"https:\/\/utla.edu.sv\/wp-content\/uploads\/2025\/06\/thumbnail_FB_IMG_1746293624607.jpg 720w, https:\/\/utla.edu.sv\/wp-content\/uploads\/2025\/06\/thumbnail_FB_IMG_1746293624607-300x225.jpg 300w\" sizes=\"(max-width: 720px) 100vw, 720px\" \/>\t\t\t\t\t\t\t\t\t\t\t\t\t\t\t<\/div>\n\t\t\t\t<\/div>\n\t\t\t\t\t<\/div>\n\t\t<\/div>\n\t\t\t\t<div class=\"elementor-column elementor-col-33 elementor-top-column elementor-element elementor-element-a34c494\" data-id=\"a34c494\" data-element_type=\"column\">\n\t\t\t<div class=\"elementor-widget-wrap elementor-element-populated\">\n\t\t\t\t\t\t<div class=\"elementor-element elementor-element-9df70c1 elementor-widget elementor-widget-image\" data-id=\"9df70c1\" data-element_type=\"widget\" data-widget_type=\"image.default\">\n\t\t\t\t<div class=\"elementor-widget-container\">\n\t\t\t\t\t\t\t\t\t\t\t\t\t\t\t<img loading=\"lazy\" decoding=\"async\" width=\"768\" height=\"1024\" src=\"https:\/\/utla.edu.sv\/wp-content\/uploads\/2025\/06\/thumbnail_IMG_20250426_094312-768x1024.jpg\" class=\"attachment-large size-large wp-image-2670\" alt=\"\" srcset=\"https:\/\/utla.edu.sv\/wp-content\/uploads\/2025\/06\/thumbnail_IMG_20250426_094312-768x1024.jpg 768w, https:\/\/utla.edu.sv\/wp-content\/uploads\/2025\/06\/thumbnail_IMG_20250426_094312-225x300.jpg 225w, https:\/\/utla.edu.sv\/wp-content\/uploads\/2025\/06\/thumbnail_IMG_20250426_094312-1152x1536.jpg 1152w, https:\/\/utla.edu.sv\/wp-content\/uploads\/2025\/06\/thumbnail_IMG_20250426_094312-1536x2048.jpg 1536w, https:\/\/utla.edu.sv\/wp-content\/uploads\/2025\/06\/thumbnail_IMG_20250426_094312.jpg 1920w\" sizes=\"(max-width: 768px) 100vw, 768px\" \/>\t\t\t\t\t\t\t\t\t\t\t\t\t\t\t<\/div>\n\t\t\t\t<\/div>\n\t\t\t\t\t<\/div>\n\t\t<\/div>\n\t\t\t\t\t<\/div>\n\t\t<\/section>\n\t\t\t\t<\/div>\n\t\t","protected":false},"excerpt":{"rendered":"<p>D\u00eda del Libro en la biblioteca UTLA El pasado 26 de abril, conmemoramos el D\u00eda del Libro\u00a0en un evento especial realizado en la Biblioteca de la UTLA, donde se vivi\u00f3 una jornada dedicada a fomentar el amor por la lectura y el conocimiento.La actividad, organizada por la Unidad de Bienestar y Desarrollo Estudiantil, cont\u00f3 con la entusiasta participaci\u00f3n de nuestros estudiantes, quienes formaron parte activa del evento a trav\u00e9s de diversas din\u00e1micas que hicieron la jornada entretenida y participativa.Durante la celebraci\u00f3n, se promovi\u00f3 el uso de los espacios y servicios que ofrece la biblioteca, se incentiv\u00f3 la lectura como herramienta fundamental para el crecimiento acad\u00e9mico y personal, y se present\u00f3 la revista cient\u00edfica de la UTLA, destacando su importancia como medio de divulgaci\u00f3n del trabajo investigativo que se desarrolla en nuestra comunidad universitaria.Agradecemos a todos los estudiantes, docentes y colaboradores que hicieron posible esta valiosa actividad.\u00a1Sigamos construyendo juntos una universidad que valora el saber y promueve la lectura!\u00a0<\/p>\n","protected":false},"author":2,"featured_media":0,"parent":0,"menu_order":0,"comment_status":"closed","ping_status":"closed","template":"page-templates\/template-pagebuilder-full-width.php","meta":{"_monsterinsights_skip_tracking":false,"_monsterinsights_sitenote_active":false,"_monsterinsights_sitenote_note":"","_monsterinsights_sitenote_category":0,"neve_meta_sidebar":"","neve_meta_container":"","neve_meta_enable_content_width":"","neve_meta_content_width":0,"neve_meta_title_alignment":"","neve_meta_author_avatar":"","neve_post_elements_order":"","neve_meta_disable_header":"","neve_meta_disable_footer":"","neve_meta_disable_title":"on","footnotes":""},"class_list":["post-2668","page","type-page","status-publish","hentry"],"_links":{"self":[{"href":"https:\/\/utla.edu.sv\/index.php?rest_route=\/wp\/v2\/pages\/2668","targetHints":{"allow":["GET"]}}],"collection":[{"href":"https:\/\/utla.edu.sv\/index.php?rest_route=\/wp\/v2\/pages"}],"about":[{"href":"https:\/\/utla.edu.sv\/index.php?rest_route=\/wp\/v2\/types\/page"}],"author":[{"embeddable":true,"href":"https:\/\/utla.edu.sv\/index.php?rest_route=\/wp\/v2\/users\/2"}],"replies":[{"embeddable":true,"href":"https:\/\/utla.edu.sv\/index.php?rest_route=%2Fwp%2Fv2%2Fcomments&post=2668"}],"version-history":[{"count":4,"href":"https:\/\/utla.edu.sv\/index.php?rest_route=\/wp\/v2\/pages\/2668\/revisions"}],"predecessor-version":[{"id":2675,"href":"https:\/\/utla.edu.sv\/index.php?rest_route=\/wp\/v2\/pages\/2668\/revisions\/2675"}],"wp:attachment":[{"href":"https:\/\/utla.edu.sv\/index.php?rest_route=%2Fwp%2Fv2%2Fmedia&parent=2668"}],"curies":[{"name":"wp","href":"https:\/\/api.w.org\/{rel}","templated":true}]}}