{"id":294,"date":"2023-05-17T01:45:54","date_gmt":"2023-05-17T01:45:54","guid":{"rendered":"https:\/\/utla.edu.sv\/?page_id=294"},"modified":"2023-05-17T01:55:11","modified_gmt":"2023-05-17T01:55:11","slug":"organizacion","status":"publish","type":"page","link":"https:\/\/utla.edu.sv\/?page_id=294","title":{"rendered":"organizacion"},"content":{"rendered":"\n<figure class=\"wp-block-pullquote\"><blockquote><p>Organizaci\u00f3n y Funciones<\/p><\/blockquote><\/figure>\n\n\n\n<div class=\"wp-block-columns is-layout-flex wp-container-core-columns-is-layout-9d6595d7 wp-block-columns-is-layout-flex\">\n<div class=\"wp-block-column is-layout-flow wp-block-column-is-layout-flow\" style=\"flex-basis:66.66%\">\n<h2 class=\"wp-block-heading\">Organizaci\u00f3n<\/h2>\n\n\n\n<p>La Universidad T\u00e9cnica Latinoamericana, tiene su estructura organizativa conformada por una Junta Directiva General, Rector\u00eda, un Comit\u00e9 Ejecutivo, Vice-Rector\u00eda y la Secretar\u00eda General. Tambi\u00e9n cuenta con los Decanatos con sus respectivas Escuelas, de la Facultad de Ingenier\u00eda y de la Facultad de Ciencias Econ\u00f3micas; as\u00ed como las Unidades de Planeamiento Educativo, Administraci\u00f3n Acad\u00e9mica, Recursos Humanos, de Investigaci\u00f3n e Innovaci\u00f3n, Proyecci\u00f3n Social, Administraci\u00f3n Financiera, Internacionalizaci\u00f3n Universitaria, Bienestar y Desarrollo Estudiantil y de Mercadeo.<\/p>\n\n\n\n<p>Dentro de la facultad de Ingenier\u00eda se desarrollan las carreras de:&nbsp; Ingenier\u00eda Industrial, Ingenier\u00eda El\u00e9ctrica, Ingenier\u00eda Mec\u00e1nica, Ingenier\u00eda Civil, Ingenier\u00eda Agron\u00f3mica, Ingenier\u00eda Electr\u00f3nica e Ingenier\u00eda en Sistemas y Tecnolog\u00edas de la Informaci\u00f3n. &nbsp;&nbsp;En la&nbsp;&nbsp; facultad&nbsp;&nbsp; de&nbsp;&nbsp; Ciencias Econ\u00f3micas se tienen las carreras de Licenciatura en Administraci\u00f3n de Empresas y la Licenciatura en Contadur\u00eda P\u00fablica.<\/p>\n\n\n\n<p>Como complemento a la estructura organizativa se tienen las siguientes \u00e1reas:&nbsp;&nbsp; Laboratorios&nbsp;&nbsp; especializados para las diferentes carreras; Laboratorio de inform\u00e1tica; Contabilidad; Oficina de Informaci\u00f3n y Comunicaciones Institucionales; Mantenimiento y servicio y Biblioteca.<\/p>\n<\/div>\n\n\n\n<div class=\"wp-block-column is-layout-flow wp-block-column-is-layout-flow\" style=\"flex-basis:33.33%\">\n<figure class=\"wp-block-image size-full\"><img fetchpriority=\"high\" decoding=\"async\" width=\"900\" height=\"600\" src=\"https:\/\/utla.edu.sv\/wp-content\/uploads\/2023\/05\/autoridades3.png\" alt=\"\" class=\"wp-image-295\" srcset=\"https:\/\/utla.edu.sv\/wp-content\/uploads\/2023\/05\/autoridades3.png 900w, https:\/\/utla.edu.sv\/wp-content\/uploads\/2023\/05\/autoridades3-300x200.png 300w, https:\/\/utla.edu.sv\/wp-content\/uploads\/2023\/05\/autoridades3-768x512.png 768w\" sizes=\"(max-width: 900px) 100vw, 900px\" \/><\/figure>\n<\/div>\n<\/div>\n\n\n\n<figure class=\"wp-block-pullquote has-text-align-left\"><blockquote><p>Funciones<\/p><cite>La Universidad T\u00e9cnica Latinoamericana en el marco de Educaci\u00f3n Superior, desarrolla las siguientes funciones:<\/cite><\/blockquote><\/figure>\n\n\n\n<div class=\"wp-block-columns is-layout-flex wp-container-core-columns-is-layout-9d6595d7 wp-block-columns-is-layout-flex\">\n<div class=\"wp-block-column is-layout-flow wp-block-column-is-layout-flow\" style=\"flex-basis:33.33%\">\n<figure class=\"wp-block-image size-full\"><img decoding=\"async\" width=\"217\" height=\"217\" src=\"https:\/\/utla.edu.sv\/wp-content\/uploads\/2023\/05\/funciones-docentes.png\" alt=\"\" class=\"wp-image-299\" srcset=\"https:\/\/utla.edu.sv\/wp-content\/uploads\/2023\/05\/funciones-docentes.png 217w, https:\/\/utla.edu.sv\/wp-content\/uploads\/2023\/05\/funciones-docentes-150x150.png 150w\" sizes=\"(max-width: 217px) 100vw, 217px\" \/><\/figure>\n<\/div>\n\n\n\n<div class=\"wp-block-column is-layout-flow wp-block-column-is-layout-flow\" style=\"flex-basis:66.66%\">\n<h4 class=\"wp-block-heading\">Docencia<\/h4>\n\n\n\n<p>El conocimiento se transmite a trav\u00e9s de un cuerpo de catedr\u00e1ticos de reconocida capacidad acad\u00e9mica y experiencia en los procesos de ense\u00f1anza-aprendizaje universitaria, Investigaci\u00f3n y proyecci\u00f3n social. El fortalecimiento de la calidad docente, a trav\u00e9s de \u00e1reas de formaci\u00f3n, actualizaci\u00f3n y capacitaci\u00f3n, es uno de los compromisos que tiene la Universidad para graduar profesionales competitivos<\/p>\n<\/div>\n<\/div>\n\n\n\n<div class=\"wp-block-columns is-layout-flex wp-container-core-columns-is-layout-9d6595d7 wp-block-columns-is-layout-flex\">\n<div class=\"wp-block-column is-layout-flow wp-block-column-is-layout-flow\" style=\"flex-basis:66.66%\">\n<h4 class=\"wp-block-heading\">Investigaci\u00f3n<\/h4>\n\n\n\n<p>La Universidad tiene como objetivo esencial el desarrollo de la investigaci\u00f3n, a trav\u00e9s de la b\u00fasqueda sistem\u00e1tica de nuevos conocimientos, para dar respuesta a los problemas planteados, enriquecer la realidad cient\u00edfica, social y la formaci\u00f3n de profesionales<\/p>\n<\/div>\n\n\n\n<div class=\"wp-block-column is-layout-flow wp-block-column-is-layout-flow\" style=\"flex-basis:33.33%\">\n<figure class=\"wp-block-image size-full\"><img decoding=\"async\" width=\"217\" height=\"216\" src=\"https:\/\/utla.edu.sv\/wp-content\/uploads\/2023\/05\/funciones-investigacion.png\" alt=\"\" class=\"wp-image-300\" srcset=\"https:\/\/utla.edu.sv\/wp-content\/uploads\/2023\/05\/funciones-investigacion.png 217w, https:\/\/utla.edu.sv\/wp-content\/uploads\/2023\/05\/funciones-investigacion-150x150.png 150w\" sizes=\"(max-width: 217px) 100vw, 217px\" \/><\/figure>\n<\/div>\n<\/div>\n\n\n\n<div class=\"wp-block-columns is-layout-flex wp-container-core-columns-is-layout-9d6595d7 wp-block-columns-is-layout-flex\">\n<div class=\"wp-block-column is-layout-flow wp-block-column-is-layout-flow\" style=\"flex-basis:33.33%\">\n<figure class=\"wp-block-image size-full\"><img loading=\"lazy\" decoding=\"async\" width=\"217\" height=\"216\" src=\"https:\/\/utla.edu.sv\/wp-content\/uploads\/2023\/05\/funciones-proyeccion.png\" alt=\"\" class=\"wp-image-301\" srcset=\"https:\/\/utla.edu.sv\/wp-content\/uploads\/2023\/05\/funciones-proyeccion.png 217w, https:\/\/utla.edu.sv\/wp-content\/uploads\/2023\/05\/funciones-proyeccion-150x150.png 150w\" sizes=\"(max-width: 217px) 100vw, 217px\" \/><\/figure>\n<\/div>\n\n\n\n<div class=\"wp-block-column is-layout-flow wp-block-column-is-layout-flow\" style=\"flex-basis:66.66%\">\n<h4 class=\"wp-block-heading\">Proyecci\u00f3n Social<\/h4>\n\n\n\n<p>Esta unidad tiene como funci\u00f3n coordinar y apoyar proyectos enfocados a las necesidades de la sociedad a fin de contribuir con el desarrollo del pa\u00eds. Es la interacci\u00f3n entre el quehacer acad\u00e9mico con la realidad social y cultural de El Salvador<\/p>\n<\/div>\n<\/div>\n\n\n\n<figure class=\"wp-block-pullquote\"><blockquote><p>Organigrama Institucional<\/p><\/blockquote><\/figure>\n\n\n\n<figure class=\"wp-block-image alignwide size-full\"><img loading=\"lazy\" decoding=\"async\" width=\"775\" height=\"572\" src=\"https:\/\/utla.edu.sv\/wp-content\/uploads\/2023\/05\/organigrama.png\" alt=\"\" class=\"wp-image-304\" srcset=\"https:\/\/utla.edu.sv\/wp-content\/uploads\/2023\/05\/organigrama.png 775w, https:\/\/utla.edu.sv\/wp-content\/uploads\/2023\/05\/organigrama-300x221.png 300w, https:\/\/utla.edu.sv\/wp-content\/uploads\/2023\/05\/organigrama-768x567.png 768w\" sizes=\"(max-width: 775px) 100vw, 775px\" \/><\/figure>\n","protected":false},"excerpt":{"rendered":"<p>Organizaci\u00f3n y Funciones Organizaci\u00f3n La Universidad T\u00e9cnica Latinoamericana, tiene su estructura organizativa conformada por una Junta Directiva General, Rector\u00eda, un Comit\u00e9 Ejecutivo, Vice-Rector\u00eda y la Secretar\u00eda General. Tambi\u00e9n cuenta con los Decanatos con sus respectivas Escuelas, de la Facultad de Ingenier\u00eda y de la Facultad de Ciencias Econ\u00f3micas; as\u00ed como las Unidades de Planeamiento Educativo, Administraci\u00f3n Acad\u00e9mica, Recursos Humanos, de Investigaci\u00f3n e Innovaci\u00f3n, Proyecci\u00f3n Social, Administraci\u00f3n Financiera, Internacionalizaci\u00f3n Universitaria, Bienestar y Desarrollo Estudiantil y de Mercadeo. Dentro de la facultad de Ingenier\u00eda se desarrollan las carreras de:&nbsp; Ingenier\u00eda Industrial, Ingenier\u00eda El\u00e9ctrica, Ingenier\u00eda Mec\u00e1nica, Ingenier\u00eda Civil, Ingenier\u00eda Agron\u00f3mica, Ingenier\u00eda Electr\u00f3nica e Ingenier\u00eda en Sistemas y Tecnolog\u00edas de la Informaci\u00f3n. &nbsp;&nbsp;En la&nbsp;&nbsp; facultad&nbsp;&nbsp; de&nbsp;&nbsp; Ciencias Econ\u00f3micas se tienen las carreras de Licenciatura en Administraci\u00f3n de Empresas y la Licenciatura en Contadur\u00eda P\u00fablica. Como complemento a la estructura organizativa se tienen las siguientes \u00e1reas:&nbsp;&nbsp; Laboratorios&nbsp;&nbsp; especializados para las diferentes carreras; Laboratorio de inform\u00e1tica; Contabilidad; Oficina de Informaci\u00f3n y Comunicaciones Institucionales; Mantenimiento y servicio y Biblioteca. Funciones La Universidad T\u00e9cnica Latinoamericana en el marco de Educaci\u00f3n Superior, desarrolla las siguientes funciones: Docencia El conocimiento se transmite a trav\u00e9s de un cuerpo de catedr\u00e1ticos de reconocida capacidad acad\u00e9mica y experiencia en los procesos de ense\u00f1anza-aprendizaje universitaria, Investigaci\u00f3n y proyecci\u00f3n social. El fortalecimiento de la calidad docente, a trav\u00e9s de \u00e1reas de formaci\u00f3n, actualizaci\u00f3n y capacitaci\u00f3n, es uno de los compromisos que tiene la Universidad para graduar profesionales competitivos Investigaci\u00f3n La Universidad tiene como objetivo esencial el desarrollo de la investigaci\u00f3n, a trav\u00e9s de la b\u00fasqueda sistem\u00e1tica de nuevos conocimientos, para dar respuesta a los problemas planteados, enriquecer la realidad cient\u00edfica, social y la formaci\u00f3n de profesionales Proyecci\u00f3n Social Esta unidad tiene como funci\u00f3n coordinar y apoyar proyectos enfocados a las necesidades de la sociedad a fin de contribuir con el desarrollo del pa\u00eds. Es la interacci\u00f3n entre el quehacer acad\u00e9mico con la realidad social y cultural de El Salvador Organigrama Institucional<\/p>\n","protected":false},"author":2,"featured_media":0,"parent":0,"menu_order":0,"comment_status":"closed","ping_status":"closed","template":"","meta":{"_monsterinsights_skip_tracking":false,"_monsterinsights_sitenote_active":false,"_monsterinsights_sitenote_note":"","_monsterinsights_sitenote_category":0,"neve_meta_sidebar":"","neve_meta_container":"","neve_meta_enable_content_width":"","neve_meta_content_width":0,"neve_meta_title_alignment":"","neve_meta_author_avatar":"","neve_post_elements_order":"","neve_meta_disable_header":"","neve_meta_disable_footer":"","neve_meta_disable_title":"on","footnotes":""},"class_list":["post-294","page","type-page","status-publish","hentry"],"_links":{"self":[{"href":"https:\/\/utla.edu.sv\/index.php?rest_route=\/wp\/v2\/pages\/294","targetHints":{"allow":["GET"]}}],"collection":[{"href":"https:\/\/utla.edu.sv\/index.php?rest_route=\/wp\/v2\/pages"}],"about":[{"href":"https:\/\/utla.edu.sv\/index.php?rest_route=\/wp\/v2\/types\/page"}],"author":[{"embeddable":true,"href":"https:\/\/utla.edu.sv\/index.php?rest_route=\/wp\/v2\/users\/2"}],"replies":[{"embeddable":true,"href":"https:\/\/utla.edu.sv\/index.php?rest_route=%2Fwp%2Fv2%2Fcomments&post=294"}],"version-history":[{"count":4,"href":"https:\/\/utla.edu.sv\/index.php?rest_route=\/wp\/v2\/pages\/294\/revisions"}],"predecessor-version":[{"id":306,"href":"https:\/\/utla.edu.sv\/index.php?rest_route=\/wp\/v2\/pages\/294\/revisions\/306"}],"wp:attachment":[{"href":"https:\/\/utla.edu.sv\/index.php?rest_route=%2Fwp%2Fv2%2Fmedia&parent=294"}],"curies":[{"name":"wp","href":"https:\/\/api.w.org\/{rel}","templated":true}]}}