{"id":344,"date":"2023-05-19T10:26:33","date_gmt":"2023-05-19T04:26:33","guid":{"rendered":"https:\/\/utla.edu.sv\/?page_id=344"},"modified":"2023-05-28T05:32:29","modified_gmt":"2023-05-27T23:32:29","slug":"ciencias-economicas","status":"publish","type":"page","link":"https:\/\/utla.edu.sv\/?page_id=344","title":{"rendered":"ciencias economicas"},"content":{"rendered":"\n<figure class=\"wp-block-pullquote\"><blockquote><p>Licenciatura de Administrador de Empresas<\/p><\/blockquote><\/figure>\n\n\n\n<div class=\"wp-block-columns is-layout-flex wp-container-core-columns-is-layout-9d6595d7 wp-block-columns-is-layout-flex\">\n<div class=\"wp-block-column is-layout-flow wp-block-column-is-layout-flow\">\n<figure class=\"wp-block-image size-large\"><img fetchpriority=\"high\" decoding=\"async\" width=\"1024\" height=\"683\" src=\"http:\/\/utla.edu.sv\/wp-content\/uploads\/2023\/05\/prueba1-1-1024x683.jpg\" alt=\"\" class=\"wp-image-217\" srcset=\"https:\/\/utla.edu.sv\/wp-content\/uploads\/2023\/05\/prueba1-1-1024x683.jpg 1024w, https:\/\/utla.edu.sv\/wp-content\/uploads\/2023\/05\/prueba1-1-300x200.jpg 300w, https:\/\/utla.edu.sv\/wp-content\/uploads\/2023\/05\/prueba1-1-768x512.jpg 768w, https:\/\/utla.edu.sv\/wp-content\/uploads\/2023\/05\/prueba1-1-1536x1024.jpg 1536w, https:\/\/utla.edu.sv\/wp-content\/uploads\/2023\/05\/prueba1-1-2048x1365.jpg 2048w, https:\/\/utla.edu.sv\/wp-content\/uploads\/2023\/05\/prueba1-1-930x620.jpg 930w\" sizes=\"(max-width: 1024px) 100vw, 1024px\" \/><\/figure>\n\n\n\n<div class=\"wp-block-buttons is-content-justification-center is-layout-flex wp-container-core-buttons-is-layout-16018d1d wp-block-buttons-is-layout-flex\">\n<div class=\"wp-block-button is-style-primary\"><a class=\"wp-block-button__link has-nv-site-bg-color has-text-color has-background has-text-align-center wp-element-button\" href=\"https:\/\/utlaedusv-my.sharepoint.com\/:x:\/g\/personal\/mercadeo_utla_edu_sv\/EazgGEuFSXhDuoKgxKy-nvcBgPVpBYcxF-S7MGnmD8-08w?e=ExpcZi\" style=\"background-color:#435bc6\" target=\"_blank\" rel=\"noreferrer noopener\">PENSUM<\/a><\/div>\n<\/div>\n<\/div>\n\n\n\n<div class=\"wp-block-column is-layout-flow wp-block-column-is-layout-flow\">\n<h4 class=\"wp-block-heading\">Descripci\u00f3n de la carrera<\/h4>\n\n\n\n<p>Profesi\u00f3n que prepara profesionales capacitados para admiistrar eficazmente y dirigir los recursos humanos de una empresa, entidad o de una organizaci\u00f3n a nivel global; es una carrera completa. Aprenderas acerca de todos los diferentes aspectos y las \u00e1reas que conforman una empresa obtendr\u00e1s conocimientos econ\u00f3micos, humanisticos, contables y administrativos.<\/p>\n\n\n\n<h4 class=\"wp-block-heading\">Perfil profesional<\/h4>\n\n\n\n<p>El Licenciado(a) en Administraci\u00f3n de Empresas, que la Utla espera forma para qu pueda desempe\u00f1arse con eficiencia, efectividad, sentido humano y en armonia con el medio ambiente, en la realizaci\u00f3n de las tareas propias de la carrera y en apoyo a carreras afines, con lo que constribuir\u00e1 al desarrollo de El Salvador, son:  \u00c1rea Administrativa, Producci\u00f3n y Gesti\u00f3n, en las cuales podr\u00e1n ocupar diferentes puestos de trabajo, entre ellas se mencionan.<\/p>\n\n\n\n<p>Director Administrativo, directorFinanciero,jefe de Desarrollo Institucional, de Presupuesto, de Ventas, Supervisor de Ventas y Gerente o jefe de Recursos Humanos, Auditor gErencial, Administrador P\u00fanlico entre otros.<\/p>\n<\/div>\n<\/div>\n\n\n\n<figure class=\"wp-block-pullquote\"><blockquote><p>Licenciatura en Contadur\u00eda P\u00fablica<\/p><\/blockquote><\/figure>\n\n\n\n<div class=\"wp-block-columns is-layout-flex wp-container-core-columns-is-layout-9d6595d7 wp-block-columns-is-layout-flex\">\n<div class=\"wp-block-column is-layout-flow wp-block-column-is-layout-flow\">\n<h4 class=\"wp-block-heading\">Descripci\u00f3n de la carrera<\/h4>\n\n\n\n<p>Profesi\u00f3n que abre las puesrtas al campo profesional desde dos aspectos: Contabilidad y Auditoria, el profesional tiene la responsabilidad del manejo de los sistemas de informaci\u00f3n para soportar el proceso de toma de decisiones y asegurar que la informaci\u00f3n econ\u00f3mica presntada por las empresas sea real y fidedignamente la situaci\u00f3n econ\u00f3mica-finaciera.<\/p>\n\n\n\n<h4 class=\"wp-block-heading\">Perfil Profesional<\/h4>\n\n\n\n<p>Los graduados de esta carrera podr\u00e1n desempe\u00f1arse, independientemente o en empresas de prestigio, en diferentes \u00e1reas de indole financiero y de auditoria y en los \u00e1mbitos: Financiero, Control Administrativo y Medici\u00f3n de reisgos en los cuales podr\u00e1n realizar las siguientes actividades:<\/p>\n\n\n\n<p>Podr\u00e1 desempe\u00f1arse en puetos como gerente financiero, contralor, audito interno, auditor externo, supervisor financiero, tesorero; como contraloren empresas corporativas, nacionales e internacionales, Auditor interno, externo, fiscal y en sistemas; entre otros Consultor Independiente.<\/p>\n<\/div>\n\n\n\n<div class=\"wp-block-column is-layout-flow wp-block-column-is-layout-flow\">\n<figure class=\"wp-block-image size-large\"><img fetchpriority=\"high\" decoding=\"async\" width=\"1024\" height=\"683\" src=\"http:\/\/utla.edu.sv\/wp-content\/uploads\/2023\/05\/prueba1-1-1024x683.jpg\" alt=\"\" class=\"wp-image-217\" srcset=\"https:\/\/utla.edu.sv\/wp-content\/uploads\/2023\/05\/prueba1-1-1024x683.jpg 1024w, https:\/\/utla.edu.sv\/wp-content\/uploads\/2023\/05\/prueba1-1-300x200.jpg 300w, https:\/\/utla.edu.sv\/wp-content\/uploads\/2023\/05\/prueba1-1-768x512.jpg 768w, https:\/\/utla.edu.sv\/wp-content\/uploads\/2023\/05\/prueba1-1-1536x1024.jpg 1536w, https:\/\/utla.edu.sv\/wp-content\/uploads\/2023\/05\/prueba1-1-2048x1365.jpg 2048w, https:\/\/utla.edu.sv\/wp-content\/uploads\/2023\/05\/prueba1-1-930x620.jpg 930w\" sizes=\"(max-width: 1024px) 100vw, 1024px\" \/><\/figure>\n\n\n\n<div class=\"wp-block-buttons is-content-justification-center is-layout-flex wp-container-core-buttons-is-layout-16018d1d wp-block-buttons-is-layout-flex\">\n<div class=\"wp-block-button is-style-primary\"><a class=\"wp-block-button__link has-nv-site-bg-color has-text-color has-background has-text-align-center wp-element-button\" href=\"https:\/\/utlaedusv-my.sharepoint.com\/:x:\/g\/personal\/mercadeo_utla_edu_sv\/EWVQZycYlm1NqBrcgWWA6ZQBkAtq818QiHrio0bjOATbcw?e=bgCNad\" style=\"background-color:#435bc6\" target=\"_blank\" rel=\"noreferrer noopener\">PENSUM<\/a><\/div>\n<\/div>\n<\/div>\n<\/div>\n","protected":false},"excerpt":{"rendered":"<p>Licenciatura de Administrador de Empresas Descripci\u00f3n de la carrera Profesi\u00f3n que prepara profesionales capacitados para admiistrar eficazmente y dirigir los recursos humanos de una empresa, entidad o de una organizaci\u00f3n a nivel global; es una carrera completa. Aprenderas acerca de todos los diferentes aspectos y las \u00e1reas que conforman una empresa obtendr\u00e1s conocimientos econ\u00f3micos, humanisticos, contables y administrativos. Perfil profesional El Licenciado(a) en Administraci\u00f3n de Empresas, que la Utla espera forma para qu pueda desempe\u00f1arse con eficiencia, efectividad, sentido humano y en armonia con el medio ambiente, en la realizaci\u00f3n de las tareas propias de la carrera y en apoyo a carreras afines, con lo que constribuir\u00e1 al desarrollo de El Salvador, son: \u00c1rea Administrativa, Producci\u00f3n y Gesti\u00f3n, en las cuales podr\u00e1n ocupar diferentes puestos de trabajo, entre ellas se mencionan. Director Administrativo, directorFinanciero,jefe de Desarrollo Institucional, de Presupuesto, de Ventas, Supervisor de Ventas y Gerente o jefe de Recursos Humanos, Auditor gErencial, Administrador P\u00fanlico entre otros. Licenciatura en Contadur\u00eda P\u00fablica Descripci\u00f3n de la carrera Profesi\u00f3n que abre las puesrtas al campo profesional desde dos aspectos: Contabilidad y Auditoria, el profesional tiene la responsabilidad del manejo de los sistemas de informaci\u00f3n para soportar el proceso de toma de decisiones y asegurar que la informaci\u00f3n econ\u00f3mica presntada por las empresas sea real y fidedignamente la situaci\u00f3n econ\u00f3mica-finaciera. Perfil Profesional Los graduados de esta carrera podr\u00e1n desempe\u00f1arse, independientemente o en empresas de prestigio, en diferentes \u00e1reas de indole financiero y de auditoria y en los \u00e1mbitos: Financiero, Control Administrativo y Medici\u00f3n de reisgos en los cuales podr\u00e1n realizar las siguientes actividades: Podr\u00e1 desempe\u00f1arse en puetos como gerente financiero, contralor, audito interno, auditor externo, supervisor financiero, tesorero; como contraloren empresas corporativas, nacionales e internacionales, Auditor interno, externo, fiscal y en sistemas; entre otros Consultor Independiente.<\/p>\n","protected":false},"author":2,"featured_media":0,"parent":0,"menu_order":0,"comment_status":"closed","ping_status":"closed","template":"","meta":{"_monsterinsights_skip_tracking":false,"_monsterinsights_sitenote_active":false,"_monsterinsights_sitenote_note":"","_monsterinsights_sitenote_category":0,"neve_meta_sidebar":"","neve_meta_container":"","neve_meta_enable_content_width":"","neve_meta_content_width":0,"neve_meta_title_alignment":"","neve_meta_author_avatar":"","neve_post_elements_order":"","neve_meta_disable_header":"","neve_meta_disable_footer":"","neve_meta_disable_title":"on","footnotes":""},"class_list":["post-344","page","type-page","status-publish","hentry"],"_links":{"self":[{"href":"https:\/\/utla.edu.sv\/index.php?rest_route=\/wp\/v2\/pages\/344","targetHints":{"allow":["GET"]}}],"collection":[{"href":"https:\/\/utla.edu.sv\/index.php?rest_route=\/wp\/v2\/pages"}],"about":[{"href":"https:\/\/utla.edu.sv\/index.php?rest_route=\/wp\/v2\/types\/page"}],"author":[{"embeddable":true,"href":"https:\/\/utla.edu.sv\/index.php?rest_route=\/wp\/v2\/users\/2"}],"replies":[{"embeddable":true,"href":"https:\/\/utla.edu.sv\/index.php?rest_route=%2Fwp%2Fv2%2Fcomments&post=344"}],"version-history":[{"count":3,"href":"https:\/\/utla.edu.sv\/index.php?rest_route=\/wp\/v2\/pages\/344\/revisions"}],"predecessor-version":[{"id":784,"href":"https:\/\/utla.edu.sv\/index.php?rest_route=\/wp\/v2\/pages\/344\/revisions\/784"}],"wp:attachment":[{"href":"https:\/\/utla.edu.sv\/index.php?rest_route=%2Fwp%2Fv2%2Fmedia&parent=344"}],"curies":[{"name":"wp","href":"https:\/\/api.w.org\/{rel}","templated":true}]}}