{"id":353,"date":"2023-05-20T07:23:37","date_gmt":"2023-05-20T01:23:37","guid":{"rendered":"https:\/\/utla.edu.sv\/?page_id=353"},"modified":"2023-05-20T07:40:23","modified_gmt":"2023-05-20T01:40:23","slug":"reingreso","status":"publish","type":"page","link":"https:\/\/utla.edu.sv\/?page_id=353","title":{"rendered":"reingreso"},"content":{"rendered":"\n<figure class=\"wp-block-pullquote\"><blockquote><p>Re-ingreso<\/p><\/blockquote><\/figure>\n\n\n\n<div class=\"wp-block-columns is-layout-flex wp-container-core-columns-is-layout-9d6595d7 wp-block-columns-is-layout-flex\">\n<div class=\"wp-block-column is-layout-flow wp-block-column-is-layout-flow\" style=\"flex-basis:33.33%\">\n<figure class=\"wp-block-image size-full\"><img fetchpriority=\"high\" decoding=\"async\" width=\"688\" height=\"387\" src=\"http:\/\/utla.edu.sv\/wp-content\/uploads\/2023\/05\/Imagen1.png\" alt=\"\" class=\"wp-image-349\" srcset=\"https:\/\/utla.edu.sv\/wp-content\/uploads\/2023\/05\/Imagen1.png 688w, https:\/\/utla.edu.sv\/wp-content\/uploads\/2023\/05\/Imagen1-300x169.png 300w\" sizes=\"(max-width: 688px) 100vw, 688px\" \/><\/figure>\n<\/div>\n\n\n\n<div class=\"wp-block-column is-layout-flow wp-block-column-is-layout-flow\" style=\"flex-basis:66.66%\">\n<p>Es aquel que realizan los estudiantes que se hab\u00edan retirado de la Universidad, pero desean reingresar a sus estudios despu\u00e9s de dos o m\u00e1s ciclos de ausencia, por lo cual tendr\u00e1 que seguir los pasos siguientes:<\/p>\n\n\n\n<ul class=\"wp-block-list\">\n<li>Retirar y llenar nuevamente la solicitud de estudio socio econ\u00f3mico en las o\ufb01cinas de Recursos Humanos pasado un a\u00f1o de no estudiar.<\/li>\n\n\n\n<li>Presentar la solicitud de estudio socioecon\u00f3mico con la informaci\u00f3n solicitada y los comprobantes respectivos.<\/li>\n\n\n\n<li>Retirar en la Oficina de Informaci\u00f3n y Comunicaciones Institucionales la solicitud de reingreso, con la finalidad de actualizaci\u00f3n de datos personales previa aprobaci\u00f3n del estudio socioecon\u00f3mico en la Unidad de Recursos Humanos.<\/li>\n\n\n\n<li>Solicitar asesor\u00eda para inscripci\u00f3n de asignaturas, seg\u00fan el procedimiento establecido y el per\u00edodo indicado.<\/li>\n\n\n\n<li>Cancelar en colectur\u00eda los aranceles correspondientes al inicio del ciclo e inscribir las materias posteriormente en la ventanilla de Registro Acad\u00e9mico.<\/li>\n\n\n\n<li>Solicitar solvencia en biblioteca.<\/li>\n\n\n\n<li>Solicitar solvencia econ\u00f3mica en la oficina de Administraci\u00f3n Financiera<\/li>\n<\/ul>\n<\/div>\n<\/div>\n","protected":false},"excerpt":{"rendered":"<p>Re-ingreso Es aquel que realizan los estudiantes que se hab\u00edan retirado de la Universidad, pero desean reingresar a sus estudios despu\u00e9s de dos o m\u00e1s ciclos de ausencia, por lo cual tendr\u00e1 que seguir los pasos siguientes:<\/p>\n","protected":false},"author":2,"featured_media":0,"parent":0,"menu_order":0,"comment_status":"closed","ping_status":"closed","template":"","meta":{"_monsterinsights_skip_tracking":false,"_monsterinsights_sitenote_active":false,"_monsterinsights_sitenote_note":"","_monsterinsights_sitenote_category":0,"neve_meta_sidebar":"","neve_meta_container":"","neve_meta_enable_content_width":"","neve_meta_content_width":0,"neve_meta_title_alignment":"","neve_meta_author_avatar":"","neve_post_elements_order":"","neve_meta_disable_header":"","neve_meta_disable_footer":"","neve_meta_disable_title":"on","footnotes":""},"class_list":["post-353","page","type-page","status-publish","hentry"],"_links":{"self":[{"href":"https:\/\/utla.edu.sv\/index.php?rest_route=\/wp\/v2\/pages\/353","targetHints":{"allow":["GET"]}}],"collection":[{"href":"https:\/\/utla.edu.sv\/index.php?rest_route=\/wp\/v2\/pages"}],"about":[{"href":"https:\/\/utla.edu.sv\/index.php?rest_route=\/wp\/v2\/types\/page"}],"author":[{"embeddable":true,"href":"https:\/\/utla.edu.sv\/index.php?rest_route=\/wp\/v2\/users\/2"}],"replies":[{"embeddable":true,"href":"https:\/\/utla.edu.sv\/index.php?rest_route=%2Fwp%2Fv2%2Fcomments&post=353"}],"version-history":[{"count":2,"href":"https:\/\/utla.edu.sv\/index.php?rest_route=\/wp\/v2\/pages\/353\/revisions"}],"predecessor-version":[{"id":368,"href":"https:\/\/utla.edu.sv\/index.php?rest_route=\/wp\/v2\/pages\/353\/revisions\/368"}],"wp:attachment":[{"href":"https:\/\/utla.edu.sv\/index.php?rest_route=%2Fwp%2Fv2%2Fmedia&parent=353"}],"curies":[{"name":"wp","href":"https:\/\/api.w.org\/{rel}","templated":true}]}}