{"id":357,"date":"2023-05-20T07:30:07","date_gmt":"2023-05-20T01:30:07","guid":{"rendered":"https:\/\/utla.edu.sv\/?page_id=357"},"modified":"2023-05-20T07:30:19","modified_gmt":"2023-05-20T01:30:19","slug":"inscripcion-asignaturas","status":"publish","type":"page","link":"https:\/\/utla.edu.sv\/?page_id=357","title":{"rendered":"inscripci\u00f3n asignaturas"},"content":{"rendered":"\n<figure class=\"wp-block-pullquote\"><blockquote><p>Proceso de Inscripci\u00f3n de Asignaturas<\/p><\/blockquote><\/figure>\n\n\n\n<div class=\"wp-block-columns is-layout-flex wp-container-core-columns-is-layout-9d6595d7 wp-block-columns-is-layout-flex\">\n<div class=\"wp-block-column is-layout-flow wp-block-column-is-layout-flow\" style=\"flex-basis:66.66%\">\n<p>Para inscribir asignaturas, el estudiante deber\u00e1 realizar los siguientes pasos: &nbsp;<\/p>\n\n\n\n<ol class=\"wp-block-list\" type=\"1\">\n<li>Solicitar asesor\u00eda de asignaturas en oficina de Administraci\u00f3n Acad\u00e9mica, en la cual se le asigna un asesor al estudiante, tomando en cuenta que la asesor\u00eda se puede realizar de forma presencial y v\u00eda web.<\/li>\n\n\n\n<li>Previa aprobaci\u00f3n de asignaturas, cancelar en colectur\u00eda los aranceles correspondientes (matr\u00edcula, primera mensualidad e inscripci\u00f3n de asignaturas).<\/li>\n\n\n\n<li>Presentar la hoja de asesor\u00eda de asignaturas y los recibos correspondientes para su respectiva inscripci\u00f3n a la ventanilla de Registro Academico en el cual se le entrega al estudiante una copia de inscripci\u00f3n de asignaturas con firma y sello<\/li>\n<\/ol>\n<\/div>\n\n\n\n<div class=\"wp-block-column is-layout-flow wp-block-column-is-layout-flow\" style=\"flex-basis:33.33%\">\n<figure class=\"wp-block-image size-full\"><img fetchpriority=\"high\" decoding=\"async\" width=\"563\" height=\"455\" src=\"http:\/\/utla.edu.sv\/wp-content\/uploads\/2023\/05\/Imagen2.png\" alt=\"\" class=\"wp-image-350\" srcset=\"https:\/\/utla.edu.sv\/wp-content\/uploads\/2023\/05\/Imagen2.png 563w, https:\/\/utla.edu.sv\/wp-content\/uploads\/2023\/05\/Imagen2-300x242.png 300w\" sizes=\"(max-width: 563px) 100vw, 563px\" \/><\/figure>\n<\/div>\n<\/div>\n","protected":false},"excerpt":{"rendered":"<p>Proceso de Inscripci\u00f3n de Asignaturas Para inscribir asignaturas, el estudiante deber\u00e1 realizar los siguientes pasos: &nbsp;<\/p>\n","protected":false},"author":2,"featured_media":0,"parent":0,"menu_order":0,"comment_status":"closed","ping_status":"closed","template":"","meta":{"_monsterinsights_skip_tracking":false,"_monsterinsights_sitenote_active":false,"_monsterinsights_sitenote_note":"","_monsterinsights_sitenote_category":0,"neve_meta_sidebar":"","neve_meta_container":"","neve_meta_enable_content_width":"","neve_meta_content_width":0,"neve_meta_title_alignment":"","neve_meta_author_avatar":"","neve_post_elements_order":"","neve_meta_disable_header":"","neve_meta_disable_footer":"","neve_meta_disable_title":"on","footnotes":""},"class_list":["post-357","page","type-page","status-publish","hentry"],"_links":{"self":[{"href":"https:\/\/utla.edu.sv\/index.php?rest_route=\/wp\/v2\/pages\/357","targetHints":{"allow":["GET"]}}],"collection":[{"href":"https:\/\/utla.edu.sv\/index.php?rest_route=\/wp\/v2\/pages"}],"about":[{"href":"https:\/\/utla.edu.sv\/index.php?rest_route=\/wp\/v2\/types\/page"}],"author":[{"embeddable":true,"href":"https:\/\/utla.edu.sv\/index.php?rest_route=\/wp\/v2\/users\/2"}],"replies":[{"embeddable":true,"href":"https:\/\/utla.edu.sv\/index.php?rest_route=%2Fwp%2Fv2%2Fcomments&post=357"}],"version-history":[{"count":1,"href":"https:\/\/utla.edu.sv\/index.php?rest_route=\/wp\/v2\/pages\/357\/revisions"}],"predecessor-version":[{"id":358,"href":"https:\/\/utla.edu.sv\/index.php?rest_route=\/wp\/v2\/pages\/357\/revisions\/358"}],"wp:attachment":[{"href":"https:\/\/utla.edu.sv\/index.php?rest_route=%2Fwp%2Fv2%2Fmedia&parent=357"}],"curies":[{"name":"wp","href":"https:\/\/api.w.org\/{rel}","templated":true}]}}