{"id":359,"date":"2023-05-20T07:32:09","date_gmt":"2023-05-20T01:32:09","guid":{"rendered":"https:\/\/utla.edu.sv\/?page_id=359"},"modified":"2023-05-20T22:42:50","modified_gmt":"2023-05-20T16:42:50","slug":"retiro-asignaturas","status":"publish","type":"page","link":"https:\/\/utla.edu.sv\/?page_id=359","title":{"rendered":"retiro asignaturas"},"content":{"rendered":"\n<figure class=\"wp-block-pullquote\"><blockquote><p>Proceso de Retiro de Asignaturas<\/p><\/blockquote><\/figure>\n\n\n\n<div class=\"wp-block-columns is-layout-flex wp-container-core-columns-is-layout-9d6595d7 wp-block-columns-is-layout-flex\">\n<div class=\"wp-block-column is-layout-flow wp-block-column-is-layout-flow\" style=\"flex-basis:66.66%\">\n<p>Es el proceso por el cual un estudiante podr\u00e1 retirar oficialmente la(s) asignaturas(s) inscrita(s), debiendo realizar los pasos siguientes:<\/p>\n\n\n\n<ol class=\"wp-block-list\" type=\"1\">\n<li>Solicitar en la Oficina de Informaci\u00f3n y Comunicaciones Institucionales el retiro de la(s) asignatura (s), seg\u00fan <a href=\"https:\/\/utlaedusv-my.sharepoint.com\/:b:\/g\/personal\/alberto_reyes_utla_edu_sv\/ET2ZxK94MlRJhsI7bdRU6aIBt6Oy6_mE_hXX4hq_S-R_Vg?e=373ySD\" target=\"_blank\" rel=\"noreferrer noopener\">FORMATO.<\/a><\/li>\n\n\n\n<li>El tr\u00e1mite solo puede hacerse a m\u00e1s tardar, en la octava semana, establecida en el calendario acad\u00e9mico.<\/li>\n\n\n\n<li>Previa aprobaci\u00f3n, cancelar en colectur\u00eda por cada asignatura a retirar.<\/li>\n\n\n\n<li>Pasar a la ventanilla de Registro Acad\u00e9mico a formalizar el retiro de la(s) materia(s) correspondiente(s).<\/li>\n\n\n\n<li>Una asignatura en primera inscripci\u00f3n solo puede volver a retirarse dos veces.<\/li>\n\n\n\n<li>Una asignatura inscrita en segunda, el estudiante solo tiene una oportunidad m\u00e1s de volverla a inscribir.<\/li>\n\n\n\n<li>Una asignatura en tercera inscripci\u00f3n ya no puede retirarse<\/li>\n<\/ol>\n<\/div>\n\n\n\n<div class=\"wp-block-column is-layout-flow wp-block-column-is-layout-flow\" style=\"flex-basis:33.33%\">\n<figure class=\"wp-block-image size-full\"><img fetchpriority=\"high\" decoding=\"async\" width=\"688\" height=\"387\" src=\"http:\/\/utla.edu.sv\/wp-content\/uploads\/2023\/05\/Imagen1.png\" alt=\"\" class=\"wp-image-349\" srcset=\"https:\/\/utla.edu.sv\/wp-content\/uploads\/2023\/05\/Imagen1.png 688w, https:\/\/utla.edu.sv\/wp-content\/uploads\/2023\/05\/Imagen1-300x169.png 300w\" sizes=\"(max-width: 688px) 100vw, 688px\" \/><\/figure>\n<\/div>\n<\/div>\n","protected":false},"excerpt":{"rendered":"<p>Proceso de Retiro de Asignaturas Es el proceso por el cual un estudiante podr\u00e1 retirar oficialmente la(s) asignaturas(s) inscrita(s), debiendo realizar los pasos siguientes:<\/p>\n","protected":false},"author":2,"featured_media":0,"parent":0,"menu_order":0,"comment_status":"closed","ping_status":"closed","template":"","meta":{"_monsterinsights_skip_tracking":false,"_monsterinsights_sitenote_active":false,"_monsterinsights_sitenote_note":"","_monsterinsights_sitenote_category":0,"neve_meta_sidebar":"","neve_meta_container":"","neve_meta_enable_content_width":"","neve_meta_content_width":0,"neve_meta_title_alignment":"","neve_meta_author_avatar":"","neve_post_elements_order":"","neve_meta_disable_header":"","neve_meta_disable_footer":"","neve_meta_disable_title":"on","footnotes":""},"class_list":["post-359","page","type-page","status-publish","hentry"],"_links":{"self":[{"href":"https:\/\/utla.edu.sv\/index.php?rest_route=\/wp\/v2\/pages\/359","targetHints":{"allow":["GET"]}}],"collection":[{"href":"https:\/\/utla.edu.sv\/index.php?rest_route=\/wp\/v2\/pages"}],"about":[{"href":"https:\/\/utla.edu.sv\/index.php?rest_route=\/wp\/v2\/types\/page"}],"author":[{"embeddable":true,"href":"https:\/\/utla.edu.sv\/index.php?rest_route=\/wp\/v2\/users\/2"}],"replies":[{"embeddable":true,"href":"https:\/\/utla.edu.sv\/index.php?rest_route=%2Fwp%2Fv2%2Fcomments&post=359"}],"version-history":[{"count":3,"href":"https:\/\/utla.edu.sv\/index.php?rest_route=\/wp\/v2\/pages\/359\/revisions"}],"predecessor-version":[{"id":396,"href":"https:\/\/utla.edu.sv\/index.php?rest_route=\/wp\/v2\/pages\/359\/revisions\/396"}],"wp:attachment":[{"href":"https:\/\/utla.edu.sv\/index.php?rest_route=%2Fwp%2Fv2%2Fmedia&parent=359"}],"curies":[{"name":"wp","href":"https:\/\/api.w.org\/{rel}","templated":true}]}}