{"id":361,"date":"2023-05-20T07:36:21","date_gmt":"2023-05-20T01:36:21","guid":{"rendered":"https:\/\/utla.edu.sv\/?page_id=361"},"modified":"2023-05-20T22:44:11","modified_gmt":"2023-05-20T16:44:11","slug":"retiro-ciclo","status":"publish","type":"page","link":"https:\/\/utla.edu.sv\/?page_id=361","title":{"rendered":"retiro ciclo"},"content":{"rendered":"\n<figure class=\"wp-block-pullquote\"><blockquote><p>Proceso de Retiro del Ciclo<\/p><\/blockquote><\/figure>\n\n\n\n<div class=\"wp-block-columns is-layout-flex wp-container-core-columns-is-layout-9d6595d7 wp-block-columns-is-layout-flex\">\n<div class=\"wp-block-column is-layout-flow wp-block-column-is-layout-flow\" style=\"flex-basis:33.33%\">\n<figure class=\"wp-block-image size-full\"><img fetchpriority=\"high\" decoding=\"async\" width=\"637\" height=\"749\" src=\"http:\/\/utla.edu.sv\/wp-content\/uploads\/2023\/05\/foto-diseno-1.png\" alt=\"\" class=\"wp-image-348\" srcset=\"https:\/\/utla.edu.sv\/wp-content\/uploads\/2023\/05\/foto-diseno-1.png 637w, https:\/\/utla.edu.sv\/wp-content\/uploads\/2023\/05\/foto-diseno-1-255x300.png 255w\" sizes=\"(max-width: 637px) 100vw, 637px\" \/><\/figure>\n<\/div>\n\n\n\n<div class=\"wp-block-column is-layout-flow wp-block-column-is-layout-flow\" style=\"flex-basis:66.66%\">\n<p>El estudiante que por cualquier circunstancia no puede continuar sus estudios y desea retirar las asignaturas inscritas en el ciclo, deber\u00e1 realizar el tr\u00e1mite correspondiente; caso contrario, sus asignaturas quedaran reprobadas y quedar\u00e1 obligado a cancelar los aranceles correspondientes que aplican.<\/p>\n\n\n\n<p>&nbsp;El proceso para seguir ser\u00e1:<\/p>\n\n\n\n<ol class=\"wp-block-list\" type=\"1\">\n<li>Solicitar en la Oficina de Informaci\u00f3n y Comunicaciones Institucionales el formulario de retiro total del ciclo, llenarlo con la informaci\u00f3n solicitada y devolverlo para legalizar el tr\u00e1mite al Administrador Acad\u00e9mico, haga clic en <a href=\"https:\/\/utlaedusv-my.sharepoint.com\/:b:\/g\/personal\/alberto_reyes_utla_edu_sv\/EdMMOp2gFJhLgFS11QfP2PoBAwNigmZzjsd8cFpJQ245hQ?e=mU2th8\" target=\"_blank\" rel=\"noreferrer noopener\">FORMATOS.<\/a><\/li>\n\n\n\n<li>Cancelar en colectur\u00eda los aranceles correspondientes<\/li>\n<\/ol>\n<\/div>\n<\/div>\n","protected":false},"excerpt":{"rendered":"<p>Proceso de Retiro del Ciclo El estudiante que por cualquier circunstancia no puede continuar sus estudios y desea retirar las asignaturas inscritas en el ciclo, deber\u00e1 realizar el tr\u00e1mite correspondiente; caso contrario, sus asignaturas quedaran reprobadas y quedar\u00e1 obligado a cancelar los aranceles correspondientes que aplican. &nbsp;El proceso para seguir ser\u00e1:<\/p>\n","protected":false},"author":2,"featured_media":0,"parent":0,"menu_order":0,"comment_status":"closed","ping_status":"closed","template":"","meta":{"_monsterinsights_skip_tracking":false,"_monsterinsights_sitenote_active":false,"_monsterinsights_sitenote_note":"","_monsterinsights_sitenote_category":0,"neve_meta_sidebar":"","neve_meta_container":"","neve_meta_enable_content_width":"","neve_meta_content_width":0,"neve_meta_title_alignment":"","neve_meta_author_avatar":"","neve_post_elements_order":"","neve_meta_disable_header":"","neve_meta_disable_footer":"","neve_meta_disable_title":"on","footnotes":""},"class_list":["post-361","page","type-page","status-publish","hentry"],"_links":{"self":[{"href":"https:\/\/utla.edu.sv\/index.php?rest_route=\/wp\/v2\/pages\/361","targetHints":{"allow":["GET"]}}],"collection":[{"href":"https:\/\/utla.edu.sv\/index.php?rest_route=\/wp\/v2\/pages"}],"about":[{"href":"https:\/\/utla.edu.sv\/index.php?rest_route=\/wp\/v2\/types\/page"}],"author":[{"embeddable":true,"href":"https:\/\/utla.edu.sv\/index.php?rest_route=\/wp\/v2\/users\/2"}],"replies":[{"embeddable":true,"href":"https:\/\/utla.edu.sv\/index.php?rest_route=%2Fwp%2Fv2%2Fcomments&post=361"}],"version-history":[{"count":2,"href":"https:\/\/utla.edu.sv\/index.php?rest_route=\/wp\/v2\/pages\/361\/revisions"}],"predecessor-version":[{"id":398,"href":"https:\/\/utla.edu.sv\/index.php?rest_route=\/wp\/v2\/pages\/361\/revisions\/398"}],"wp:attachment":[{"href":"https:\/\/utla.edu.sv\/index.php?rest_route=%2Fwp%2Fv2%2Fmedia&parent=361"}],"curies":[{"name":"wp","href":"https:\/\/api.w.org\/{rel}","templated":true}]}}