{"id":385,"date":"2023-05-20T22:00:03","date_gmt":"2023-05-20T16:00:03","guid":{"rendered":"https:\/\/utla.edu.sv\/?page_id=385"},"modified":"2023-05-28T06:15:17","modified_gmt":"2023-05-28T00:15:17","slug":"reglamento","status":"publish","type":"page","link":"https:\/\/utla.edu.sv\/?page_id=385","title":{"rendered":"reglamento"},"content":{"rendered":"\n<figure class=\"wp-block-pullquote\"><blockquote><p>Reglamentos, estatutos, normativas y formatos<\/p><\/blockquote><\/figure>\n\n\n\n<div class=\"wp-block-columns is-layout-flex wp-container-core-columns-is-layout-9d6595d7 wp-block-columns-is-layout-flex\">\n<div class=\"wp-block-column is-layout-flow wp-block-column-is-layout-flow\" style=\"flex-basis:66.66%\">\n<figure class=\"wp-block-table\"><table><tbody><tr><td class=\"has-text-align-left\" data-align=\"left\">ITEM<\/td><td class=\"has-text-align-center\" data-align=\"center\">DESCARGAS<\/td><\/tr><tr><td class=\"has-text-align-left\" data-align=\"left\"><strong>Estatutos UTLA &#8211; Diario oficial<\/strong><\/td><td class=\"has-text-align-center\" data-align=\"center\"><a href=\"https:\/\/utlaedusv-my.sharepoint.com\/:b:\/g\/personal\/alberto_reyes_utla_edu_sv\/EfwXdTAU0WBNu4Fr_AMpGAEBSs6V6D9rLmuZGka9sC3DSg?e=c7l5Qt\" target=\"_blank\" rel=\"noreferrer noopener\"><img decoding=\"async\" width=\"48\" height=\"48\" class=\"wp-image-386\" style=\"width: 48px;\" src=\"http:\/\/utla.edu.sv\/wp-content\/uploads\/2023\/05\/icono-pdf.png\" alt=\"\"><\/a><\/td><\/tr><tr><td class=\"has-text-align-left\" data-align=\"left\"><strong>Codigo de \u00c9TICA<\/strong><\/td><td class=\"has-text-align-center\" data-align=\"center\"><a href=\"https:\/\/utlaedusv-my.sharepoint.com\/:b:\/g\/personal\/planeamientoeducativo_utla_edu_sv\/EVXW1G0YXtRKisXgGfHB8RkBdpStO67kj27my61lp3OD7Q?e=2tT7HR\" target=\"_blank\" rel=\"noreferrer noopener\"><img decoding=\"async\" width=\"48\" height=\"48\" class=\"wp-image-386\" style=\"width: 48px;\" src=\"http:\/\/utla.edu.sv\/wp-content\/uploads\/2023\/05\/icono-pdf.png\" alt=\"\"><\/a><\/td><\/tr><tr><td class=\"has-text-align-left\" data-align=\"left\"><strong>Reglamento Interno de la UTLA<\/strong><\/td><td class=\"has-text-align-center\" data-align=\"center\"><a href=\"https:\/\/utlaedusv-my.sharepoint.com\/:b:\/g\/personal\/planeamientoeducativo_utla_edu_sv\/EbtHG7pIv2lMgXJGOzZL-3MBpLPl4L9s5RDzRpeU9eHO4g?e=5x2hOL\" target=\"_blank\" rel=\"noreferrer noopener\"><img decoding=\"async\" width=\"48\" height=\"48\" class=\"wp-image-386\" style=\"width: 48px;\" src=\"http:\/\/utla.edu.sv\/wp-content\/uploads\/2023\/05\/icono-pdf.png\" alt=\"\"><\/a><\/td><\/tr><tr><td class=\"has-text-align-left\" data-align=\"left\"><strong>Reglamento de Evaluaci\u00f3n<\/strong><\/td><td class=\"has-text-align-center\" data-align=\"center\"><a href=\"https:\/\/utlaedusv-my.sharepoint.com\/:b:\/g\/personal\/planeamientoeducativo_utla_edu_sv\/ETPtA8if5UNNoeIa7KlIcW0BH1WQn3McjNBkeh1jNuMuDA?e=AILku1\" target=\"_blank\" rel=\"noreferrer noopener\"><img decoding=\"async\" width=\"48\" height=\"48\" class=\"wp-image-386\" style=\"width: 48px;\" src=\"http:\/\/utla.edu.sv\/wp-content\/uploads\/2023\/05\/icono-pdf.png\" alt=\"\"><\/a><\/td><\/tr><tr><td class=\"has-text-align-left\" data-align=\"left\"><strong>Derechos y obligaciones de los estudiantes<\/strong><\/td><td class=\"has-text-align-center\" data-align=\"center\"><a href=\"https:\/\/utlaedusv-my.sharepoint.com\/:b:\/g\/personal\/alberto_reyes_utla_edu_sv\/EUIAGy1er8NDs0X0llCxGYEBekyHdZJR3Z5FNgsIGeBMJQ?e=HiCVWT\" target=\"_blank\" rel=\"noreferrer noopener\"><img decoding=\"async\" width=\"48\" height=\"48\" class=\"wp-image-386\" style=\"width: 48px;\" src=\"http:\/\/utla.edu.sv\/wp-content\/uploads\/2023\/05\/icono-pdf.png\" alt=\"\"><\/a><\/td><\/tr><tr><td class=\"has-text-align-left\" data-align=\"left\"><strong>Derechos y obligaciones de los docentes<\/strong><\/td><td class=\"has-text-align-center\" data-align=\"center\"><a href=\"https:\/\/utlaedusv-my.sharepoint.com\/:b:\/g\/personal\/alberto_reyes_utla_edu_sv\/EbKTbeGtq1lEmnp5lbPS6pQB_JWmIB_o_EZIx15ouwchVQ?e=VlmVn7\" target=\"_blank\" rel=\"noreferrer noopener\"><img decoding=\"async\" width=\"48\" height=\"48\" class=\"wp-image-386\" style=\"width: 48px;\" src=\"http:\/\/utla.edu.sv\/wp-content\/uploads\/2023\/05\/icono-pdf.png\" alt=\"\"><\/a><\/td><\/tr><tr><td class=\"has-text-align-left\" data-align=\"left\"><strong>Sobre evaluaciones de los estudiantes<\/strong><\/td><td class=\"has-text-align-center\" data-align=\"center\"><a href=\"https:\/\/utlaedusv-my.sharepoint.com\/:b:\/g\/personal\/alberto_reyes_utla_edu_sv\/EYHClZGs6RRImsbaA4YqSm0B0eJRjW821yg6xTe1d7g_9Q?e=KvrEjD\" target=\"_blank\" rel=\"noreferrer noopener\"><img decoding=\"async\" width=\"48\" height=\"48\" class=\"wp-image-386\" style=\"width: 48px;\" src=\"http:\/\/utla.edu.sv\/wp-content\/uploads\/2023\/05\/icono-pdf.png\" alt=\"\"><\/a><\/td><\/tr><tr><td class=\"has-text-align-left\" data-align=\"left\"><strong>Reglamento de evaluaci\u00f3n<\/strong><\/td><td class=\"has-text-align-center\" data-align=\"center\"><a href=\"https:\/\/utlaedusv-my.sharepoint.com\/:b:\/g\/personal\/alberto_reyes_utla_edu_sv\/EU88gYb_saNGnJHJhRlr2xsBTRdnImcN2lLchmszMSHDiw?e=c4ywql\" target=\"_blank\" rel=\"noreferrer noopener\"><img decoding=\"async\" width=\"48\" height=\"48\" class=\"wp-image-386\" style=\"width: 48px;\" src=\"http:\/\/utla.edu.sv\/wp-content\/uploads\/2023\/05\/icono-pdf.png\" alt=\"\"><\/a><\/td><\/tr><tr><td class=\"has-text-align-left\" data-align=\"left\"><strong>Proceso de graduaci\u00f3n<\/strong><\/td><td class=\"has-text-align-center\" data-align=\"center\"><a href=\"https:\/\/utlaedusv-my.sharepoint.com\/:b:\/g\/personal\/alberto_reyes_utla_edu_sv\/EaC1qnSotutGg0x9I9tu5LABKUviinm9fA5ewAdoR3ePHg?e=QtzARN\" target=\"_blank\" rel=\"noreferrer noopener\"><img decoding=\"async\" width=\"48\" height=\"48\" class=\"wp-image-386\" style=\"width: 48px;\" src=\"http:\/\/utla.edu.sv\/wp-content\/uploads\/2023\/05\/icono-pdf.png\" alt=\"\"><\/a><\/td><\/tr><tr><td class=\"has-text-align-left\" data-align=\"left\"><strong>Reglamento general de becas<\/strong><\/td><td class=\"has-text-align-center\" data-align=\"center\"><a href=\"https:\/\/utlaedusv-my.sharepoint.com\/:b:\/g\/personal\/alberto_reyes_utla_edu_sv\/EeH2rDAzO5NFtsoAbVcfOJsBJuH5HTJ2cvfat6swBoxFOA?e=AhXWnz\" target=\"_blank\" rel=\"noreferrer noopener\"><img decoding=\"async\" width=\"48\" height=\"48\" class=\"wp-image-386\" style=\"width: 48px;\" src=\"http:\/\/utla.edu.sv\/wp-content\/uploads\/2023\/05\/icono-pdf.png\" alt=\"\"><\/a><\/td><\/tr><tr><td class=\"has-text-align-left\" data-align=\"left\"><strong>Estudio socioecon\u00f3mico<\/strong><\/td><td class=\"has-text-align-center\" data-align=\"center\"><a href=\"https:\/\/utlaedusv-my.sharepoint.com\/:b:\/g\/personal\/alberto_reyes_utla_edu_sv\/ET9W3olJIxtGjG9p8mQOtsABSUOhYubNwNWeDpzagIiOqA?e=GghHfY\" target=\"_blank\" rel=\"noreferrer noopener\"><img decoding=\"async\" width=\"48\" height=\"48\" class=\"wp-image-386\" style=\"width: 48px;\" src=\"http:\/\/utla.edu.sv\/wp-content\/uploads\/2023\/05\/icono-pdf.png\" alt=\"\"><\/a><\/td><\/tr><\/tbody><\/table><\/figure>\n<\/div>\n\n\n\n<div class=\"wp-block-column is-layout-flow wp-block-column-is-layout-flow\" style=\"flex-basis:33.33%\">\n<figure class=\"wp-block-image size-full\"><img fetchpriority=\"high\" decoding=\"async\" width=\"637\" height=\"749\" src=\"http:\/\/utla.edu.sv\/wp-content\/uploads\/2023\/05\/foto-diseno-1.png\" alt=\"\" class=\"wp-image-348\" srcset=\"https:\/\/utla.edu.sv\/wp-content\/uploads\/2023\/05\/foto-diseno-1.png 637w, https:\/\/utla.edu.sv\/wp-content\/uploads\/2023\/05\/foto-diseno-1-255x300.png 255w\" sizes=\"(max-width: 637px) 100vw, 637px\" \/><\/figure>\n<\/div>\n<\/div>\n","protected":false},"excerpt":{"rendered":"<p>Reglamentos, estatutos, normativas y formatos ITEM DESCARGAS Estatutos UTLA &#8211; Diario oficial Codigo de \u00c9TICA Reglamento Interno de la UTLA Reglamento de Evaluaci\u00f3n Derechos y obligaciones de los estudiantes Derechos y obligaciones de los docentes Sobre evaluaciones de los estudiantes Reglamento de evaluaci\u00f3n Proceso de graduaci\u00f3n Reglamento general de becas Estudio socioecon\u00f3mico<\/p>\n","protected":false},"author":2,"featured_media":0,"parent":0,"menu_order":0,"comment_status":"closed","ping_status":"closed","template":"","meta":{"_monsterinsights_skip_tracking":false,"_monsterinsights_sitenote_active":false,"_monsterinsights_sitenote_note":"","_monsterinsights_sitenote_category":0,"neve_meta_sidebar":"","neve_meta_container":"","neve_meta_enable_content_width":"","neve_meta_content_width":0,"neve_meta_title_alignment":"","neve_meta_author_avatar":"","neve_post_elements_order":"","neve_meta_disable_header":"","neve_meta_disable_footer":"","neve_meta_disable_title":"on","footnotes":""},"class_list":["post-385","page","type-page","status-publish","hentry"],"_links":{"self":[{"href":"https:\/\/utla.edu.sv\/index.php?rest_route=\/wp\/v2\/pages\/385","targetHints":{"allow":["GET"]}}],"collection":[{"href":"https:\/\/utla.edu.sv\/index.php?rest_route=\/wp\/v2\/pages"}],"about":[{"href":"https:\/\/utla.edu.sv\/index.php?rest_route=\/wp\/v2\/types\/page"}],"author":[{"embeddable":true,"href":"https:\/\/utla.edu.sv\/index.php?rest_route=\/wp\/v2\/users\/2"}],"replies":[{"embeddable":true,"href":"https:\/\/utla.edu.sv\/index.php?rest_route=%2Fwp%2Fv2%2Fcomments&post=385"}],"version-history":[{"count":6,"href":"https:\/\/utla.edu.sv\/index.php?rest_route=\/wp\/v2\/pages\/385\/revisions"}],"predecessor-version":[{"id":786,"href":"https:\/\/utla.edu.sv\/index.php?rest_route=\/wp\/v2\/pages\/385\/revisions\/786"}],"wp:attachment":[{"href":"https:\/\/utla.edu.sv\/index.php?rest_route=%2Fwp%2Fv2%2Fmedia&parent=385"}],"curies":[{"name":"wp","href":"https:\/\/api.w.org\/{rel}","templated":true}]}}