{"id":518,"date":"2023-05-24T05:09:28","date_gmt":"2023-05-23T23:09:28","guid":{"rendered":"https:\/\/utla.edu.sv\/?page_id=518"},"modified":"2023-05-28T02:57:25","modified_gmt":"2023-05-27T20:57:25","slug":"bibliotecas-virtuales","status":"publish","type":"page","link":"https:\/\/utla.edu.sv\/?page_id=518","title":{"rendered":"bibliotecas-virtuales"},"content":{"rendered":"\n<div class=\"wp-block-columns is-layout-flex wp-container-core-columns-is-layout-9d6595d7 wp-block-columns-is-layout-flex\">\n<div class=\"wp-block-column is-layout-flow wp-block-column-is-layout-flow\">\n<figure class=\"wp-block-pullquote has-medium-font-size\"><blockquote><p>Bibliotecas virtuales<\/p><\/blockquote><\/figure>\n<\/div>\n\n\n\n<div class=\"wp-block-column is-layout-flow wp-block-column-is-layout-flow\"><div class=\"wp-block-image\">\n<figure class=\"aligncenter size-full\"><a href=\"https:\/\/utla.edu.sv\/?page_id=715\"><img decoding=\"async\" width=\"64\" height=\"64\" src=\"https:\/\/utla.edu.sv\/wp-content\/uploads\/2023\/05\/repository.png\" alt=\"\" class=\"wp-image-743\"\/><\/a><\/figure>\n<\/div>\n\n\n<h2 class=\"wp-block-heading has-text-align-center\"><a href=\"https:\/\/utla.edu.sv\/?page_id=715\">Repositorio<\/a><\/h2>\n<\/div>\n\n\n\n<div class=\"wp-block-column is-layout-flow wp-block-column-is-layout-flow\"><div class=\"wp-block-image\">\n<figure class=\"aligncenter size-full is-resized\"><a href=\"https:\/\/utla.edu.sv\/?page_id=751\"><img decoding=\"async\" src=\"http:\/\/utla.edu.sv\/wp-content\/uploads\/2023\/05\/base-de-datos.png\" alt=\"\" class=\"wp-image-738\" width=\"64\" height=\"64\"\/><\/a><\/figure>\n<\/div>\n\n\n<h2 class=\"wp-block-heading has-text-align-center\"><a href=\"https:\/\/utla.edu.sv\/?page_id=751\">Base de datos<\/a><\/h2>\n<\/div>\n<\/div>\n\n\n\n<div class=\"wp-block-columns is-layout-flex wp-container-core-columns-is-layout-9d6595d7 wp-block-columns-is-layout-flex\">\n<div class=\"wp-block-column has-nv-light-bg-background-color has-text-color has-background is-layout-flow wp-block-column-is-layout-flow\" style=\"color:#143db8\">\n<figure class=\"wp-block-image size-full\"><img decoding=\"async\" width=\"100\" height=\"131\" src=\"http:\/\/utla.edu.sv\/wp-content\/uploads\/2023\/05\/BNE.png\" alt=\"\" class=\"wp-image-480\"\/><\/figure>\n\n\n\n<p>La Biblioteca Digital Hisp\u00e1nica proporciona acceso libre y gratuito a miles de documentos digitalizados<\/p>\n\n\n\n<div class=\"wp-block-columns is-layout-flex wp-container-core-columns-is-layout-9d6595d7 wp-block-columns-is-layout-flex\">\n<div class=\"wp-block-column is-layout-flow wp-block-column-is-layout-flow\" style=\"flex-basis:33.33%\">\n<figure class=\"wp-block-image size-full\"><img loading=\"lazy\" decoding=\"async\" width=\"48\" height=\"48\" src=\"https:\/\/utla.edu.sv\/wp-content\/uploads\/2023\/05\/candado2.png\" alt=\"\" class=\"wp-image-533\"\/><\/figure>\n<\/div>\n\n\n\n<div class=\"wp-block-column is-layout-flow wp-block-column-is-layout-flow\" style=\"flex-basis:66.66%\">\n<div class=\"wp-block-buttons is-content-justification-center is-layout-flex wp-container-core-buttons-is-layout-16018d1d wp-block-buttons-is-layout-flex\">\n<div class=\"wp-block-button is-style-primary\"><a class=\"wp-block-button__link has-nv-text-dark-bg-color has-text-color has-background wp-element-button\" href=\"https:\/\/www.bne.es\/es\/catalogos\/biblioteca-digital-hispanica\" style=\"background-color:#395ba3\" target=\"_blank\" rel=\"noreferrer noopener\">Acceder<\/a><\/div>\n<\/div>\n<\/div>\n<\/div>\n<\/div>\n\n\n\n<div class=\"wp-block-column has-nv-light-bg-background-color has-text-color has-background is-layout-flow wp-block-column-is-layout-flow\" style=\"color:#143db8\">\n<figure class=\"wp-block-image size-full is-resized\"><img loading=\"lazy\" decoding=\"async\" src=\"http:\/\/utla.edu.sv\/wp-content\/uploads\/2023\/05\/unesdoc.png\" alt=\"\" class=\"wp-image-481\" width=\"97\" height=\"127\"\/><\/figure>\n\n\n\n<p>Proporciona acceso a publicaciones, documentos y otros materiales producidos por la UNESCO.<\/p>\n\n\n\n<div class=\"wp-block-columns is-layout-flex wp-container-core-columns-is-layout-9d6595d7 wp-block-columns-is-layout-flex\">\n<div class=\"wp-block-column is-layout-flow wp-block-column-is-layout-flow\" style=\"flex-basis:33.33%\">\n<figure class=\"wp-block-image size-full\"><img loading=\"lazy\" decoding=\"async\" width=\"48\" height=\"48\" src=\"http:\/\/utla.edu.sv\/wp-content\/uploads\/2023\/05\/candado2.png\" alt=\"\" class=\"wp-image-533\"\/><\/figure>\n<\/div>\n\n\n\n<div class=\"wp-block-column is-layout-flow wp-block-column-is-layout-flow\" style=\"flex-basis:66.66%\">\n<div class=\"wp-block-buttons is-content-justification-center is-layout-flex wp-container-core-buttons-is-layout-16018d1d wp-block-buttons-is-layout-flex\">\n<div class=\"wp-block-button is-style-primary\"><a class=\"wp-block-button__link has-nv-text-dark-bg-color has-text-color has-background wp-element-button\" href=\"https:\/\/unesdoc.unesco.org\/\" style=\"background-color:#395ba3\" target=\"_blank\" rel=\"noreferrer noopener\">Acceder<\/a><\/div>\n<\/div>\n<\/div>\n<\/div>\n<\/div>\n\n\n\n<div class=\"wp-block-column has-nv-light-bg-background-color has-background is-layout-flow wp-block-column-is-layout-flow\">\n<figure class=\"wp-block-image size-full\"><img loading=\"lazy\" decoding=\"async\" width=\"290\" height=\"131\" src=\"https:\/\/utla.edu.sv\/wp-content\/uploads\/2023\/05\/author-aid.png\" alt=\"\" class=\"wp-image-550\"\/><\/figure>\n\n\n\n<p class=\"has-text-color\" style=\"color:#395ba3\">Es una red global pionera y gratuita que brinda apoyo a los investigadores en pa\u00edses de bajos y medianos ingresos<\/p>\n\n\n\n<div class=\"wp-block-columns is-layout-flex wp-container-core-columns-is-layout-9d6595d7 wp-block-columns-is-layout-flex\">\n<div class=\"wp-block-column is-layout-flow wp-block-column-is-layout-flow\" style=\"flex-basis:33.33%\">\n<figure class=\"wp-block-image size-full\"><img loading=\"lazy\" decoding=\"async\" width=\"48\" height=\"48\" src=\"http:\/\/utla.edu.sv\/wp-content\/uploads\/2023\/05\/candado2.png\" alt=\"\" class=\"wp-image-533\"\/><\/figure>\n<\/div>\n\n\n\n<div class=\"wp-block-column is-layout-flow wp-block-column-is-layout-flow\" style=\"flex-basis:66.66%\">\n<div class=\"wp-block-buttons is-content-justification-center is-layout-flex wp-container-core-buttons-is-layout-16018d1d wp-block-buttons-is-layout-flex\">\n<div class=\"wp-block-button\"><a class=\"wp-block-button__link has-nv-text-dark-bg-color has-text-color has-background wp-element-button\" href=\"https:\/\/www.authoraid.info\/es\/\" style=\"background-color:#395ba3\" target=\"_blank\" rel=\"noreferrer noopener\">Acceder<\/a><\/div>\n<\/div>\n<\/div>\n<\/div>\n<\/div>\n\n\n\n<div class=\"wp-block-column has-nv-light-bg-background-color has-text-color has-background is-layout-flow wp-block-column-is-layout-flow\" style=\"color:#143db8\">\n<figure class=\"wp-block-image size-full\"><img loading=\"lazy\" decoding=\"async\" width=\"318\" height=\"131\" src=\"https:\/\/utla.edu.sv\/wp-content\/uploads\/2023\/05\/biblioteca-digital-mundial-2-1.png\" alt=\"\" class=\"wp-image-520\" srcset=\"https:\/\/utla.edu.sv\/wp-content\/uploads\/2023\/05\/biblioteca-digital-mundial-2-1.png 318w, https:\/\/utla.edu.sv\/wp-content\/uploads\/2023\/05\/biblioteca-digital-mundial-2-1-300x124.png 300w\" sizes=\"(max-width: 318px) 100vw, 318px\" \/><\/figure>\n\n\n\n<p>Biblioteca digital internacional creada por la Biblioteca del Congreso de Estados Unidos y de la UNESCO.<\/p>\n\n\n\n<div class=\"wp-block-columns is-layout-flex wp-container-core-columns-is-layout-9d6595d7 wp-block-columns-is-layout-flex\">\n<div class=\"wp-block-column is-layout-flow wp-block-column-is-layout-flow\" style=\"flex-basis:33.33%\">\n<figure class=\"wp-block-image size-full\"><img loading=\"lazy\" decoding=\"async\" width=\"48\" height=\"48\" src=\"http:\/\/utla.edu.sv\/wp-content\/uploads\/2023\/05\/candado2.png\" alt=\"\" class=\"wp-image-533\"\/><\/figure>\n<\/div>\n\n\n\n<div class=\"wp-block-column is-layout-flow wp-block-column-is-layout-flow\" style=\"flex-basis:66.66%\">\n<div class=\"wp-block-buttons is-content-justification-center is-layout-flex wp-container-core-buttons-is-layout-16018d1d wp-block-buttons-is-layout-flex\">\n<div class=\"wp-block-button is-style-primary\"><a class=\"wp-block-button__link has-nv-text-dark-bg-color has-text-color has-background wp-element-button\" href=\"https:\/\/www.loc.gov\/collections\/world-digital-library\/about-this-collection\/\" style=\"background-color:#395ba3\" target=\"_blank\" rel=\"noreferrer noopener\">Acceder<\/a><\/div>\n<\/div>\n<\/div>\n<\/div>\n<\/div>\n<\/div>\n\n\n\n<div class=\"wp-block-columns is-layout-flex wp-container-core-columns-is-layout-9d6595d7 wp-block-columns-is-layout-flex\">\n<div class=\"wp-block-column has-nv-light-bg-background-color has-text-color has-background is-layout-flow wp-block-column-is-layout-flow\" style=\"color:#143db8\">\n<figure class=\"wp-block-image size-full is-resized\"><img loading=\"lazy\" decoding=\"async\" src=\"https:\/\/utla.edu.sv\/wp-content\/uploads\/2023\/05\/banco-mundial.png\" alt=\"\" class=\"wp-image-557\" width=\"152\" height=\"99\"\/><\/figure>\n\n\n\n<p>Sitio de Documentos e Informes es un mecanismo oficial de divulgaci\u00f3n de los informes preparados por el Grupo Banco Mundial<\/p>\n\n\n\n<div class=\"wp-block-columns is-layout-flex wp-container-core-columns-is-layout-9d6595d7 wp-block-columns-is-layout-flex\">\n<div class=\"wp-block-column is-layout-flow wp-block-column-is-layout-flow\" style=\"flex-basis:33.33%\">\n<figure class=\"wp-block-image size-full\"><img loading=\"lazy\" decoding=\"async\" width=\"48\" height=\"48\" src=\"https:\/\/utla.edu.sv\/wp-content\/uploads\/2023\/05\/candado2.png\" alt=\"\" class=\"wp-image-533\"\/><\/figure>\n<\/div>\n\n\n\n<div class=\"wp-block-column is-layout-flow wp-block-column-is-layout-flow\" style=\"flex-basis:66.66%\">\n<div class=\"wp-block-buttons is-content-justification-center is-layout-flex wp-container-core-buttons-is-layout-16018d1d wp-block-buttons-is-layout-flex\">\n<div class=\"wp-block-button is-style-primary\"><a class=\"wp-block-button__link has-nv-text-dark-bg-color has-text-color has-background wp-element-button\" href=\"https:\/\/www.cilea.info\/dettpubblicazioni-buscar\/15_311\/ita\/\" style=\"background-color:#395ba3\" target=\"_blank\" rel=\"noreferrer noopener\">Acceder<\/a><\/div>\n<\/div>\n<\/div>\n<\/div>\n<\/div>\n\n\n\n<div class=\"wp-block-column has-nv-light-bg-background-color has-text-color has-background is-layout-flow wp-block-column-is-layout-flow\" style=\"color:#143db8\">\n<figure class=\"wp-block-image size-full is-resized\"><img loading=\"lazy\" decoding=\"async\" src=\"https:\/\/utla.edu.sv\/wp-content\/uploads\/2023\/05\/base.png\" alt=\"\" class=\"wp-image-559\" width=\"177\" height=\"100\"\/><\/figure>\n\n\n\n<p>Motor de b\u00fasqueda multidisciplinario, usado generalmente para encontrar textos en recursos escolares a trav\u00e9s de internet<\/p>\n\n\n\n<div class=\"wp-block-columns is-layout-flex wp-container-core-columns-is-layout-9d6595d7 wp-block-columns-is-layout-flex\">\n<div class=\"wp-block-column is-layout-flow wp-block-column-is-layout-flow\" style=\"flex-basis:33.33%\">\n<figure class=\"wp-block-image size-full\"><img loading=\"lazy\" decoding=\"async\" width=\"48\" height=\"48\" src=\"http:\/\/utla.edu.sv\/wp-content\/uploads\/2023\/05\/candado2.png\" alt=\"\" class=\"wp-image-533\"\/><\/figure>\n<\/div>\n\n\n\n<div class=\"wp-block-column is-layout-flow wp-block-column-is-layout-flow\" style=\"flex-basis:66.66%\">\n<div class=\"wp-block-buttons is-content-justification-center is-layout-flex wp-container-core-buttons-is-layout-16018d1d wp-block-buttons-is-layout-flex\">\n<div class=\"wp-block-button is-style-primary\"><a class=\"wp-block-button__link has-nv-text-dark-bg-color has-text-color has-background wp-element-button\" href=\"https:\/\/www.base-search.net\/\" style=\"background-color:#395ba3\" target=\"_blank\" rel=\"noreferrer noopener\">Acceder<\/a><\/div>\n<\/div>\n<\/div>\n<\/div>\n<\/div>\n\n\n\n<div class=\"wp-block-column has-nv-light-bg-background-color has-background is-layout-flow wp-block-column-is-layout-flow\">\n<figure class=\"wp-block-image size-full is-resized\"><img loading=\"lazy\" decoding=\"async\" src=\"https:\/\/utla.edu.sv\/wp-content\/uploads\/2023\/05\/benthan-open.png\" alt=\"\" class=\"wp-image-563\" width=\"288\" height=\"98\" srcset=\"https:\/\/utla.edu.sv\/wp-content\/uploads\/2023\/05\/benthan-open.png 350w, https:\/\/utla.edu.sv\/wp-content\/uploads\/2023\/05\/benthan-open-300x103.png 300w\" sizes=\"(max-width: 288px) 100vw, 288px\" \/><\/figure>\n\n\n\n<p class=\"has-text-color\" style=\"color:#395ba3\">Publica una serie de revistas de acceso abierto las cuales cubren todas las principales disciplinas de las ciencias, medicina, tecnolog\u00eda y otras<\/p>\n\n\n\n<div class=\"wp-block-columns is-layout-flex wp-container-core-columns-is-layout-9d6595d7 wp-block-columns-is-layout-flex\">\n<div class=\"wp-block-column is-layout-flow wp-block-column-is-layout-flow\" style=\"flex-basis:33.33%\">\n<figure class=\"wp-block-image size-full\"><img loading=\"lazy\" decoding=\"async\" width=\"48\" height=\"48\" src=\"http:\/\/utla.edu.sv\/wp-content\/uploads\/2023\/05\/candado2.png\" alt=\"\" class=\"wp-image-533\"\/><\/figure>\n<\/div>\n\n\n\n<div class=\"wp-block-column is-layout-flow wp-block-column-is-layout-flow\" style=\"flex-basis:66.66%\">\n<div class=\"wp-block-buttons is-content-justification-center is-layout-flex wp-container-core-buttons-is-layout-16018d1d wp-block-buttons-is-layout-flex\">\n<div class=\"wp-block-button\"><a class=\"wp-block-button__link has-nv-text-dark-bg-color has-text-color has-background wp-element-button\" href=\"https:\/\/benthamopen.com\/\" style=\"background-color:#395ba3\" target=\"_blank\" rel=\"noreferrer noopener\">Acceder<\/a><\/div>\n<\/div>\n<\/div>\n<\/div>\n<\/div>\n\n\n\n<div class=\"wp-block-column has-nv-light-bg-background-color has-text-color has-background is-layout-flow wp-block-column-is-layout-flow\" style=\"color:#143db8\">\n<figure class=\"wp-block-image size-full\"><img loading=\"lazy\" decoding=\"async\" width=\"340\" height=\"130\" src=\"https:\/\/utla.edu.sv\/wp-content\/uploads\/2023\/05\/alfa-omega.png\" alt=\"\" class=\"wp-image-566\" srcset=\"https:\/\/utla.edu.sv\/wp-content\/uploads\/2023\/05\/alfa-omega.png 340w, https:\/\/utla.edu.sv\/wp-content\/uploads\/2023\/05\/alfa-omega-300x115.png 300w\" sizes=\"(max-width: 340px) 100vw, 340px\" \/><\/figure>\n\n\n\n<p>T\u00edtulos disponibles e ideales para el nivel superior a carreras relacionadas al \u00e1mbito de Ingenier\u00edas, administraci\u00f3n, tecnolog\u00eda y computaci\u00f3n.<\/p>\n\n\n\n<div class=\"wp-block-columns is-layout-flex wp-container-core-columns-is-layout-9d6595d7 wp-block-columns-is-layout-flex\">\n<div class=\"wp-block-column is-layout-flow wp-block-column-is-layout-flow\" style=\"flex-basis:33.33%\">\n<figure class=\"wp-block-image size-full\"><img loading=\"lazy\" decoding=\"async\" width=\"48\" height=\"48\" src=\"http:\/\/utla.edu.sv\/wp-content\/uploads\/2023\/05\/candado2.png\" alt=\"\" class=\"wp-image-533\"\/><\/figure>\n<\/div>\n\n\n\n<div class=\"wp-block-column is-layout-flow wp-block-column-is-layout-flow\" style=\"flex-basis:66.66%\">\n<div class=\"wp-block-buttons is-content-justification-center is-layout-flex wp-container-core-buttons-is-layout-16018d1d wp-block-buttons-is-layout-flex\">\n<div class=\"wp-block-button is-style-primary\"><a class=\"wp-block-button__link has-nv-text-dark-bg-color has-text-color has-background wp-element-button\" href=\"https:\/\/www.alfaomega.com.mx\/default\/bibliotecadigital\" style=\"background-color:#395ba3\" target=\"_blank\" rel=\"noreferrer noopener\">Acceder<\/a><\/div>\n<\/div>\n<\/div>\n<\/div>\n<\/div>\n<\/div>\n\n\n\n<div class=\"wp-block-columns is-layout-flex wp-container-core-columns-is-layout-9d6595d7 wp-block-columns-is-layout-flex\">\n<div class=\"wp-block-column has-nv-light-bg-background-color has-text-color has-background is-layout-flow wp-block-column-is-layout-flow\" style=\"color:#143db8\">\n<figure class=\"wp-block-image size-full\"><img loading=\"lazy\" decoding=\"async\" width=\"250\" height=\"100\" src=\"https:\/\/utla.edu.sv\/wp-content\/uploads\/2023\/05\/cochrane-library.png\" alt=\"\" class=\"wp-image-709\"\/><\/figure>\n\n\n\n<p>Es el principal producto de la Colaboraci\u00f3n Cochrane. Es una publicaci\u00f3n electr\u00f3nica que se actualizada cada tres meses<\/p>\n\n\n\n<div class=\"wp-block-columns is-layout-flex wp-container-core-columns-is-layout-9d6595d7 wp-block-columns-is-layout-flex\">\n<div class=\"wp-block-column is-layout-flow wp-block-column-is-layout-flow\" style=\"flex-basis:33.33%\">\n<figure class=\"wp-block-image size-full\"><img loading=\"lazy\" decoding=\"async\" width=\"48\" height=\"48\" src=\"https:\/\/utla.edu.sv\/wp-content\/uploads\/2023\/05\/candado2.png\" alt=\"\" class=\"wp-image-533\"\/><\/figure>\n<\/div>\n\n\n\n<div class=\"wp-block-column is-layout-flow wp-block-column-is-layout-flow\" style=\"flex-basis:66.66%\">\n<div class=\"wp-block-buttons is-content-justification-center is-layout-flex wp-container-core-buttons-is-layout-16018d1d wp-block-buttons-is-layout-flex\">\n<div class=\"wp-block-button is-style-primary\"><a class=\"wp-block-button__link has-nv-text-dark-bg-color has-text-color has-background wp-element-button\" href=\"https:\/\/www.cochranelibrary.com\/\" style=\"background-color:#395ba3\" target=\"_blank\" rel=\"noreferrer noopener\">Acceder<\/a><\/div>\n<\/div>\n<\/div>\n<\/div>\n<\/div>\n\n\n\n<div class=\"wp-block-column has-nv-light-bg-background-color has-text-color has-background is-layout-flow wp-block-column-is-layout-flow\" style=\"color:#143db8\">\n<figure class=\"wp-block-image size-full\"><img loading=\"lazy\" decoding=\"async\" width=\"200\" height=\"90\" src=\"http:\/\/utla.edu.sv\/wp-content\/uploads\/2023\/05\/doab.png\" alt=\"\" class=\"wp-image-711\"\/><\/figure>\n\n\n\n<p>Servicio de descubrimiento impulsado por la comunidad que indexa y brinda acceso a libros acad\u00e9micos de acceso abierto.<\/p>\n\n\n\n<div class=\"wp-block-columns is-layout-flex wp-container-core-columns-is-layout-9d6595d7 wp-block-columns-is-layout-flex\">\n<div class=\"wp-block-column is-layout-flow wp-block-column-is-layout-flow\" style=\"flex-basis:33.33%\">\n<figure class=\"wp-block-image size-full\"><img loading=\"lazy\" decoding=\"async\" width=\"48\" height=\"48\" src=\"http:\/\/utla.edu.sv\/wp-content\/uploads\/2023\/05\/candado2.png\" alt=\"\" class=\"wp-image-533\"\/><\/figure>\n<\/div>\n\n\n\n<div class=\"wp-block-column is-layout-flow wp-block-column-is-layout-flow\" style=\"flex-basis:66.66%\">\n<div class=\"wp-block-buttons is-content-justification-center is-layout-flex wp-container-core-buttons-is-layout-16018d1d wp-block-buttons-is-layout-flex\">\n<div class=\"wp-block-button is-style-primary\"><a class=\"wp-block-button__link has-nv-text-dark-bg-color has-text-color has-background wp-element-button\" style=\"background-color:#395ba3\">Acceder<\/a><\/div>\n<\/div>\n<\/div>\n<\/div>\n<\/div>\n\n\n\n<div class=\"wp-block-column has-nv-light-bg-background-color has-background is-layout-flow wp-block-column-is-layout-flow\">\n<figure class=\"wp-block-image size-full\"><img loading=\"lazy\" decoding=\"async\" width=\"300\" height=\"100\" src=\"http:\/\/utla.edu.sv\/wp-content\/uploads\/2023\/05\/logo-oducal.png\" alt=\"\" class=\"wp-image-712\"\/><\/figure>\n\n\n\n<p class=\"has-text-color\" style=\"color:#395ba3\">Biblioteca Digital de la Organizaci\u00f3n de Universidades Cat\u00f3licas de Am\u00e9rica Latina y el Caribe (ODUCAL)<\/p>\n\n\n\n<div class=\"wp-block-columns is-layout-flex wp-container-core-columns-is-layout-9d6595d7 wp-block-columns-is-layout-flex\">\n<div class=\"wp-block-column is-layout-flow wp-block-column-is-layout-flow\" style=\"flex-basis:33.33%\">\n<figure class=\"wp-block-image size-full\"><img loading=\"lazy\" decoding=\"async\" width=\"48\" height=\"48\" src=\"http:\/\/utla.edu.sv\/wp-content\/uploads\/2023\/05\/candado2.png\" alt=\"\" class=\"wp-image-533\"\/><\/figure>\n<\/div>\n\n\n\n<div class=\"wp-block-column is-layout-flow wp-block-column-is-layout-flow\" style=\"flex-basis:66.66%\">\n<div class=\"wp-block-buttons is-content-justification-center is-layout-flex wp-container-core-buttons-is-layout-16018d1d wp-block-buttons-is-layout-flex\">\n<div class=\"wp-block-button\"><a class=\"wp-block-button__link has-nv-text-dark-bg-color has-text-color has-background wp-element-button\" style=\"background-color:#395ba3\">Acceder<\/a><\/div>\n<\/div>\n<\/div>\n<\/div>\n<\/div>\n\n\n\n<div class=\"wp-block-column has-nv-light-bg-background-color has-text-color has-background is-layout-flow wp-block-column-is-layout-flow\" style=\"color:#143db8\">\n<figure class=\"wp-block-image size-full\"><img loading=\"lazy\" decoding=\"async\" width=\"292\" height=\"120\" src=\"https:\/\/utla.edu.sv\/wp-content\/uploads\/2023\/05\/cepal.png\" alt=\"\" class=\"wp-image-713\"\/><\/figure>\n\n\n\n<p>Biblioteca de la Comisi\u00f3n Econ\u00f3mica para Am\u00e9rica Latina y el Caribe con una cantidad de 109,000 libros<\/p>\n\n\n\n<div class=\"wp-block-columns is-layout-flex wp-container-core-columns-is-layout-9d6595d7 wp-block-columns-is-layout-flex\">\n<div class=\"wp-block-column is-layout-flow wp-block-column-is-layout-flow\" style=\"flex-basis:33.33%\">\n<figure class=\"wp-block-image size-full\"><img loading=\"lazy\" decoding=\"async\" width=\"48\" height=\"48\" src=\"http:\/\/utla.edu.sv\/wp-content\/uploads\/2023\/05\/candado2.png\" alt=\"\" class=\"wp-image-533\"\/><\/figure>\n<\/div>\n\n\n\n<div class=\"wp-block-column is-layout-flow wp-block-column-is-layout-flow\" style=\"flex-basis:66.66%\">\n<div class=\"wp-block-buttons is-content-justification-center is-layout-flex wp-container-core-buttons-is-layout-16018d1d wp-block-buttons-is-layout-flex\">\n<div class=\"wp-block-button is-style-primary\"><a class=\"wp-block-button__link has-nv-text-dark-bg-color has-text-color has-background wp-element-button\" href=\"https:\/\/www.cepal.org\/es\/biblioteca\" style=\"background-color:#395ba3\" target=\"_blank\" rel=\"noreferrer noopener\">Acceder<\/a><\/div>\n<\/div>\n<\/div>\n<\/div>\n<\/div>\n<\/div>\n","protected":false},"excerpt":{"rendered":"<p>Bibliotecas virtuales Repositorio Base de datos La Biblioteca Digital Hisp\u00e1nica proporciona acceso libre y gratuito a miles de documentos digitalizados Proporciona acceso a publicaciones, documentos y otros materiales producidos por la UNESCO. Es una red global pionera y gratuita que brinda apoyo a los investigadores en pa\u00edses de bajos y medianos ingresos Biblioteca digital internacional creada por la Biblioteca del Congreso de Estados Unidos y de la UNESCO. Sitio de Documentos e Informes es un mecanismo oficial de divulgaci\u00f3n de los informes preparados por el Grupo Banco Mundial Motor de b\u00fasqueda multidisciplinario, usado generalmente para encontrar textos en recursos escolares a trav\u00e9s de internet Publica una serie de revistas de acceso abierto las cuales cubren todas las principales disciplinas de las ciencias, medicina, tecnolog\u00eda y otras T\u00edtulos disponibles e ideales para el nivel superior a carreras relacionadas al \u00e1mbito de Ingenier\u00edas, administraci\u00f3n, tecnolog\u00eda y computaci\u00f3n. Es el principal producto de la Colaboraci\u00f3n Cochrane. Es una publicaci\u00f3n electr\u00f3nica que se actualizada cada tres meses Servicio de descubrimiento impulsado por la comunidad que indexa y brinda acceso a libros acad\u00e9micos de acceso abierto. Biblioteca Digital de la Organizaci\u00f3n de Universidades Cat\u00f3licas de Am\u00e9rica Latina y el Caribe (ODUCAL) Biblioteca de la Comisi\u00f3n Econ\u00f3mica para Am\u00e9rica Latina y el Caribe con una cantidad de 109,000 libros<\/p>\n","protected":false},"author":2,"featured_media":0,"parent":0,"menu_order":0,"comment_status":"closed","ping_status":"closed","template":"","meta":{"_monsterinsights_skip_tracking":false,"_monsterinsights_sitenote_active":false,"_monsterinsights_sitenote_note":"","_monsterinsights_sitenote_category":0,"neve_meta_sidebar":"","neve_meta_container":"","neve_meta_enable_content_width":"","neve_meta_content_width":0,"neve_meta_title_alignment":"","neve_meta_author_avatar":"","neve_post_elements_order":"","neve_meta_disable_header":"","neve_meta_disable_footer":"","neve_meta_disable_title":"on","footnotes":""},"class_list":["post-518","page","type-page","status-publish","hentry"],"_links":{"self":[{"href":"https:\/\/utla.edu.sv\/index.php?rest_route=\/wp\/v2\/pages\/518","targetHints":{"allow":["GET"]}}],"collection":[{"href":"https:\/\/utla.edu.sv\/index.php?rest_route=\/wp\/v2\/pages"}],"about":[{"href":"https:\/\/utla.edu.sv\/index.php?rest_route=\/wp\/v2\/types\/page"}],"author":[{"embeddable":true,"href":"https:\/\/utla.edu.sv\/index.php?rest_route=\/wp\/v2\/users\/2"}],"replies":[{"embeddable":true,"href":"https:\/\/utla.edu.sv\/index.php?rest_route=%2Fwp%2Fv2%2Fcomments&post=518"}],"version-history":[{"count":20,"href":"https:\/\/utla.edu.sv\/index.php?rest_route=\/wp\/v2\/pages\/518\/revisions"}],"predecessor-version":[{"id":761,"href":"https:\/\/utla.edu.sv\/index.php?rest_route=\/wp\/v2\/pages\/518\/revisions\/761"}],"wp:attachment":[{"href":"https:\/\/utla.edu.sv\/index.php?rest_route=%2Fwp%2Fv2%2Fmedia&parent=518"}],"curies":[{"name":"wp","href":"https:\/\/api.w.org\/{rel}","templated":true}]}}