{"id":751,"date":"2023-05-28T02:43:29","date_gmt":"2023-05-27T20:43:29","guid":{"rendered":"https:\/\/utla.edu.sv\/?page_id=751"},"modified":"2023-05-28T04:00:02","modified_gmt":"2023-05-27T22:00:02","slug":"base-de-datos","status":"publish","type":"page","link":"https:\/\/utla.edu.sv\/?page_id=751","title":{"rendered":"base de datos"},"content":{"rendered":"\n<div class=\"wp-block-columns is-layout-flex wp-container-core-columns-is-layout-9d6595d7 wp-block-columns-is-layout-flex\">\n<div class=\"wp-block-column is-layout-flow wp-block-column-is-layout-flow\"><div class=\"wp-block-image\">\n<figure class=\"aligncenter size-full is-resized\"><a href=\"https:\/\/utla.edu.sv\/?page_id=518\"><img decoding=\"async\" src=\"http:\/\/utla.edu.sv\/wp-content\/uploads\/2023\/05\/libros.png\" alt=\"\" class=\"wp-image-95\" width=\"67\" height=\"67\"\/><\/a><\/figure>\n<\/div>\n\n\n<h2 class=\"wp-block-heading has-text-align-center\"><a href=\"https:\/\/utla.edu.sv\/?page_id=518\">Bibliotecas<\/a><\/h2>\n<\/div>\n\n\n\n<div class=\"wp-block-column is-layout-flow wp-block-column-is-layout-flow\"><div class=\"wp-block-image\">\n<figure class=\"aligncenter size-full is-resized\"><a href=\"https:\/\/utla.edu.sv\/?page_id=715\"><img decoding=\"async\" src=\"http:\/\/utla.edu.sv\/wp-content\/uploads\/2023\/05\/repository.png\" alt=\"\" class=\"wp-image-743\" width=\"67\" height=\"67\"\/><\/a><\/figure>\n<\/div>\n\n\n<h2 class=\"wp-block-heading has-text-align-center\"><a href=\"https:\/\/utla.edu.sv\/?page_id=715\">Repositorios<\/a><\/h2>\n<\/div>\n\n\n\n<div class=\"wp-block-column is-layout-flow wp-block-column-is-layout-flow\">\n<figure class=\"wp-block-pullquote has-nv-dark-bg-color has-text-color\" style=\"font-size:24px\"><blockquote><p>Bases de datos<\/p><\/blockquote><\/figure>\n<\/div>\n<\/div>\n\n\n\n<div class=\"wp-block-columns is-layout-flex wp-container-core-columns-is-layout-9d6595d7 wp-block-columns-is-layout-flex\">\n<div class=\"wp-block-column has-nv-light-bg-background-color has-text-color has-background is-layout-flow wp-block-column-is-layout-flow\" style=\"color:#143db8\">\n<figure class=\"wp-block-image size-full is-resized\"><img decoding=\"async\" src=\"http:\/\/utla.edu.sv\/wp-content\/uploads\/2023\/05\/banco-mundial.png\" alt=\"\" class=\"wp-image-557\" width=\"153\" height=\"100\"\/><\/figure>\n\n\n\n<p>Sitio de Documentos e Informes es un mecanismo oficial de divulgaci\u00f3n de los informes preparados por el Grupo Banco Mundial<\/p>\n\n\n\n<div class=\"wp-block-columns is-layout-flex wp-container-core-columns-is-layout-9d6595d7 wp-block-columns-is-layout-flex\">\n<div class=\"wp-block-column is-layout-flow wp-block-column-is-layout-flow\" style=\"flex-basis:33.33%\">\n<figure class=\"wp-block-image size-full\"><img loading=\"lazy\" decoding=\"async\" width=\"48\" height=\"48\" src=\"https:\/\/utla.edu.sv\/wp-content\/uploads\/2023\/05\/candado2.png\" alt=\"\" class=\"wp-image-533\"\/><\/figure>\n<\/div>\n\n\n\n<div class=\"wp-block-column is-layout-flow wp-block-column-is-layout-flow\" style=\"flex-basis:66.66%\">\n<div class=\"wp-block-buttons is-content-justification-center is-layout-flex wp-container-core-buttons-is-layout-16018d1d wp-block-buttons-is-layout-flex\">\n<div class=\"wp-block-button is-style-primary\"><a class=\"wp-block-button__link has-nv-text-dark-bg-color has-text-color has-background wp-element-button\" href=\"https:\/\/www.cilea.info\/dettpubblicazioni-buscar\/15_311\/ita\/\" style=\"background-color:#395ba3\" target=\"_blank\" rel=\"noreferrer noopener\">Acceder<\/a><\/div>\n<\/div>\n<\/div>\n<\/div>\n<\/div>\n\n\n\n<div class=\"wp-block-column has-nv-light-bg-background-color has-text-color has-background is-layout-flow wp-block-column-is-layout-flow\" style=\"color:#143db8\">\n<figure class=\"wp-block-image size-full is-resized\"><img loading=\"lazy\" decoding=\"async\" src=\"https:\/\/utla.edu.sv\/wp-content\/uploads\/2023\/05\/logoBVS_espanhol75.jpg\" alt=\"\" class=\"wp-image-767\" width=\"96\" height=\"96\"\/><\/figure>\n\n\n\n<p>La Biblioteca Virtual en Salud es una colecci\u00f3n de fuentes de informaci\u00f3n cient\u00edfica y t\u00e9cnica en salud organizada y almacenada en formato electr\u00f3nico<\/p>\n\n\n\n<div class=\"wp-block-columns is-layout-flex wp-container-core-columns-is-layout-9d6595d7 wp-block-columns-is-layout-flex\">\n<div class=\"wp-block-column is-layout-flow wp-block-column-is-layout-flow\" style=\"flex-basis:33.33%\">\n<figure class=\"wp-block-image size-full\"><img loading=\"lazy\" decoding=\"async\" width=\"48\" height=\"48\" src=\"http:\/\/utla.edu.sv\/wp-content\/uploads\/2023\/05\/candado2.png\" alt=\"\" class=\"wp-image-533\"\/><\/figure>\n<\/div>\n\n\n\n<div class=\"wp-block-column is-layout-flow wp-block-column-is-layout-flow\" style=\"flex-basis:66.66%\">\n<div class=\"wp-block-buttons is-content-justification-center is-layout-flex wp-container-core-buttons-is-layout-16018d1d wp-block-buttons-is-layout-flex\">\n<div class=\"wp-block-button is-style-primary\"><a class=\"wp-block-button__link has-nv-text-dark-bg-color has-text-color has-background wp-element-button\" href=\"https:\/\/bvsalud.org\/es\/\" style=\"background-color:#395ba3\" target=\"_blank\" rel=\"noreferrer noopener\">Acceder<\/a><\/div>\n<\/div>\n<\/div>\n<\/div>\n<\/div>\n\n\n\n<div class=\"wp-block-column has-nv-light-bg-background-color has-background is-layout-flow wp-block-column-is-layout-flow\">\n<figure class=\"wp-block-image size-full is-resized\"><img loading=\"lazy\" decoding=\"async\" src=\"http:\/\/utla.edu.sv\/wp-content\/uploads\/2023\/05\/cochrane-library.png\" alt=\"\" class=\"wp-image-709\" width=\"243\" height=\"97\"\/><\/figure>\n\n\n\n<p class=\"has-text-color\" style=\"color:#395ba3\">Es una colecci\u00f3n de evidencia independiente de alta calidad para informar la toma de decisiones de atenci\u00f3n m\u00e9dica, incluida la BD de cochrane<\/p>\n\n\n\n<div class=\"wp-block-columns is-layout-flex wp-container-core-columns-is-layout-9d6595d7 wp-block-columns-is-layout-flex\">\n<div class=\"wp-block-column is-layout-flow wp-block-column-is-layout-flow\" style=\"flex-basis:33.33%\">\n<figure class=\"wp-block-image size-full\"><img loading=\"lazy\" decoding=\"async\" width=\"48\" height=\"48\" src=\"http:\/\/utla.edu.sv\/wp-content\/uploads\/2023\/05\/candado2.png\" alt=\"\" class=\"wp-image-533\"\/><\/figure>\n<\/div>\n\n\n\n<div class=\"wp-block-column is-layout-flow wp-block-column-is-layout-flow\" style=\"flex-basis:66.66%\">\n<div class=\"wp-block-buttons is-content-justification-center is-layout-flex wp-container-core-buttons-is-layout-16018d1d wp-block-buttons-is-layout-flex\">\n<div class=\"wp-block-button\"><a class=\"wp-block-button__link has-nv-text-dark-bg-color has-text-color has-background wp-element-button\" href=\"https:\/\/www.cochranelibrary.com\/\" style=\"background-color:#395ba3\" target=\"_blank\" rel=\"noreferrer noopener\">Acceder<\/a><\/div>\n<\/div>\n<\/div>\n<\/div>\n<\/div>\n\n\n\n<div class=\"wp-block-column has-nv-light-bg-background-color has-text-color has-background is-layout-flow wp-block-column-is-layout-flow\" style=\"color:#143db8\">\n<figure class=\"wp-block-image size-full is-resized\"><img loading=\"lazy\" decoding=\"async\" src=\"https:\/\/utla.edu.sv\/wp-content\/uploads\/2023\/05\/publimed.png\" alt=\"\" class=\"wp-image-774\" width=\"248\" height=\"103\"\/><\/figure>\n\n\n\n<p>Motor de b\u00fasqueda de libre acceso que permite consultar principal y mayoritariamente los contenidos de la base de datos MEDLINE.<\/p>\n\n\n\n<div class=\"wp-block-columns is-layout-flex wp-container-core-columns-is-layout-9d6595d7 wp-block-columns-is-layout-flex\">\n<div class=\"wp-block-column is-layout-flow wp-block-column-is-layout-flow\" style=\"flex-basis:33.33%\">\n<figure class=\"wp-block-image size-full\"><img loading=\"lazy\" decoding=\"async\" width=\"48\" height=\"48\" src=\"http:\/\/utla.edu.sv\/wp-content\/uploads\/2023\/05\/candado2.png\" alt=\"\" class=\"wp-image-533\"\/><\/figure>\n<\/div>\n\n\n\n<div class=\"wp-block-column is-layout-flow wp-block-column-is-layout-flow\" style=\"flex-basis:66.66%\">\n<div class=\"wp-block-buttons is-content-justification-center is-layout-flex wp-container-core-buttons-is-layout-16018d1d wp-block-buttons-is-layout-flex\">\n<div class=\"wp-block-button is-style-primary\"><a class=\"wp-block-button__link has-nv-text-dark-bg-color has-text-color has-background wp-element-button\" href=\"https:\/\/pubmed.ncbi.nlm.nih.gov\/\" style=\"background-color:#395ba3\" target=\"_blank\" rel=\"noreferrer noopener\">Acceder<\/a><\/div>\n<\/div>\n<\/div>\n<\/div>\n<\/div>\n<\/div>\n\n\n\n<div class=\"wp-block-columns is-layout-flex wp-container-core-columns-is-layout-9d6595d7 wp-block-columns-is-layout-flex\">\n<div class=\"wp-block-column has-nv-light-bg-background-color has-text-color has-background is-layout-flow wp-block-column-is-layout-flow\" style=\"color:#143db8\">\n<figure class=\"wp-block-image size-full\"><img loading=\"lazy\" decoding=\"async\" width=\"292\" height=\"109\" src=\"http:\/\/utla.edu.sv\/wp-content\/uploads\/2023\/05\/logo-acces.png\" alt=\"\" class=\"wp-image-717\"\/><\/figure>\n\n\n\n<p>Tiene por finalidad propiciar el trabajo colaborativo de instituciones de educaci\u00f3n superior (IES), Centros de Investigaci\u00f3n, instituciones de gobierno y no gubernamentales<\/p>\n\n\n\n<div class=\"wp-block-columns is-layout-flex wp-container-core-columns-is-layout-9d6595d7 wp-block-columns-is-layout-flex\">\n<div class=\"wp-block-column is-layout-flow wp-block-column-is-layout-flow\" style=\"flex-basis:33.33%\">\n<figure class=\"wp-block-image size-full\"><img loading=\"lazy\" decoding=\"async\" width=\"48\" height=\"48\" src=\"https:\/\/utla.edu.sv\/wp-content\/uploads\/2023\/05\/candado2.png\" alt=\"\" class=\"wp-image-533\"\/><\/figure>\n<\/div>\n\n\n\n<div class=\"wp-block-column is-layout-flow wp-block-column-is-layout-flow\" style=\"flex-basis:66.66%\">\n<div class=\"wp-block-buttons is-content-justification-center is-layout-flex wp-container-core-buttons-is-layout-16018d1d wp-block-buttons-is-layout-flex\">\n<div class=\"wp-block-button is-style-primary\"><a class=\"wp-block-button__link has-nv-text-dark-bg-color has-text-color has-background wp-element-button\" href=\"http:\/\/acces.org.sv\/vufind\/Content\/repos\" style=\"background-color:#395ba3\" target=\"_blank\" rel=\"noreferrer noopener\">Acceder<\/a><\/div>\n<\/div>\n<\/div>\n<\/div>\n<\/div>\n\n\n\n<div class=\"wp-block-column has-nv-light-bg-background-color has-text-color has-background is-layout-flow wp-block-column-is-layout-flow\" style=\"color:#143db8\">\n<figure class=\"wp-block-image size-full is-resized\"><img loading=\"lazy\" decoding=\"async\" src=\"https:\/\/utla.edu.sv\/wp-content\/uploads\/2023\/05\/base.png\" alt=\"\" class=\"wp-image-559\" width=\"161\" height=\"91\"\/><\/figure>\n\n\n\n<p>Motor de b\u00fasqueda multidisciplinario, usado generalmente para encontrar textos en recursos escolares a trav\u00e9s de internet<\/p>\n\n\n\n<div class=\"wp-block-columns is-layout-flex wp-container-core-columns-is-layout-9d6595d7 wp-block-columns-is-layout-flex\">\n<div class=\"wp-block-column is-layout-flow wp-block-column-is-layout-flow\" style=\"flex-basis:33.33%\">\n<figure class=\"wp-block-image size-full\"><img loading=\"lazy\" decoding=\"async\" width=\"48\" height=\"48\" src=\"http:\/\/utla.edu.sv\/wp-content\/uploads\/2023\/05\/candado2.png\" alt=\"\" class=\"wp-image-533\"\/><\/figure>\n<\/div>\n\n\n\n<div class=\"wp-block-column is-layout-flow wp-block-column-is-layout-flow\" style=\"flex-basis:66.66%\">\n<div class=\"wp-block-buttons is-content-justification-center is-layout-flex wp-container-core-buttons-is-layout-16018d1d wp-block-buttons-is-layout-flex\">\n<div class=\"wp-block-button is-style-primary\"><a class=\"wp-block-button__link has-nv-text-dark-bg-color has-text-color has-background wp-element-button\" href=\"https:\/\/www.base-search.net\/\" style=\"background-color:#395ba3\" target=\"_blank\" rel=\"noreferrer noopener\">Acceder<\/a><\/div>\n<\/div>\n<\/div>\n<\/div>\n<\/div>\n\n\n\n<div class=\"wp-block-column has-nv-light-bg-background-color has-background is-layout-flow wp-block-column-is-layout-flow\">\n<figure class=\"wp-block-image size-full is-resized\"><img loading=\"lazy\" decoding=\"async\" src=\"https:\/\/utla.edu.sv\/wp-content\/uploads\/2023\/05\/LA-Referencia.png\" alt=\"\" class=\"wp-image-725\" width=\"212\" height=\"91\"\/><\/figure>\n\n\n\n<p class=\"has-text-color\" style=\"color:#395ba3\">Red Federada de Repositorios Institucionales de Publicaciones Cient\u00edficas, constituida como red latinoamericana de repositorios de acceso abierto<\/p>\n\n\n\n<div class=\"wp-block-columns is-layout-flex wp-container-core-columns-is-layout-9d6595d7 wp-block-columns-is-layout-flex\">\n<div class=\"wp-block-column is-layout-flow wp-block-column-is-layout-flow\" style=\"flex-basis:33.33%\">\n<figure class=\"wp-block-image size-full\"><img loading=\"lazy\" decoding=\"async\" width=\"48\" height=\"48\" src=\"http:\/\/utla.edu.sv\/wp-content\/uploads\/2023\/05\/candado2.png\" alt=\"\" class=\"wp-image-533\"\/><\/figure>\n<\/div>\n\n\n\n<div class=\"wp-block-column is-layout-flow wp-block-column-is-layout-flow\" style=\"flex-basis:66.66%\">\n<div class=\"wp-block-buttons is-content-justification-center is-layout-flex wp-container-core-buttons-is-layout-16018d1d wp-block-buttons-is-layout-flex\">\n<div class=\"wp-block-button\"><a class=\"wp-block-button__link has-nv-text-dark-bg-color has-text-color has-background wp-element-button\" href=\"https:\/\/www.lareferencia.info\/es\/\" style=\"background-color:#395ba3\" target=\"_blank\" rel=\"noreferrer noopener\">Acceder<\/a><\/div>\n<\/div>\n<\/div>\n<\/div>\n<\/div>\n\n\n\n<div class=\"wp-block-column has-nv-light-bg-background-color has-text-color has-background is-layout-flow wp-block-column-is-layout-flow\" style=\"color:#143db8\">\n<figure class=\"wp-block-image size-full is-resized\"><img loading=\"lazy\" decoding=\"async\" src=\"https:\/\/utla.edu.sv\/wp-content\/uploads\/2023\/05\/alfa-omega.png\" alt=\"\" class=\"wp-image-566\" width=\"241\" height=\"92\" srcset=\"https:\/\/utla.edu.sv\/wp-content\/uploads\/2023\/05\/alfa-omega.png 340w, https:\/\/utla.edu.sv\/wp-content\/uploads\/2023\/05\/alfa-omega-300x115.png 300w\" sizes=\"(max-width: 241px) 100vw, 241px\" \/><\/figure>\n\n\n\n<p>T\u00edtulos disponibles e ideales para el nivel superior a carreras relacionadas al \u00e1mbito de Ingenier\u00edas, administraci\u00f3n, tecnolog\u00eda y computaci\u00f3n.<\/p>\n\n\n\n<div class=\"wp-block-columns is-layout-flex wp-container-core-columns-is-layout-9d6595d7 wp-block-columns-is-layout-flex\">\n<div class=\"wp-block-column is-layout-flow wp-block-column-is-layout-flow\" style=\"flex-basis:33.33%\">\n<figure class=\"wp-block-image size-full\"><img loading=\"lazy\" decoding=\"async\" width=\"48\" height=\"48\" src=\"http:\/\/utla.edu.sv\/wp-content\/uploads\/2023\/05\/candado2.png\" alt=\"\" class=\"wp-image-533\"\/><\/figure>\n<\/div>\n\n\n\n<div class=\"wp-block-column is-layout-flow wp-block-column-is-layout-flow\" style=\"flex-basis:66.66%\">\n<div class=\"wp-block-buttons is-content-justification-center is-layout-flex wp-container-core-buttons-is-layout-16018d1d wp-block-buttons-is-layout-flex\">\n<div class=\"wp-block-button is-style-primary\"><a class=\"wp-block-button__link has-nv-text-dark-bg-color has-text-color has-background wp-element-button\" href=\"https:\/\/www.alfaomega.com.mx\/default\/bibliotecadigital\" style=\"background-color:#395ba3\" target=\"_blank\" rel=\"noreferrer noopener\">Acceder<\/a><\/div>\n<\/div>\n<\/div>\n<\/div>\n<\/div>\n<\/div>\n\n\n\n<div class=\"wp-block-columns is-layout-flex wp-container-core-columns-is-layout-9d6595d7 wp-block-columns-is-layout-flex\">\n<div class=\"wp-block-column has-nv-light-bg-background-color has-text-color has-background is-layout-flow wp-block-column-is-layout-flow\" style=\"color:#143db8\">\n<figure class=\"wp-block-image size-full\"><img loading=\"lazy\" decoding=\"async\" width=\"386\" height=\"130\" src=\"https:\/\/utla.edu.sv\/wp-content\/uploads\/2023\/05\/okr.jpg\" alt=\"\" class=\"wp-image-731\" srcset=\"https:\/\/utla.edu.sv\/wp-content\/uploads\/2023\/05\/okr.jpg 386w, https:\/\/utla.edu.sv\/wp-content\/uploads\/2023\/05\/okr-300x101.jpg 300w\" sizes=\"(max-width: 386px) 100vw, 386px\" \/><\/figure>\n\n\n\n<p>Es el repositorio oficial de acceso abierto del Banco Mundial y presenta contenido de investigaci\u00f3n sobre desarrollo.<\/p>\n\n\n\n<div class=\"wp-block-columns is-layout-flex wp-container-core-columns-is-layout-9d6595d7 wp-block-columns-is-layout-flex\">\n<div class=\"wp-block-column is-layout-flow wp-block-column-is-layout-flow\" style=\"flex-basis:33.33%\">\n<figure class=\"wp-block-image size-full\"><img loading=\"lazy\" decoding=\"async\" width=\"48\" height=\"48\" src=\"https:\/\/utla.edu.sv\/wp-content\/uploads\/2023\/05\/candado2.png\" alt=\"\" class=\"wp-image-533\"\/><\/figure>\n<\/div>\n\n\n\n<div class=\"wp-block-column is-layout-flow wp-block-column-is-layout-flow\" style=\"flex-basis:66.66%\">\n<div class=\"wp-block-buttons is-content-justification-center is-layout-flex wp-container-core-buttons-is-layout-16018d1d wp-block-buttons-is-layout-flex\">\n<div class=\"wp-block-button is-style-primary\"><a class=\"wp-block-button__link has-nv-text-dark-bg-color has-text-color has-background wp-element-button\" href=\"https:\/\/openknowledge.worldbank.org\/home\" style=\"background-color:#395ba3\" target=\"_blank\" rel=\"noreferrer noopener\">Acceder<\/a><\/div>\n<\/div>\n<\/div>\n<\/div>\n<\/div>\n\n\n\n<div class=\"wp-block-column has-nv-light-bg-background-color has-text-color has-background is-layout-flow wp-block-column-is-layout-flow\" style=\"color:#143db8\">\n<figure class=\"wp-block-image size-full is-resized\"><img loading=\"lazy\" decoding=\"async\" src=\"http:\/\/utla.edu.sv\/wp-content\/uploads\/2023\/05\/author-aid.png\" alt=\"\" class=\"wp-image-550\" width=\"196\" height=\"88\"\/><\/figure>\n\n\n\n<p>Es una red global pionera y gratuita que brinda apoyo a los investigadores en pa\u00edses de bajos y medianos ingresos.<\/p>\n\n\n\n<div class=\"wp-block-columns is-layout-flex wp-container-core-columns-is-layout-9d6595d7 wp-block-columns-is-layout-flex\">\n<div class=\"wp-block-column is-layout-flow wp-block-column-is-layout-flow\" style=\"flex-basis:33.33%\">\n<figure class=\"wp-block-image size-full\"><img loading=\"lazy\" decoding=\"async\" width=\"48\" height=\"48\" src=\"http:\/\/utla.edu.sv\/wp-content\/uploads\/2023\/05\/candado2.png\" alt=\"\" class=\"wp-image-533\"\/><\/figure>\n<\/div>\n\n\n\n<div class=\"wp-block-column is-layout-flow wp-block-column-is-layout-flow\" style=\"flex-basis:66.66%\">\n<div class=\"wp-block-buttons is-content-justification-center is-layout-flex wp-container-core-buttons-is-layout-16018d1d wp-block-buttons-is-layout-flex\">\n<div class=\"wp-block-button is-style-primary\"><a class=\"wp-block-button__link has-nv-text-dark-bg-color has-text-color has-background wp-element-button\" href=\"https:\/\/www.authoraid.info\/es\/\" style=\"background-color:#395ba3\" target=\"_blank\" rel=\"noreferrer noopener\">Acceder<\/a><\/div>\n<\/div>\n<\/div>\n<\/div>\n<\/div>\n\n\n\n<div class=\"wp-block-column has-nv-light-bg-background-color has-background is-layout-flow wp-block-column-is-layout-flow\">\n<figure class=\"wp-block-image size-full\"><img loading=\"lazy\" decoding=\"async\" width=\"300\" height=\"100\" src=\"http:\/\/utla.edu.sv\/wp-content\/uploads\/2023\/05\/logo-oducal.png\" alt=\"\" class=\"wp-image-712\"\/><\/figure>\n\n\n\n<p class=\"has-text-color\" style=\"color:#395ba3\">Biblioteca Digital de la Organizaci\u00f3n de Universidades Cat\u00f3licas de Am\u00e9rica Latina y el Caribe (ODUCAL)<\/p>\n\n\n\n<div class=\"wp-block-columns is-layout-flex wp-container-core-columns-is-layout-9d6595d7 wp-block-columns-is-layout-flex\">\n<div class=\"wp-block-column is-layout-flow wp-block-column-is-layout-flow\" style=\"flex-basis:33.33%\">\n<figure class=\"wp-block-image size-full\"><img loading=\"lazy\" decoding=\"async\" width=\"48\" height=\"48\" src=\"http:\/\/utla.edu.sv\/wp-content\/uploads\/2023\/05\/candado2.png\" alt=\"\" class=\"wp-image-533\"\/><\/figure>\n<\/div>\n\n\n\n<div class=\"wp-block-column is-layout-flow wp-block-column-is-layout-flow\" style=\"flex-basis:66.66%\">\n<div class=\"wp-block-buttons is-content-justification-center is-layout-flex wp-container-core-buttons-is-layout-16018d1d wp-block-buttons-is-layout-flex\">\n<div class=\"wp-block-button\"><a class=\"wp-block-button__link has-nv-text-dark-bg-color has-text-color has-background wp-element-button\" style=\"background-color:#395ba3\">Acceder<\/a><\/div>\n<\/div>\n<\/div>\n<\/div>\n<\/div>\n\n\n\n<div class=\"wp-block-column has-nv-light-bg-background-color has-text-color has-background is-layout-flow wp-block-column-is-layout-flow\" style=\"color:#143db8\">\n<figure class=\"wp-block-image size-full is-resized\"><img loading=\"lazy\" decoding=\"async\" src=\"https:\/\/utla.edu.sv\/wp-content\/uploads\/2023\/05\/cepal.png\" alt=\"\" class=\"wp-image-713\" width=\"216\" height=\"88\"\/><\/figure>\n\n\n\n<p>Biblioteca de la Comisi\u00f3n Econ\u00f3mica para Am\u00e9rica Latina y el Caribe con una cantidad de 109,000 libros<\/p>\n\n\n\n<div class=\"wp-block-columns is-layout-flex wp-container-core-columns-is-layout-9d6595d7 wp-block-columns-is-layout-flex\">\n<div class=\"wp-block-column is-layout-flow wp-block-column-is-layout-flow\" style=\"flex-basis:33.33%\">\n<figure class=\"wp-block-image size-full\"><img loading=\"lazy\" decoding=\"async\" width=\"48\" height=\"48\" src=\"http:\/\/utla.edu.sv\/wp-content\/uploads\/2023\/05\/candado2.png\" alt=\"\" class=\"wp-image-533\"\/><\/figure>\n<\/div>\n\n\n\n<div class=\"wp-block-column is-layout-flow wp-block-column-is-layout-flow\" style=\"flex-basis:66.66%\">\n<div class=\"wp-block-buttons is-content-justification-center is-layout-flex wp-container-core-buttons-is-layout-16018d1d wp-block-buttons-is-layout-flex\">\n<div class=\"wp-block-button is-style-primary\"><a class=\"wp-block-button__link has-nv-text-dark-bg-color has-text-color has-background wp-element-button\" href=\"https:\/\/www.cepal.org\/es\/biblioteca\" style=\"background-color:#395ba3\" target=\"_blank\" rel=\"noreferrer noopener\">Acceder<\/a><\/div>\n<\/div>\n<\/div>\n<\/div>\n<\/div>\n<\/div>\n","protected":false},"excerpt":{"rendered":"<p>Bibliotecas Repositorios Bases de datos Sitio de Documentos e Informes es un mecanismo oficial de divulgaci\u00f3n de los informes preparados por el Grupo Banco Mundial La Biblioteca Virtual en Salud es una colecci\u00f3n de fuentes de informaci\u00f3n cient\u00edfica y t\u00e9cnica en salud organizada y almacenada en formato electr\u00f3nico Es una colecci\u00f3n de evidencia independiente de alta calidad para informar la toma de decisiones de atenci\u00f3n m\u00e9dica, incluida la BD de cochrane Motor de b\u00fasqueda de libre acceso que permite consultar principal y mayoritariamente los contenidos de la base de datos MEDLINE. Tiene por finalidad propiciar el trabajo colaborativo de instituciones de educaci\u00f3n superior (IES), Centros de Investigaci\u00f3n, instituciones de gobierno y no gubernamentales Motor de b\u00fasqueda multidisciplinario, usado generalmente para encontrar textos en recursos escolares a trav\u00e9s de internet Red Federada de Repositorios Institucionales de Publicaciones Cient\u00edficas, constituida como red latinoamericana de repositorios de acceso abierto T\u00edtulos disponibles e ideales para el nivel superior a carreras relacionadas al \u00e1mbito de Ingenier\u00edas, administraci\u00f3n, tecnolog\u00eda y computaci\u00f3n. Es el repositorio oficial de acceso abierto del Banco Mundial y presenta contenido de investigaci\u00f3n sobre desarrollo. Es una red global pionera y gratuita que brinda apoyo a los investigadores en pa\u00edses de bajos y medianos ingresos. Biblioteca Digital de la Organizaci\u00f3n de Universidades Cat\u00f3licas de Am\u00e9rica Latina y el Caribe (ODUCAL) Biblioteca de la Comisi\u00f3n Econ\u00f3mica para Am\u00e9rica Latina y el Caribe con una cantidad de 109,000 libros<\/p>\n","protected":false},"author":2,"featured_media":0,"parent":0,"menu_order":0,"comment_status":"closed","ping_status":"closed","template":"","meta":{"_monsterinsights_skip_tracking":false,"_monsterinsights_sitenote_active":false,"_monsterinsights_sitenote_note":"","_monsterinsights_sitenote_category":0,"neve_meta_sidebar":"","neve_meta_container":"","neve_meta_enable_content_width":"","neve_meta_content_width":0,"neve_meta_title_alignment":"","neve_meta_author_avatar":"","neve_post_elements_order":"","neve_meta_disable_header":"","neve_meta_disable_footer":"","neve_meta_disable_title":"on","footnotes":""},"class_list":["post-751","page","type-page","status-publish","hentry"],"_links":{"self":[{"href":"https:\/\/utla.edu.sv\/index.php?rest_route=\/wp\/v2\/pages\/751","targetHints":{"allow":["GET"]}}],"collection":[{"href":"https:\/\/utla.edu.sv\/index.php?rest_route=\/wp\/v2\/pages"}],"about":[{"href":"https:\/\/utla.edu.sv\/index.php?rest_route=\/wp\/v2\/types\/page"}],"author":[{"embeddable":true,"href":"https:\/\/utla.edu.sv\/index.php?rest_route=\/wp\/v2\/users\/2"}],"replies":[{"embeddable":true,"href":"https:\/\/utla.edu.sv\/index.php?rest_route=%2Fwp%2Fv2%2Fcomments&post=751"}],"version-history":[{"count":10,"href":"https:\/\/utla.edu.sv\/index.php?rest_route=\/wp\/v2\/pages\/751\/revisions"}],"predecessor-version":[{"id":775,"href":"https:\/\/utla.edu.sv\/index.php?rest_route=\/wp\/v2\/pages\/751\/revisions\/775"}],"wp:attachment":[{"href":"https:\/\/utla.edu.sv\/index.php?rest_route=%2Fwp%2Fv2%2Fmedia&parent=751"}],"curies":[{"name":"wp","href":"https:\/\/api.w.org\/{rel}","templated":true}]}}