{"id":842,"date":"2023-07-01T03:06:28","date_gmt":"2023-06-30T21:06:28","guid":{"rendered":"https:\/\/utla.edu.sv\/?page_id=842"},"modified":"2023-07-01T11:37:06","modified_gmt":"2023-07-01T05:37:06","slug":"bolsa-de-empleo","status":"publish","type":"page","link":"https:\/\/utla.edu.sv\/?page_id=842","title":{"rendered":"Bolsa de Empleo"},"content":{"rendered":"\n<figure class=\"wp-block-pullquote\"><blockquote><p><strong>Bolsa de Empleo<\/strong><\/p><cite><strong>Como Universidad, apoyamos y contribuimos a la empleabilidad de nuestros estudiantes, por lo que hemos creado la Bolsa de empleo UTLA. <br>En la que encontraras ofertas de empleo actuales; as\u00ed como tambi\u00e9n puedes ser parte de nuestra base de datos para empresas que requieran un perfil en espec\u00edfico y as\u00ed nosotros poder compartirlo.<\/strong><\/cite><\/blockquote><\/figure>\n\n\n\n<div class=\"wp-block-columns is-layout-flex wp-container-core-columns-is-layout-9d6595d7 wp-block-columns-is-layout-flex\">\n<div class=\"wp-block-column is-layout-flow wp-block-column-is-layout-flow\" style=\"flex-basis:66.66%\">\n<h2 class=\"wp-block-heading\">Bandeja de hoja de vida<\/h2>\n\n\n\n<p><strong>Si deseas ser parte de nuestra base de datos, puedes completar el siguiente formulario<\/strong><\/p>\n<\/div>\n\n\n\n<div class=\"wp-block-column is-layout-flow wp-block-column-is-layout-flow\" style=\"flex-basis:33.33%\"><div class=\"wp-block-image\">\n<figure class=\"aligncenter size-full\"><img decoding=\"async\" width=\"64\" height=\"64\" src=\"https:\/\/utla.edu.sv\/wp-content\/uploads\/2023\/07\/formulario2.png\" alt=\"\" class=\"wp-image-879\"\/><\/figure>\n<\/div>\n\n\n<div class=\"wp-block-buttons is-content-justification-center is-layout-flex wp-container-core-buttons-is-layout-16018d1d wp-block-buttons-is-layout-flex\">\n<div class=\"wp-block-button is-style-primary\"><a class=\"wp-block-button__link has-nv-site-bg-color has-text-color has-background wp-element-button\" href=\"https:\/\/forms.office.com\/Pages\/ResponsePage.aspx?id=Yhee4LR5rkuXYRVm9CDcfMc2O-rYzKlAsgVgTe7lr7lUNEFaUUk4QlJNMzMzSk5DWFdZRjVOREo2MC4u\" style=\"background-color:#83c89c\" target=\"_blank\" rel=\"noreferrer noopener\">FORMULARIO<\/a><\/div>\n<\/div>\n<\/div>\n<\/div>\n\n\n\n<figure class=\"wp-block-pullquote\"><blockquote><p><strong>Ofertas Laborales<\/strong><\/p><cite><strong>Si deseas aplicar, puedes enviar tu hoja de vida a los contactos correspondientes<\/strong><\/cite><\/blockquote><\/figure>\n\n\n\n<div class=\"wp-block-columns is-layout-flex wp-container-core-columns-is-layout-9d6595d7 wp-block-columns-is-layout-flex\">\n<div class=\"wp-block-column is-layout-flow wp-block-column-is-layout-flow\">\n<figure class=\"wp-block-image size-large\"><img fetchpriority=\"high\" decoding=\"async\" width=\"1024\" height=\"843\" src=\"http:\/\/utla.edu.sv\/wp-content\/uploads\/2023\/07\/OFERTAS-LABORALES-2023-1024x843.png\" alt=\"\" class=\"wp-image-851\" srcset=\"https:\/\/utla.edu.sv\/wp-content\/uploads\/2023\/07\/OFERTAS-LABORALES-2023-1024x843.png 1024w, https:\/\/utla.edu.sv\/wp-content\/uploads\/2023\/07\/OFERTAS-LABORALES-2023-300x247.png 300w, https:\/\/utla.edu.sv\/wp-content\/uploads\/2023\/07\/OFERTAS-LABORALES-2023-768x632.png 768w, https:\/\/utla.edu.sv\/wp-content\/uploads\/2023\/07\/OFERTAS-LABORALES-2023-1536x1265.png 1536w, https:\/\/utla.edu.sv\/wp-content\/uploads\/2023\/07\/OFERTAS-LABORALES-2023.png 2000w\" sizes=\"(max-width: 1024px) 100vw, 1024px\" \/><\/figure>\n<\/div>\n\n\n\n<div class=\"wp-block-column is-layout-flow wp-block-column-is-layout-flow\">\n<figure class=\"wp-block-image size-large\"><img decoding=\"async\" width=\"1024\" height=\"843\" src=\"http:\/\/utla.edu.sv\/wp-content\/uploads\/2023\/07\/OFERTAS-LABORALES-2023-1-1024x843.png\" alt=\"\" class=\"wp-image-852\" srcset=\"https:\/\/utla.edu.sv\/wp-content\/uploads\/2023\/07\/OFERTAS-LABORALES-2023-1-1024x843.png 1024w, https:\/\/utla.edu.sv\/wp-content\/uploads\/2023\/07\/OFERTAS-LABORALES-2023-1-300x247.png 300w, https:\/\/utla.edu.sv\/wp-content\/uploads\/2023\/07\/OFERTAS-LABORALES-2023-1-768x632.png 768w, https:\/\/utla.edu.sv\/wp-content\/uploads\/2023\/07\/OFERTAS-LABORALES-2023-1-1536x1265.png 1536w, https:\/\/utla.edu.sv\/wp-content\/uploads\/2023\/07\/OFERTAS-LABORALES-2023-1.png 2000w\" sizes=\"(max-width: 1024px) 100vw, 1024px\" \/><\/figure>\n<\/div>\n<\/div>\n\n\n\n<div class=\"wp-block-columns is-layout-flex wp-container-core-columns-is-layout-9d6595d7 wp-block-columns-is-layout-flex\">\n<div class=\"wp-block-column is-layout-flow wp-block-column-is-layout-flow\"><div class=\"wp-block-image\">\n<figure class=\"aligncenter size-full\"><img loading=\"lazy\" decoding=\"async\" width=\"940\" height=\"788\" src=\"http:\/\/utla.edu.sv\/wp-content\/uploads\/2023\/07\/OFERTAS-DE-TRABAJO-2022-15.png\" alt=\"\" class=\"wp-image-853\" srcset=\"https:\/\/utla.edu.sv\/wp-content\/uploads\/2023\/07\/OFERTAS-DE-TRABAJO-2022-15.png 940w, https:\/\/utla.edu.sv\/wp-content\/uploads\/2023\/07\/OFERTAS-DE-TRABAJO-2022-15-300x251.png 300w, https:\/\/utla.edu.sv\/wp-content\/uploads\/2023\/07\/OFERTAS-DE-TRABAJO-2022-15-768x644.png 768w\" sizes=\"(max-width: 940px) 100vw, 940px\" \/><\/figure>\n<\/div><\/div>\n<\/div>\n","protected":false},"excerpt":{"rendered":"<p>Bolsa de Empleo Como Universidad, apoyamos y contribuimos a la empleabilidad de nuestros estudiantes, por lo que hemos creado la Bolsa de empleo UTLA. En la que encontraras ofertas de empleo actuales; as\u00ed como tambi\u00e9n puedes ser parte de nuestra base de datos para empresas que requieran un perfil en espec\u00edfico y as\u00ed nosotros poder compartirlo. Bandeja de hoja de vida Si deseas ser parte de nuestra base de datos, puedes completar el siguiente formulario Ofertas Laborales Si deseas aplicar, puedes enviar tu hoja de vida a los contactos correspondientes<\/p>\n","protected":false},"author":2,"featured_media":0,"parent":0,"menu_order":0,"comment_status":"closed","ping_status":"closed","template":"","meta":{"_monsterinsights_skip_tracking":false,"_monsterinsights_sitenote_active":false,"_monsterinsights_sitenote_note":"","_monsterinsights_sitenote_category":0,"neve_meta_sidebar":"","neve_meta_container":"default","neve_meta_enable_content_width":"","neve_meta_content_width":0,"neve_meta_title_alignment":"","neve_meta_author_avatar":"","neve_post_elements_order":"","neve_meta_disable_header":"off","neve_meta_disable_footer":"","neve_meta_disable_title":"on","footnotes":""},"class_list":["post-842","page","type-page","status-publish","hentry"],"_links":{"self":[{"href":"https:\/\/utla.edu.sv\/index.php?rest_route=\/wp\/v2\/pages\/842","targetHints":{"allow":["GET"]}}],"collection":[{"href":"https:\/\/utla.edu.sv\/index.php?rest_route=\/wp\/v2\/pages"}],"about":[{"href":"https:\/\/utla.edu.sv\/index.php?rest_route=\/wp\/v2\/types\/page"}],"author":[{"embeddable":true,"href":"https:\/\/utla.edu.sv\/index.php?rest_route=\/wp\/v2\/users\/2"}],"replies":[{"embeddable":true,"href":"https:\/\/utla.edu.sv\/index.php?rest_route=%2Fwp%2Fv2%2Fcomments&post=842"}],"version-history":[{"count":16,"href":"https:\/\/utla.edu.sv\/index.php?rest_route=\/wp\/v2\/pages\/842\/revisions"}],"predecessor-version":[{"id":881,"href":"https:\/\/utla.edu.sv\/index.php?rest_route=\/wp\/v2\/pages\/842\/revisions\/881"}],"wp:attachment":[{"href":"https:\/\/utla.edu.sv\/index.php?rest_route=%2Fwp%2Fv2%2Fmedia&parent=842"}],"curies":[{"name":"wp","href":"https:\/\/api.w.org\/{rel}","templated":true}]}}